{"id":37976,"date":"2025-09-06T17:40:25","date_gmt":"2025-09-06T17:40:25","guid":{"rendered":"https:\/\/chilimag.hu\/webshop\/?post_type=product&#038;p=37976"},"modified":"2025-09-06T17:40:25","modified_gmt":"2025-09-06T17:40:25","slug":"locsolo-kanna-5l-sl","status":"publish","type":"product","link":"https:\/\/chilimag.hu\/webshop\/termek\/locsolo-kanna-5l-sl\/","title":{"rendered":"Locsol\u00f3 kanna 5l SL"},"content":{"rendered":"","protected":false},"excerpt":{"rendered":"<p><strong>Term\u00e9kle\u00edr\u00e1s<\/strong><\/p>\n<p>Vonz\u00f3 diz\u00e1jn\u00fa, tart\u00f3s m\u0171anyagb\u00f3l k\u00e9sz\u00fclt, praktikus \u00f6nt\u00f6z\u0151kanna n\u00f6v\u00e9nyek \u00f6nt\u00f6z\u00e9s\u00e9hez. Haszn\u00e1laton k\u00edv\u00fcl az \u00f6nt\u00f6z\u0151fej k\u00f6nnyen levehet\u0151 \u00e9s a cs\u0151 alj\u00e1hoz r\u00f6gz\u00edthet\u0151. A foganty\u00fa lehet\u0151v\u00e9 teszi az \u00f6nt\u00f6z\u0151kanna k\u00e9nyelmes haszn\u00e1lat\u00e1t b\u00e1rmilyen k\u00f6rnyezetben. Sz\u00edn: z\u00f6ld, \u0171rtartalom: 5 liter.<\/p>\n<p>M\u00e1rka: ZMM MAXPOL<br \/>\n\u0170rtartalom: 5 l<br \/>\nAnyag: m\u0171anyag<br \/>\nSz\u00edn: z\u00f6ld<\/p>\n<p>&nbsp;<\/p>\n<p>&nbsp;<\/p>\n","protected":false},"featured_media":37977,"comment_status":"closed","ping_status":"closed","template":"","meta":[],"product_brand":[],"product_cat":[467],"product_tag":[],"class_list":{"0":"post-37976","1":"product","2":"type-product","3":"status-publish","4":"has-post-thumbnail","6":"product_cat-locsolas-viz-es-talaj-vizsgalo-eszkozok","8":"first","9":"instock","10":"taxable","11":"shipping-taxable","12":"purchasable","13":"product-type-simple"},"_links":{"self":[{"href":"https:\/\/chilimag.hu\/webshop\/wp-json\/wp\/v2\/product\/37976","targetHints":{"allow":["GET"]}}],"collection":[{"href":"https:\/\/chilimag.hu\/webshop\/wp-json\/wp\/v2\/product"}],"about":[{"href":"https:\/\/chilimag.hu\/webshop\/wp-json\/wp\/v2\/types\/product"}],"replies":[{"embeddable":true,"href":"https:\/\/chilimag.hu\/webshop\/wp-json\/wp\/v2\/comments?post=37976"}],"wp:featuredmedia":[{"embeddable":true,"href":"https:\/\/chilimag.hu\/webshop\/wp-json\/wp\/v2\/media\/37977"}],"wp:attachment":[{"href":"https:\/\/chilimag.hu\/webshop\/wp-json\/wp\/v2\/media?parent=37976"}],"wp:term":[{"taxonomy":"product_brand","embeddable":true,"href":"https:\/\/chilimag.hu\/webshop\/wp-json\/wp\/v2\/product_brand?post=37976"},{"taxonomy":"product_cat","embeddable":true,"href":"https:\/\/chilimag.hu\/webshop\/wp-json\/wp\/v2\/product_cat?post=37976"},{"taxonomy":"product_tag","embeddable":true,"href":"https:\/\/chilimag.hu\/webshop\/wp-json\/wp\/v2\/product_tag?post=37976"}],"curies":[{"name":"wp","href":"https:\/\/api.w.org\/{rel}","templated":true}]}}