{"id":37972,"date":"2025-09-06T17:26:53","date_gmt":"2025-09-06T17:26:53","guid":{"rendered":"https:\/\/chilimag.hu\/webshop\/?post_type=product&#038;p=37972"},"modified":"2025-09-06T17:26:53","modified_gmt":"2025-09-06T17:26:53","slug":"mutragya-folyekony-viragzo-novenyekhez-agr-sl","status":"publish","type":"product","link":"https:\/\/chilimag.hu\/webshop\/termek\/mutragya-folyekony-viragzo-novenyekhez-agr-sl\/","title":{"rendered":"M\u0171tr\u00e1gya foly\u00e9kony vir\u00e1gz\u00f3 n\u00f6v\u00e9nyekhez AGR SL"},"content":{"rendered":"","protected":false},"excerpt":{"rendered":"<div class=\"thumbnail thumbnail-image\"><img decoding=\"async\" draggable=\"false\" src=\"https:\/\/chilimag.hu\/webshop\/wp-content\/uploads\/2025\/09\/AGRONOM-Logo-Color-300x171.jpg\" alt=\"\" \/><\/div>\n<div class=\"e-hint\">\n<div class=\"e-hint__container\" data-event=\"image_optimizer_hint\">\n<div class=\"elementor-control-notice elementor-control-notice-type-info\" data-display=\"true\">\n<div class=\"elementor-control-notice-icon\"><strong><strong>Term\u00e9kle\u00edr\u00e1s<\/strong><\/strong>VIR\u00c1GZ\u00d3 N\u00d6V\u00c9NYEK M\u0170TR\u00c1GYA<br \/>\nRagyog\u00f3 vir\u00e1gok minden nap.<br \/>\nFoly\u00e9kony komplex m\u0171tr\u00e1gya vir\u00e1gos n\u00f6v\u00e9nyeknek \u2013 t\u00e1panyagban gazdag formula, amelyet kifejezetten belt\u00e9ri, erk\u00e9ly- \u00e9s kerti vir\u00e1gokhoz fejlesztettek ki. Kiegyens\u00falyozott formul\u00e1ja hossz\u00fa \u00e9s intenz\u00edv vir\u00e1gz\u00e1st biztos\u00edt.<br \/>\nMagas k\u00e1lium- \u00e9s foszfortartalom (P \u2013 7%, K \u2013 7%) \u2013 serkenti a vir\u00e1gk\u00e9pz\u0151d\u00e9st, jav\u00edtja a sz\u00ednt \u00e9s meghosszabb\u00edtja a vir\u00e1gz\u00e1st.<br \/>\nM\u00e9rs\u00e9kelt nitrog\u00e9ntartalom (N \u2013 5%) \u2013 egyenletes n\u00f6veked\u00e9st biztos\u00edt t\u00falzott lev\u00e9ld\u00fasul\u00e1s n\u00e9lk\u00fcl.<br \/>\nKel\u00e1tk\u00f6t\u00e9s\u0171 mikrot\u00e1panyagok (Fe, Zn, Cu \u2013 EDTA) \u2013 seg\u00edtik a n\u00f6v\u00e9nyeket a t\u00e1panyagok felsz\u00edv\u00f3d\u00e1s\u00e1ban m\u00e9g neh\u00e9z k\u00f6r\u00fclm\u00e9nyek k\u00f6z\u00f6tt is. Az eredm\u00e9ny \u2013 er\u0151s, eg\u00e9szs\u00e9ges n\u00f6v\u00e9nyek \u00e9s \u00e9l\u00e9nk sz\u00edn\u0171 vir\u00e1gok.<br \/>\nAlacsony kadmium- \u00e9s kloridtartalom \u2013 biztons\u00e1gosan haszn\u00e1lhat\u00f3 belt\u00e9ren \u00e9s k\u00fclt\u00e9ren.<\/p>\n<p>M\u00e1rka: AGRONOM<br \/>\nM\u0171tr\u00e1gya t\u00edpusa: Foly\u00e9kony<br \/>\nM\u0171tr\u00e1gya szezonalit\u00e1sa: Eg\u00e9sz \u00e9ves tr\u00e1gy\u00e1z\u00e1s<br \/>\nC\u00e9l: Vir\u00e1gz\u00f3 n\u00f6v\u00e9nyek tr\u00e1gy\u00e1ja<br \/>\nKiszerel\u00e9s: 1 l<\/p>\n<\/div>\n<div><\/div>\n<div class=\"elementor-control-notice-main action-handler\" data-event=\"image_optimizer_hint\" data-settings=\"eyJhY3Rpb25fdXJsIjoiaHR0cHM6XC9cL2NoaWxpbWFnLmh1XC93ZWJzaG9wXC93cC1hZG1pblwvdXBkYXRlLnBocD9hY3Rpb249aW5zdGFsbC1wbHVnaW4mYW1wO3BsdWdpbj1pbWFnZS1vcHRpbWl6YXRpb24mYW1wO193cG5vbmNlPWVlNTlhYmZhZDUifQ==\"><\/div>\n<\/div>\n<\/div>\n<\/div>\n","protected":false},"featured_media":37973,"comment_status":"closed","ping_status":"closed","template":"","meta":[],"product_brand":[],"product_cat":[388],"product_tag":[],"class_list":{"0":"post-37972","1":"product","2":"type-product","3":"status-publish","4":"has-post-thumbnail","6":"product_cat-agronom-tapoldatok-es-noveny-apolok","8":"first","9":"instock","10":"taxable","11":"shipping-taxable","12":"purchasable","13":"product-type-simple"},"_links":{"self":[{"href":"https:\/\/chilimag.hu\/webshop\/wp-json\/wp\/v2\/product\/37972","targetHints":{"allow":["GET"]}}],"collection":[{"href":"https:\/\/chilimag.hu\/webshop\/wp-json\/wp\/v2\/product"}],"about":[{"href":"https:\/\/chilimag.hu\/webshop\/wp-json\/wp\/v2\/types\/product"}],"replies":[{"embeddable":true,"href":"https:\/\/chilimag.hu\/webshop\/wp-json\/wp\/v2\/comments?post=37972"}],"wp:featuredmedia":[{"embeddable":true,"href":"https:\/\/chilimag.hu\/webshop\/wp-json\/wp\/v2\/media\/37973"}],"wp:attachment":[{"href":"https:\/\/chilimag.hu\/webshop\/wp-json\/wp\/v2\/media?parent=37972"}],"wp:term":[{"taxonomy":"product_brand","embeddable":true,"href":"https:\/\/chilimag.hu\/webshop\/wp-json\/wp\/v2\/product_brand?post=37972"},{"taxonomy":"product_cat","embeddable":true,"href":"https:\/\/chilimag.hu\/webshop\/wp-json\/wp\/v2\/product_cat?post=37972"},{"taxonomy":"product_tag","embeddable":true,"href":"https:\/\/chilimag.hu\/webshop\/wp-json\/wp\/v2\/product_tag?post=37972"}],"curies":[{"name":"wp","href":"https:\/\/api.w.org\/{rel}","templated":true}]}}