{"id":37962,"date":"2025-09-06T16:46:31","date_gmt":"2025-09-06T16:46:31","guid":{"rendered":"https:\/\/chilimag.hu\/webshop\/?post_type=product&#038;p=37962"},"modified":"2025-09-06T16:47:41","modified_gmt":"2025-09-06T16:47:41","slug":"37962","status":"publish","type":"product","link":"https:\/\/chilimag.hu\/webshop\/termek\/37962\/","title":{"rendered":"Csirketr\u00e1gya 25 kg BIO  SL"},"content":{"rendered":"","protected":false},"excerpt":{"rendered":"<p><strong>Term\u00e9kle\u00edr\u00e1s<\/strong><\/p>\n<p>Csirketr\u00e1gya komposzt\u00e1l\u00e1s\u00e1val \u00e9s sz\u00e1r\u00edt\u00e1s\u00e1val el\u0151\u00e1ll\u00edtott szerves komplex m\u0171tr\u00e1gya. Ez a m\u0171tr\u00e1gyat\u00edpus magas nitrog\u00e9ntartalm\u00fa, de foszfort \u00e9s k\u00e1liumot is tartalmaz. A magas nitrog\u00e9ntartalom biztos\u00edtja a z\u00f6ldt\u00f6meg gyors fejl\u0151d\u00e9s\u00e9t. \u00d6sszet\u00e9tel\u00fcknek k\u00f6sz\u00f6nhet\u0151en az ilyen m\u0171tr\u00e1gy\u00e1kat univerz\u00e1lisnak tekintik.<\/p>\n<p>M\u00e1rka Samagro<br \/>\nHozz\u00e1vet\u0151leges term\u00e9kmennyis\u00e9g 25 kg ~ 175 m\u00b2<br \/>\nM\u0171tr\u00e1gya t\u00edpusa: Kiszerelt<br \/>\nM\u0171tr\u00e1gya szezonalit\u00e1sa: \u0150szi tr\u00e1gy\u00e1z\u00e1s, Tavaszi tr\u00e1gy\u00e1z\u00e1s<br \/>\nKiszerel\u00e9s: 25 kg<br \/>\nNPK NPK 4-3-2<\/p>\n<p>&nbsp;<\/p>\n","protected":false},"featured_media":37963,"comment_status":"closed","ping_status":"closed","template":"","meta":[],"product_brand":[],"product_cat":[391],"product_tag":[],"class_list":{"0":"post-37962","1":"product","2":"type-product","3":"status-publish","4":"has-post-thumbnail","6":"product_cat-egyeb-tapoldatok","8":"first","9":"instock","10":"taxable","11":"shipping-taxable","12":"purchasable","13":"product-type-simple"},"_links":{"self":[{"href":"https:\/\/chilimag.hu\/webshop\/wp-json\/wp\/v2\/product\/37962","targetHints":{"allow":["GET"]}}],"collection":[{"href":"https:\/\/chilimag.hu\/webshop\/wp-json\/wp\/v2\/product"}],"about":[{"href":"https:\/\/chilimag.hu\/webshop\/wp-json\/wp\/v2\/types\/product"}],"replies":[{"embeddable":true,"href":"https:\/\/chilimag.hu\/webshop\/wp-json\/wp\/v2\/comments?post=37962"}],"wp:featuredmedia":[{"embeddable":true,"href":"https:\/\/chilimag.hu\/webshop\/wp-json\/wp\/v2\/media\/37963"}],"wp:attachment":[{"href":"https:\/\/chilimag.hu\/webshop\/wp-json\/wp\/v2\/media?parent=37962"}],"wp:term":[{"taxonomy":"product_brand","embeddable":true,"href":"https:\/\/chilimag.hu\/webshop\/wp-json\/wp\/v2\/product_brand?post=37962"},{"taxonomy":"product_cat","embeddable":true,"href":"https:\/\/chilimag.hu\/webshop\/wp-json\/wp\/v2\/product_cat?post=37962"},{"taxonomy":"product_tag","embeddable":true,"href":"https:\/\/chilimag.hu\/webshop\/wp-json\/wp\/v2\/product_tag?post=37962"}],"curies":[{"name":"wp","href":"https:\/\/api.w.org\/{rel}","templated":true}]}}