{"id":37959,"date":"2025-09-06T16:43:06","date_gmt":"2025-09-06T16:43:06","guid":{"rendered":"https:\/\/chilimag.hu\/webshop\/?post_type=product&#038;p=37959"},"modified":"2026-03-16T16:16:01","modified_gmt":"2026-03-16T16:16:01","slug":"vervoros-tuzeso-z-s-sl","status":"publish","type":"product","link":"https:\/\/chilimag.hu\/webshop\/termek\/vervoros-tuzeso-z-s-sl\/","title":{"rendered":"V\u00e9rv\u00f6r\u00f6s t\u0171zes\u0151 Firefly Z.S SL"},"content":{"rendered":"","protected":false},"excerpt":{"rendered":"<div class=\"thumbnail thumbnail-image\"><img decoding=\"async\" draggable=\"false\" src=\"https:\/\/chilimag.hu\/webshop\/wp-content\/uploads\/2025\/09\/zalia_stotele_2-300x300.png\" alt=\"\" \/><\/div>\n<div class=\"e-hint\">\n<div class=\"e-hint__container\" data-event=\"image_optimizer_hint\">\n<div class=\"elementor-control-notice elementor-control-notice-type-info\" data-display=\"true\">\n<div class=\"elementor-control-notice-main action-handler\" data-event=\"image_optimizer_hint\" data-settings=\"eyJhY3Rpb25fdXJsIjoiaHR0cHM6XC9cL2NoaWxpbWFnLmh1XC93ZWJzaG9wXC93cC1hZG1pblwvdXBkYXRlLnBocD9hY3Rpb249aW5zdGFsbC1wbHVnaW4mYW1wO3BsdWdpbj1pbWFnZS1vcHRpbWl6YXRpb24mYW1wO193cG5vbmNlPWVlNTlhYmZhZDUifQ==\"><\/div>\n<\/div>\n<\/div>\n<\/div>\n<p><strong>Term\u00e9kle\u00edr\u00e1s<\/strong><\/p>\n<p>\u00c9vel\u0151, 50 cm-es vir\u00e1gok. D\u00edszes levelei miatt eg\u00e9sz szezonban kedvelt. Levelei enyh\u00e9n csipk\u00e9zettek, sz\u00edv alak\u00faak. A vir\u00e1gok harang alak\u00faak, magas, v\u00e9kony sz\u00e1rakba koncentr\u00e1l\u00f3dnak. Cser\u00e9pben, t\u00e1lc\u00e1kban, vir\u00e1goskertekben termeszthet\u0151. Csoportosan \u00fcltetve t\u00f6k\u00e9letesen kieg\u00e9sz\u00edti a t\u00f6bbi vir\u00e1got, h\u00e1tt\u00e9rn\u00f6v\u00e9nyk\u00e9nt is haszn\u00e1lhat\u00f3. \u00c1rny\u00e9kos, nedves talajban is j\u00f3l fejl\u0151dik. Ugyanazon a helyen t\u00f6bb mint egy \u00e9vig termeszthet\u0151.<\/p>\n<p>L\u00e9gmentes csomagol\u00e1s: Igen<br \/>\nMagok sz\u00e1ma grammonk\u00e9nt ~25000<br \/>\nPal\u00e1ntanevel\u00e9si id\u0151: IV-VI<br \/>\nT\u00e1p\u00e9rt\u00e9k, cm: 30&#215;40<br \/>\nVir\u00e1gz\u00e1si id\u0151szak: VI-VII<br \/>\nM\u00e1rka: \u017dalia stotel\u0117<br \/>\n\u00dcltettet\u00e9s: IV-V<br \/>\nNapos hely: Igen<br \/>\nF\u00e9l\u00e1rny\u00e9kos: Igen<br \/>\nVeget\u00e1ci\u00f3: \u00c9vel\u0151<br \/>\nVir\u00e1g\u00e1gy\u00e1sokba termeszt\u00e9sre alkalmas<\/p>\n<p>&nbsp;<\/p>\n","protected":false},"featured_media":37960,"comment_status":"closed","ping_status":"closed","template":"","meta":[],"product_brand":[],"product_cat":[363],"product_tag":[],"class_list":{"0":"post-37959","1":"product","2":"type-product","3":"status-publish","4":"has-post-thumbnail","6":"product_cat-virag-vetomagok-zalia-stotele","8":"first","9":"instock","10":"taxable","11":"shipping-taxable","12":"purchasable","13":"product-type-simple"},"_links":{"self":[{"href":"https:\/\/chilimag.hu\/webshop\/wp-json\/wp\/v2\/product\/37959","targetHints":{"allow":["GET"]}}],"collection":[{"href":"https:\/\/chilimag.hu\/webshop\/wp-json\/wp\/v2\/product"}],"about":[{"href":"https:\/\/chilimag.hu\/webshop\/wp-json\/wp\/v2\/types\/product"}],"replies":[{"embeddable":true,"href":"https:\/\/chilimag.hu\/webshop\/wp-json\/wp\/v2\/comments?post=37959"}],"wp:featuredmedia":[{"embeddable":true,"href":"https:\/\/chilimag.hu\/webshop\/wp-json\/wp\/v2\/media\/37960"}],"wp:attachment":[{"href":"https:\/\/chilimag.hu\/webshop\/wp-json\/wp\/v2\/media?parent=37959"}],"wp:term":[{"taxonomy":"product_brand","embeddable":true,"href":"https:\/\/chilimag.hu\/webshop\/wp-json\/wp\/v2\/product_brand?post=37959"},{"taxonomy":"product_cat","embeddable":true,"href":"https:\/\/chilimag.hu\/webshop\/wp-json\/wp\/v2\/product_cat?post=37959"},{"taxonomy":"product_tag","embeddable":true,"href":"https:\/\/chilimag.hu\/webshop\/wp-json\/wp\/v2\/product_tag?post=37959"}],"curies":[{"name":"wp","href":"https:\/\/api.w.org\/{rel}","templated":true}]}}