{"id":37950,"date":"2025-09-06T16:16:02","date_gmt":"2025-09-06T16:16:02","guid":{"rendered":"https:\/\/chilimag.hu\/webshop\/?post_type=product&#038;p=37950"},"modified":"2026-03-12T22:39:50","modified_gmt":"2026-03-12T22:39:50","slug":"repa-katrin-ow-ugarden","status":"publish","type":"product","link":"https:\/\/chilimag.hu\/webshop\/termek\/repa-katrin-ow-ugarden\/","title":{"rendered":"S\u00e1rgar\u00e9pa Katrin OW UGarden"},"content":{"rendered":"","protected":false},"excerpt":{"rendered":"<p><img fetchpriority=\"high\" decoding=\"async\" id=\"logo\" src=\"https:\/\/www.organic-way.eu\/wp-content\/uploads\/2023\/02\/Organic-Way.webp\" alt=\"Organic Way\" width=\"548\" height=\"282\" data-height-percentage=\"54\" data-actual-width=\"548\" data-actual-height=\"282\" \/><\/p>\n<p><strong>Term\u00e9kle\u00edr\u00e1s<\/strong><\/p>\n<p>KATRIN S\u00c1RGAR\u00c9PA<br \/>\nKorai fajta, kiv\u00e9teles \u00edzzel. Gy\u00f6kerei r\u00f6videk, 11\u201313 cm hossz\u00faak, sima fel\u00fclet\u0171ek, a gy\u00f6k\u00e9r fels\u0151 r\u00e9sze nem z\u00f6ld\u00fcl meg. 95\u2013105 nap alatt \u00e9rik be. A s\u00e1rgar\u00e9p\u00e1t frissen fogyasztj\u00e1k \u00e9s t\u00e9lire t\u00e1rolj\u00e1k.<\/p>\n<p>Magok sz\u00e1ma grammonk\u00e9nt 800-1000<br \/>\nVet\u00e9si id\u0151 a talajban V-VI, X<br \/>\nT\u00e1vols\u00e1gok, cm 20&#215;5<br \/>\nBetakar\u00edt\u00e1s IX-X<br \/>\nTermesztet\u0151 hely: Mez\u0151<br \/>\nM\u00e1rka: URBAN GARDEN<br \/>\nSz\u00edn: Narancss\u00e1rga<br \/>\nN\u00f6veked\u00e9si k\u00f6r\u00fclm\u00e9nyek: Napos<\/p>\n<p>&nbsp;<\/p>\n<p>&nbsp;<\/p>\n","protected":false},"featured_media":37951,"comment_status":"closed","ping_status":"closed","template":"","meta":[],"product_brand":[],"product_cat":[354],"product_tag":[],"class_list":{"0":"post-37950","1":"product","2":"type-product","3":"status-publish","4":"has-post-thumbnail","6":"product_cat-organic-way","8":"first","9":"instock","10":"taxable","11":"shipping-taxable","12":"purchasable","13":"product-type-simple"},"_links":{"self":[{"href":"https:\/\/chilimag.hu\/webshop\/wp-json\/wp\/v2\/product\/37950","targetHints":{"allow":["GET"]}}],"collection":[{"href":"https:\/\/chilimag.hu\/webshop\/wp-json\/wp\/v2\/product"}],"about":[{"href":"https:\/\/chilimag.hu\/webshop\/wp-json\/wp\/v2\/types\/product"}],"replies":[{"embeddable":true,"href":"https:\/\/chilimag.hu\/webshop\/wp-json\/wp\/v2\/comments?post=37950"}],"wp:featuredmedia":[{"embeddable":true,"href":"https:\/\/chilimag.hu\/webshop\/wp-json\/wp\/v2\/media\/37951"}],"wp:attachment":[{"href":"https:\/\/chilimag.hu\/webshop\/wp-json\/wp\/v2\/media?parent=37950"}],"wp:term":[{"taxonomy":"product_brand","embeddable":true,"href":"https:\/\/chilimag.hu\/webshop\/wp-json\/wp\/v2\/product_brand?post=37950"},{"taxonomy":"product_cat","embeddable":true,"href":"https:\/\/chilimag.hu\/webshop\/wp-json\/wp\/v2\/product_cat?post=37950"},{"taxonomy":"product_tag","embeddable":true,"href":"https:\/\/chilimag.hu\/webshop\/wp-json\/wp\/v2\/product_tag?post=37950"}],"curies":[{"name":"wp","href":"https:\/\/api.w.org\/{rel}","templated":true}]}}