{"id":37948,"date":"2025-09-06T16:10:38","date_gmt":"2025-09-06T16:10:38","guid":{"rendered":"https:\/\/chilimag.hu\/webshop\/?post_type=product&#038;p=37948"},"modified":"2026-03-31T12:29:13","modified_gmt":"2026-03-31T12:29:13","slug":"paprika-birds-eye-ow-garden","status":"publish","type":"product","link":"https:\/\/chilimag.hu\/webshop\/termek\/paprika-birds-eye-ow-garden\/","title":{"rendered":"Paprika Birds Eye OW Garden"},"content":{"rendered":"","protected":false},"excerpt":{"rendered":"<p><img fetchpriority=\"high\" decoding=\"async\" id=\"logo\" src=\"https:\/\/www.organic-way.eu\/wp-content\/uploads\/2023\/02\/Organic-Way.webp\" alt=\"Organic Way\" width=\"548\" height=\"282\" data-height-percentage=\"54\" data-actual-width=\"548\" data-actual-height=\"282\" \/><\/p>\n<p><strong>Term\u00e9kle\u00edr\u00e1s<\/strong><\/p>\n<p>CS\u00cdP\u0150S PAPRIKA BIRDS EYE<br \/>\nKompakt n\u00f6v\u00e9nyek, cserepes termeszt\u00e9sre alkalmasak. A gy\u00fcm\u00f6lcs\u00f6k kicsik, de nagyon cs\u00edp\u0151sek, 2\u20133 cm hossz\u00faak, \u00e9s egyetlen n\u00f6v\u00e9ny 100 vagy t\u00f6bb gy\u00fcm\u00f6lcs\u00f6t terem. A paprik\u00e1t frissen fogyasztj\u00e1k, sals\u00e1kban haszn\u00e1lj\u00e1k, vagy sz\u00e1r\u00edtva \u00e9s tart\u00f3s\u00edtva tart\u00f3s\u00edtj\u00e1k.<\/p>\n<p>Magok sz\u00e1ma grammonk\u00e9nt 180<br \/>\nPal\u00e1ntanevel\u00e9si id\u0151 III-IV<br \/>\nVet\u00e9si id\u0151 \u00fcvegh\u00e1zban III-IV<br \/>\nT\u00e1p\u00e9rt\u00e9k, cm 40&#215;40<br \/>\nSz\u00fcret VII-VIII<br \/>\nN\u00f6veked\u00e9si hely: Cser\u00e9pben, Erk\u00e9lyen, \u00dcvegh\u00e1zban, Szabadf\u00f6ld\u00f6n<br \/>\nM\u00e1rka: URBAN GARDEN<br \/>\n\u00dcltetv\u00e9ny: V-VI<br \/>\nSz\u00edn: Piros<br \/>\nN\u00f6veked\u00e9si k\u00f6r\u00fclm\u00e9nyek: Napos<\/p>\n<p>&nbsp;<\/p>\n<p>&nbsp;<\/p>\n","protected":false},"featured_media":37949,"comment_status":"closed","ping_status":"closed","template":"","meta":[],"product_brand":[],"product_cat":[354],"product_tag":[],"class_list":{"0":"post-37948","1":"product","2":"type-product","3":"status-publish","4":"has-post-thumbnail","6":"product_cat-organic-way","8":"first","9":"instock","10":"taxable","11":"shipping-taxable","12":"purchasable","13":"product-type-simple"},"_links":{"self":[{"href":"https:\/\/chilimag.hu\/webshop\/wp-json\/wp\/v2\/product\/37948","targetHints":{"allow":["GET"]}}],"collection":[{"href":"https:\/\/chilimag.hu\/webshop\/wp-json\/wp\/v2\/product"}],"about":[{"href":"https:\/\/chilimag.hu\/webshop\/wp-json\/wp\/v2\/types\/product"}],"replies":[{"embeddable":true,"href":"https:\/\/chilimag.hu\/webshop\/wp-json\/wp\/v2\/comments?post=37948"}],"wp:featuredmedia":[{"embeddable":true,"href":"https:\/\/chilimag.hu\/webshop\/wp-json\/wp\/v2\/media\/37949"}],"wp:attachment":[{"href":"https:\/\/chilimag.hu\/webshop\/wp-json\/wp\/v2\/media?parent=37948"}],"wp:term":[{"taxonomy":"product_brand","embeddable":true,"href":"https:\/\/chilimag.hu\/webshop\/wp-json\/wp\/v2\/product_brand?post=37948"},{"taxonomy":"product_cat","embeddable":true,"href":"https:\/\/chilimag.hu\/webshop\/wp-json\/wp\/v2\/product_cat?post=37948"},{"taxonomy":"product_tag","embeddable":true,"href":"https:\/\/chilimag.hu\/webshop\/wp-json\/wp\/v2\/product_tag?post=37948"}],"curies":[{"name":"wp","href":"https:\/\/api.w.org\/{rel}","templated":true}]}}