{"id":37944,"date":"2025-09-06T16:04:52","date_gmt":"2025-09-06T16:04:52","guid":{"rendered":"https:\/\/chilimag.hu\/webshop\/?post_type=product&#038;p=37944"},"modified":"2026-03-11T12:35:53","modified_gmt":"2026-03-11T12:35:53","slug":"borso-avola-ow-ugarden","status":"publish","type":"product","link":"https:\/\/chilimag.hu\/webshop\/termek\/borso-avola-ow-ugarden\/","title":{"rendered":"Bors\u00f3 Avola OW UGarden"},"content":{"rendered":"","protected":false},"excerpt":{"rendered":"<p><img fetchpriority=\"high\" decoding=\"async\" id=\"logo\" src=\"https:\/\/www.organic-way.eu\/wp-content\/uploads\/2023\/02\/Organic-Way.webp\" alt=\"Organic Way\" width=\"548\" height=\"282\" data-height-percentage=\"54\" data-actual-width=\"548\" data-actual-height=\"282\" \/><\/p>\n<p><strong>Term\u00e9kle\u00edr\u00e1s<\/strong><\/p>\n<p>BORS\u00d3 AVOLA<br \/>\nNagyon korai \u00e9s b\u0151term\u0151 fajta. A n\u00f6v\u00e9nyek nem ig\u00e9nyelnek t\u00e1maszt\u00e9kot, 50\u201360 cm magasra n\u0151nek. A h\u00fcvelyek k\u00f6zepes m\u00e9ret\u0171ek, 9\u201312 cm hossz\u00faak, 6\u20137 bors\u00f3t tartalmaznak. A bors\u00f3 nagyon \u00edzletes, frissen fogyaszthat\u00f3, fagyaszt\u00e1sra alkalmas. A kics\u00edr\u00e1zott bors\u00f3 \u20134 \u00b0C-ig b\u00edrja a fagyokat.<\/p>\n<p>Magok sz\u00e1ma grammonk\u00e9nt 3-6<br \/>\nVet\u00e9si id\u0151 a talajban III-IV<br \/>\nT\u00e1vols\u00e1gok, cm 40&#215;5<br \/>\nBetakar\u00edt\u00e1s VI-VII<br \/>\nTermesztet\u0151 hely T\u00e1bla<br \/>\nM\u00e1rka URBAN GARDEN<br \/>\nSz\u00edn Z\u00f6ld<br \/>\nN\u00f6veked\u00e9si k\u00f6r\u00fclm\u00e9nyek Napos<\/p>\n<p>&nbsp;<\/p>\n","protected":false},"featured_media":37945,"comment_status":"closed","ping_status":"closed","template":"","meta":[],"product_brand":[],"product_cat":[354],"product_tag":[],"class_list":{"0":"post-37944","1":"product","2":"type-product","3":"status-publish","4":"has-post-thumbnail","6":"product_cat-organic-way","8":"first","9":"instock","10":"taxable","11":"shipping-taxable","12":"purchasable","13":"product-type-simple"},"_links":{"self":[{"href":"https:\/\/chilimag.hu\/webshop\/wp-json\/wp\/v2\/product\/37944","targetHints":{"allow":["GET"]}}],"collection":[{"href":"https:\/\/chilimag.hu\/webshop\/wp-json\/wp\/v2\/product"}],"about":[{"href":"https:\/\/chilimag.hu\/webshop\/wp-json\/wp\/v2\/types\/product"}],"replies":[{"embeddable":true,"href":"https:\/\/chilimag.hu\/webshop\/wp-json\/wp\/v2\/comments?post=37944"}],"wp:featuredmedia":[{"embeddable":true,"href":"https:\/\/chilimag.hu\/webshop\/wp-json\/wp\/v2\/media\/37945"}],"wp:attachment":[{"href":"https:\/\/chilimag.hu\/webshop\/wp-json\/wp\/v2\/media?parent=37944"}],"wp:term":[{"taxonomy":"product_brand","embeddable":true,"href":"https:\/\/chilimag.hu\/webshop\/wp-json\/wp\/v2\/product_brand?post=37944"},{"taxonomy":"product_cat","embeddable":true,"href":"https:\/\/chilimag.hu\/webshop\/wp-json\/wp\/v2\/product_cat?post=37944"},{"taxonomy":"product_tag","embeddable":true,"href":"https:\/\/chilimag.hu\/webshop\/wp-json\/wp\/v2\/product_tag?post=37944"}],"curies":[{"name":"wp","href":"https:\/\/api.w.org\/{rel}","templated":true}]}}