{"id":37942,"date":"2025-09-06T15:59:56","date_gmt":"2025-09-06T15:59:56","guid":{"rendered":"https:\/\/chilimag.hu\/webshop\/?post_type=product&#038;p=37942"},"modified":"2026-02-24T21:28:33","modified_gmt":"2026-02-24T21:28:33","slug":"medvehagyma-ow-ugarden","status":"publish","type":"product","link":"https:\/\/chilimag.hu\/webshop\/termek\/medvehagyma-ow-ugarden\/","title":{"rendered":"Medvehagyma OW UGarden"},"content":{"rendered":"","protected":false},"excerpt":{"rendered":"<p><img fetchpriority=\"high\" decoding=\"async\" id=\"logo\" src=\"https:\/\/www.organic-way.eu\/wp-content\/uploads\/2023\/02\/Organic-Way.webp\" alt=\"Organic Way\" width=\"548\" height=\"282\" data-height-percentage=\"54\" data-actual-width=\"548\" data-actual-height=\"282\" \/><\/p>\n<p>Term\u00e9kle\u00edr\u00e1s<\/p>\n<p>MEDVEHAGYMA<br \/>\n\u00c9vel\u0151 n\u00f6v\u00e9nyek. A fokhagyma \u00edz\u0171 leveleket frissen, sz\u00e1r\u00edtva vagy fagyasztva fogyasztj\u00e1k. A fokhagym\u00e1t \u00e1rny\u00e9kos, nedves talaj\u00fa helyeken termesztik. A magokat szeptember v\u00e9g\u00e9t\u0151l november elej\u00e9ig k\u00f6zvetlen\u00fcl a talajba vetik (a magok cs\u00edr\u00e1z\u00e1s\u00e1hoz hideg sz\u00fcks\u00e9ges).<\/p>\n<p>Magok sz\u00e1ma grammonk\u00e9nt 200<br \/>\nVet\u00e9si id\u0151 a talajban IX-XI<br \/>\nT\u00e1vols\u00e1gok, cm 15&#215;10<br \/>\nBetakar\u00edt\u00e1s III-IV<br \/>\nTermesztet\u0151 hely T\u00e1bla<br \/>\nM\u00e1rka URBAN GARDEN<br \/>\nSz\u00edn Z\u00f6ld<br \/>\nN\u00f6veked\u00e9si k\u00f6r\u00fclm\u00e9nyek R\u00e9szleges \u00e1rny\u00e9k<\/p>\n<p>&nbsp;<\/p>\n","protected":false},"featured_media":37943,"comment_status":"closed","ping_status":"closed","template":"","meta":[],"product_brand":[],"product_cat":[354],"product_tag":[],"class_list":{"0":"post-37942","1":"product","2":"type-product","3":"status-publish","4":"has-post-thumbnail","6":"product_cat-organic-way","8":"first","9":"instock","10":"taxable","11":"shipping-taxable","12":"purchasable","13":"product-type-simple"},"_links":{"self":[{"href":"https:\/\/chilimag.hu\/webshop\/wp-json\/wp\/v2\/product\/37942","targetHints":{"allow":["GET"]}}],"collection":[{"href":"https:\/\/chilimag.hu\/webshop\/wp-json\/wp\/v2\/product"}],"about":[{"href":"https:\/\/chilimag.hu\/webshop\/wp-json\/wp\/v2\/types\/product"}],"replies":[{"embeddable":true,"href":"https:\/\/chilimag.hu\/webshop\/wp-json\/wp\/v2\/comments?post=37942"}],"wp:featuredmedia":[{"embeddable":true,"href":"https:\/\/chilimag.hu\/webshop\/wp-json\/wp\/v2\/media\/37943"}],"wp:attachment":[{"href":"https:\/\/chilimag.hu\/webshop\/wp-json\/wp\/v2\/media?parent=37942"}],"wp:term":[{"taxonomy":"product_brand","embeddable":true,"href":"https:\/\/chilimag.hu\/webshop\/wp-json\/wp\/v2\/product_brand?post=37942"},{"taxonomy":"product_cat","embeddable":true,"href":"https:\/\/chilimag.hu\/webshop\/wp-json\/wp\/v2\/product_cat?post=37942"},{"taxonomy":"product_tag","embeddable":true,"href":"https:\/\/chilimag.hu\/webshop\/wp-json\/wp\/v2\/product_tag?post=37942"}],"curies":[{"name":"wp","href":"https:\/\/api.w.org\/{rel}","templated":true}]}}