{"id":37940,"date":"2025-09-06T15:56:02","date_gmt":"2025-09-06T15:56:02","guid":{"rendered":"https:\/\/chilimag.hu\/webshop\/?post_type=product&#038;p=37940"},"modified":"2026-02-15T09:50:16","modified_gmt":"2026-02-15T09:50:16","slug":"pillangovirag-ow-ugarden","status":"publish","type":"product","link":"https:\/\/chilimag.hu\/webshop\/termek\/pillangovirag-ow-ugarden\/","title":{"rendered":"Pillang\u00f3vir\u00e1g OW UGarden"},"content":{"rendered":"","protected":false},"excerpt":{"rendered":"<p><img fetchpriority=\"high\" decoding=\"async\" id=\"logo\" src=\"https:\/\/www.organic-way.eu\/wp-content\/uploads\/2023\/02\/Organic-Way.webp\" alt=\"Organic Way\" width=\"548\" height=\"282\" data-height-percentage=\"54\" data-actual-width=\"548\" data-actual-height=\"282\" \/><\/p>\n<p><strong>Term\u00e9kle\u00edr\u00e1s<\/strong><\/p>\n<p>Pillang\u00f3vir\u00e1g \u00a0SENSATION<br \/>\nEgyny\u00e1ri vir\u00e1gok, 120 cm magasak, k\u00f6nnyen termeszthet\u0151k. Vir\u00e1g\u00e1gy\u00e1sokban \u00e9s parkos\u00edtott ter\u00fcleteken egyar\u00e1nt vonz\u00f3ak, a v\u00e1gott vir\u00e1gok sok\u00e1ig frissek maradnak. B\u0151s\u00e9gesen \u00e9s hosszabb ideig vir\u00e1goznak, \u00e9s k\u00f6nnyen termeszthet\u0151k. Jobban fejl\u0151dnek szeg\u00e9nyebb talajokon, mivel a term\u00e9keny talajokban kev\u00e9sb\u00e9 b\u0151s\u00e9ges a vir\u00e1gz\u00e1s.<\/p>\n<p>Magok sz\u00e1ma grammonk\u00e9nt 140<br \/>\nVet\u00e9si id\u0151 talajban IV-V<br \/>\nPal\u00e1ntanevel\u00e9s IV-V<br \/>\nVet\u00e9si id\u0151 \u00fcvegh\u00e1zban IV-V<br \/>\nT\u00e1p\u00e9rt\u00e9k, cm 40&#215;40<br \/>\nVir\u00e1gz\u00e1si id\u0151szak VI-IX<br \/>\nN\u00f6veked\u00e9si hely: Mez\u0151<br \/>\nM\u00e1rka: URBAN GARDEN<br \/>\n\u00dcltet\u00e9s: VI<br \/>\nBio: Igen<br \/>\nSz\u00edn: Vegyes<br \/>\nN\u00f6veked\u00e9si k\u00f6r\u00fclm\u00e9nyek: Napos<\/p>\n<p>&nbsp;<\/p>\n","protected":false},"featured_media":37941,"comment_status":"closed","ping_status":"closed","template":"","meta":[],"product_brand":[],"product_cat":[354],"product_tag":[],"class_list":{"0":"post-37940","1":"product","2":"type-product","3":"status-publish","4":"has-post-thumbnail","6":"product_cat-organic-way","8":"first","9":"instock","10":"taxable","11":"shipping-taxable","12":"purchasable","13":"product-type-simple"},"_links":{"self":[{"href":"https:\/\/chilimag.hu\/webshop\/wp-json\/wp\/v2\/product\/37940","targetHints":{"allow":["GET"]}}],"collection":[{"href":"https:\/\/chilimag.hu\/webshop\/wp-json\/wp\/v2\/product"}],"about":[{"href":"https:\/\/chilimag.hu\/webshop\/wp-json\/wp\/v2\/types\/product"}],"replies":[{"embeddable":true,"href":"https:\/\/chilimag.hu\/webshop\/wp-json\/wp\/v2\/comments?post=37940"}],"wp:featuredmedia":[{"embeddable":true,"href":"https:\/\/chilimag.hu\/webshop\/wp-json\/wp\/v2\/media\/37941"}],"wp:attachment":[{"href":"https:\/\/chilimag.hu\/webshop\/wp-json\/wp\/v2\/media?parent=37940"}],"wp:term":[{"taxonomy":"product_brand","embeddable":true,"href":"https:\/\/chilimag.hu\/webshop\/wp-json\/wp\/v2\/product_brand?post=37940"},{"taxonomy":"product_cat","embeddable":true,"href":"https:\/\/chilimag.hu\/webshop\/wp-json\/wp\/v2\/product_cat?post=37940"},{"taxonomy":"product_tag","embeddable":true,"href":"https:\/\/chilimag.hu\/webshop\/wp-json\/wp\/v2\/product_tag?post=37940"}],"curies":[{"name":"wp","href":"https:\/\/api.w.org\/{rel}","templated":true}]}}