{"id":37938,"date":"2025-09-06T15:52:22","date_gmt":"2025-09-06T15:52:22","guid":{"rendered":"https:\/\/chilimag.hu\/webshop\/?post_type=product&#038;p=37938"},"modified":"2025-09-06T15:52:22","modified_gmt":"2025-09-06T15:52:22","slug":"alacsony-viragmag-keverek-low-ow-ugarden","status":"publish","type":"product","link":"https:\/\/chilimag.hu\/webshop\/termek\/alacsony-viragmag-keverek-low-ow-ugarden\/","title":{"rendered":"Alacsony vir\u00e1gmag kever\u00e9k Low OW UGarden"},"content":{"rendered":"","protected":false},"excerpt":{"rendered":"<p><img fetchpriority=\"high\" decoding=\"async\" id=\"logo\" src=\"https:\/\/www.organic-way.eu\/wp-content\/uploads\/2023\/02\/Organic-Way.webp\" alt=\"Organic Way\" width=\"548\" height=\"282\" data-height-percentage=\"54\" data-actual-width=\"548\" data-actual-height=\"282\" \/><\/p>\n<p><strong><em>Term\u00e9kle\u00edr\u00e1s<\/em><\/strong><\/p>\n<p>VIR\u00c1GKEVER\u00c9K ALACSONY<br \/>\nSz\u00ednes vir\u00e1gkever\u00e9k, 30 cm magas, ny\u00e1ri vir\u00e1g\u00e1gy\u00e1sokba. Olyan fajokat tartalmaz, amelyek b\u0151s\u00e9gesen vir\u00e1goznak \u00e9s s\u0171r\u0171 sz\u0151nyeget alkotnak. Eg\u00e9sz ny\u00e1ron vir\u00e1gzik. A magok k\u00f6zvetlen\u00fcl a vir\u00e1g\u00e1gy\u00e1sba vethet\u0151k. A termeszt\u00e9shez napos, j\u00f3 v\u00edzelvezet\u00e9s\u0171 talajt v\u00e1lasszunk.<\/p>\n<p>Magok sz\u00e1ma grammonk\u00e9nt 320<br \/>\nVet\u00e9si id\u0151 a talajban V-VI,X<br \/>\nVir\u00e1gz\u00e1si id\u0151szak VI-IX<br \/>\nN\u00f6veked\u00e9si hely Cser\u00e9pben, \u00dcvegh\u00e1zban, Szabadf\u00f6ld\u00f6n<br \/>\nM\u00e1rka: URBAN GARDEN<br \/>\nBio Igen<br \/>\nSz\u00edn: Vegyes<br \/>\nN\u00f6veked\u00e9si k\u00f6r\u00fclm\u00e9nyek: R\u00e9szleges \u00e1rny\u00e9k<\/p>\n","protected":false},"featured_media":37939,"comment_status":"closed","ping_status":"closed","template":"","meta":[],"product_brand":[],"product_cat":[354],"product_tag":[],"class_list":{"0":"post-37938","1":"product","2":"type-product","3":"status-publish","4":"has-post-thumbnail","6":"product_cat-organic-way","8":"first","9":"instock","10":"taxable","11":"shipping-taxable","12":"purchasable","13":"product-type-simple"},"_links":{"self":[{"href":"https:\/\/chilimag.hu\/webshop\/wp-json\/wp\/v2\/product\/37938","targetHints":{"allow":["GET"]}}],"collection":[{"href":"https:\/\/chilimag.hu\/webshop\/wp-json\/wp\/v2\/product"}],"about":[{"href":"https:\/\/chilimag.hu\/webshop\/wp-json\/wp\/v2\/types\/product"}],"replies":[{"embeddable":true,"href":"https:\/\/chilimag.hu\/webshop\/wp-json\/wp\/v2\/comments?post=37938"}],"wp:featuredmedia":[{"embeddable":true,"href":"https:\/\/chilimag.hu\/webshop\/wp-json\/wp\/v2\/media\/37939"}],"wp:attachment":[{"href":"https:\/\/chilimag.hu\/webshop\/wp-json\/wp\/v2\/media?parent=37938"}],"wp:term":[{"taxonomy":"product_brand","embeddable":true,"href":"https:\/\/chilimag.hu\/webshop\/wp-json\/wp\/v2\/product_brand?post=37938"},{"taxonomy":"product_cat","embeddable":true,"href":"https:\/\/chilimag.hu\/webshop\/wp-json\/wp\/v2\/product_cat?post=37938"},{"taxonomy":"product_tag","embeddable":true,"href":"https:\/\/chilimag.hu\/webshop\/wp-json\/wp\/v2\/product_tag?post=37938"}],"curies":[{"name":"wp","href":"https:\/\/api.w.org\/{rel}","templated":true}]}}