{"id":37936,"date":"2025-09-06T15:48:12","date_gmt":"2025-09-06T15:48:12","guid":{"rendered":"https:\/\/chilimag.hu\/webshop\/?post_type=product&#038;p=37936"},"modified":"2026-03-31T12:29:13","modified_gmt":"2026-03-31T12:29:13","slug":"viragmag-keverek-elegance-ow-ugarden","status":"publish","type":"product","link":"https:\/\/chilimag.hu\/webshop\/termek\/viragmag-keverek-elegance-ow-ugarden\/","title":{"rendered":"Vir\u00e1gmag kever\u00e9k Elegance OW UGarden"},"content":{"rendered":"","protected":false},"excerpt":{"rendered":"<p><img fetchpriority=\"high\" decoding=\"async\" id=\"logo\" src=\"https:\/\/www.organic-way.eu\/wp-content\/uploads\/2023\/02\/Organic-Way.webp\" alt=\"Organic Way\" width=\"548\" height=\"282\" data-height-percentage=\"54\" data-actual-width=\"548\" data-actual-height=\"282\" \/><\/p>\n<p>Term\u00e9kle\u00edr\u00e1s<\/p>\n<p>VIR\u00c1GKEVER\u00c9K ELEGANCIA<br \/>\nSz\u00ednes vir\u00e1gkever\u00e9k, 60\u2013100 cm magas, ny\u00e1ri vir\u00e1g\u00e1gy\u00e1sokba. F\u0151leg apr\u00f3 vir\u00e1g\u00fa fajokat tartalmaz, melyeket sz\u00ednes vir\u00e1gok \u00e9s d\u00edszes lombozat jellemez. Eg\u00e9sz ny\u00e1ron vir\u00e1gzik. A magok k\u00f6zvetlen\u00fcl a vir\u00e1g\u00e1gy\u00e1sba vethet\u0151k.<\/p>\n<p>Magok sz\u00e1ma grammonk\u00e9nt 320<br \/>\nVet\u00e9si id\u0151 a talajban V-VI,X<br \/>\nVir\u00e1gz\u00e1si id\u0151szak VI-IX<br \/>\nN\u00f6veked\u00e9si hely: Mez\u0151<br \/>\nM\u00e1rka: URBAN GARDEN<br \/>\nBio: Igen<br \/>\nSz\u00edn: Vegyes<br \/>\nN\u00f6veked\u00e9si k\u00f6r\u00fclm\u00e9nyek: R\u00e9szleges \u00e1rny\u00e9k<\/p>\n<p>&nbsp;<\/p>\n","protected":false},"featured_media":37937,"comment_status":"closed","ping_status":"closed","template":"","meta":[],"product_brand":[],"product_cat":[354],"product_tag":[],"class_list":{"0":"post-37936","1":"product","2":"type-product","3":"status-publish","4":"has-post-thumbnail","6":"product_cat-organic-way","8":"first","9":"instock","10":"taxable","11":"shipping-taxable","12":"purchasable","13":"product-type-simple"},"_links":{"self":[{"href":"https:\/\/chilimag.hu\/webshop\/wp-json\/wp\/v2\/product\/37936","targetHints":{"allow":["GET"]}}],"collection":[{"href":"https:\/\/chilimag.hu\/webshop\/wp-json\/wp\/v2\/product"}],"about":[{"href":"https:\/\/chilimag.hu\/webshop\/wp-json\/wp\/v2\/types\/product"}],"replies":[{"embeddable":true,"href":"https:\/\/chilimag.hu\/webshop\/wp-json\/wp\/v2\/comments?post=37936"}],"wp:featuredmedia":[{"embeddable":true,"href":"https:\/\/chilimag.hu\/webshop\/wp-json\/wp\/v2\/media\/37937"}],"wp:attachment":[{"href":"https:\/\/chilimag.hu\/webshop\/wp-json\/wp\/v2\/media?parent=37936"}],"wp:term":[{"taxonomy":"product_brand","embeddable":true,"href":"https:\/\/chilimag.hu\/webshop\/wp-json\/wp\/v2\/product_brand?post=37936"},{"taxonomy":"product_cat","embeddable":true,"href":"https:\/\/chilimag.hu\/webshop\/wp-json\/wp\/v2\/product_cat?post=37936"},{"taxonomy":"product_tag","embeddable":true,"href":"https:\/\/chilimag.hu\/webshop\/wp-json\/wp\/v2\/product_tag?post=37936"}],"curies":[{"name":"wp","href":"https:\/\/api.w.org\/{rel}","templated":true}]}}