{"id":37934,"date":"2025-09-06T15:42:57","date_gmt":"2025-09-06T15:42:57","guid":{"rendered":"https:\/\/chilimag.hu\/webshop\/?post_type=product&#038;p=37934"},"modified":"2026-03-03T07:14:54","modified_gmt":"2026-03-03T07:14:54","slug":"salata-beata-jegsalata-ow-ugarden-sl","status":"publish","type":"product","link":"https:\/\/chilimag.hu\/webshop\/termek\/salata-beata-jegsalata-ow-ugarden-sl\/","title":{"rendered":"Sal\u00e1ta Be\u00e1ta j\u00e9gsal\u00e1ta OW UGarden SL"},"content":{"rendered":"","protected":false},"excerpt":{"rendered":"<p><img fetchpriority=\"high\" decoding=\"async\" id=\"logo\" src=\"https:\/\/www.organic-way.eu\/wp-content\/uploads\/2023\/02\/Organic-Way.webp\" alt=\"Organic Way\" width=\"548\" height=\"282\" data-height-percentage=\"54\" data-actual-width=\"548\" data-actual-height=\"282\" \/><\/p>\n<p>Term\u00e9kle\u00edr\u00e1s<\/p>\n<p>BEATA SAL\u00c1TA<br \/>\nK\u00f6z\u00e9pkorai fejes sal\u00e1tafajta, ak\u00e1r 500 g-os s\u00falyt is el\u00e9rhet. Ez a sal\u00e1ta &#8222;j\u00e9gsal\u00e1ta&#8221; n\u00e9ven is ismert. Polietil\u00e9n \u00fcvegh\u00e1zakban \u00e9s szabadf\u00f6ld\u00f6n termeszthet\u0151. Kiv\u00e1l\u00f3 min\u0151s\u00e9g\u0171 term\u00e9shozam \u00e9rdek\u00e9ben pal\u00e1nt\u00e1kat aj\u00e1nlott \u00fcltetni. Laza, term\u00e9keny talajban fejl\u0151dik a legjobban.<\/p>\n<p>Magok sz\u00e1ma grammonk\u00e9nt 800-1100<br \/>\nVet\u00e9si id\u0151 talajban V-VI,X<br \/>\nVet\u00e9si id\u0151 \u00fcvegh\u00e1zban III-IV<br \/>\nT\u00e1p\u00e9rt\u00e9k, cm 20&#215;25<\/p>\n<p>&nbsp;<\/p>\n","protected":false},"featured_media":37935,"comment_status":"closed","ping_status":"closed","template":"","meta":[],"product_brand":[],"product_cat":[354],"product_tag":[],"class_list":{"0":"post-37934","1":"product","2":"type-product","3":"status-publish","4":"has-post-thumbnail","6":"product_cat-organic-way","8":"first","9":"instock","10":"taxable","11":"shipping-taxable","12":"purchasable","13":"product-type-simple"},"_links":{"self":[{"href":"https:\/\/chilimag.hu\/webshop\/wp-json\/wp\/v2\/product\/37934","targetHints":{"allow":["GET"]}}],"collection":[{"href":"https:\/\/chilimag.hu\/webshop\/wp-json\/wp\/v2\/product"}],"about":[{"href":"https:\/\/chilimag.hu\/webshop\/wp-json\/wp\/v2\/types\/product"}],"replies":[{"embeddable":true,"href":"https:\/\/chilimag.hu\/webshop\/wp-json\/wp\/v2\/comments?post=37934"}],"wp:featuredmedia":[{"embeddable":true,"href":"https:\/\/chilimag.hu\/webshop\/wp-json\/wp\/v2\/media\/37935"}],"wp:attachment":[{"href":"https:\/\/chilimag.hu\/webshop\/wp-json\/wp\/v2\/media?parent=37934"}],"wp:term":[{"taxonomy":"product_brand","embeddable":true,"href":"https:\/\/chilimag.hu\/webshop\/wp-json\/wp\/v2\/product_brand?post=37934"},{"taxonomy":"product_cat","embeddable":true,"href":"https:\/\/chilimag.hu\/webshop\/wp-json\/wp\/v2\/product_cat?post=37934"},{"taxonomy":"product_tag","embeddable":true,"href":"https:\/\/chilimag.hu\/webshop\/wp-json\/wp\/v2\/product_tag?post=37934"}],"curies":[{"name":"wp","href":"https:\/\/api.w.org\/{rel}","templated":true}]}}