{"id":37902,"date":"2025-09-01T18:26:58","date_gmt":"2025-09-01T18:26:58","guid":{"rendered":"https:\/\/chilimag.hu\/webshop\/?post_type=product&#038;p=37902"},"modified":"2026-02-06T09:05:17","modified_gmt":"2026-02-06T09:05:17","slug":"takarmanybukkony-150-gr-bz-h","status":"publish","type":"product","link":"https:\/\/chilimag.hu\/webshop\/termek\/takarmanybukkony-150-gr-bz-h\/","title":{"rendered":"Takarm\u00e1nyb\u00fckk\u00f6ny 150 gr Bz H"},"content":{"rendered":"","protected":false},"excerpt":{"rendered":"<p><img fetchpriority=\"high\" decoding=\"async\" class=\"attachment-medium size-medium\" src=\"https:\/\/purchasingpowerplus.com\/wp-content\/uploads\/2021\/05\/Buzzy-Logo-300x239.jpg\" sizes=\"(max-width: 300px) 100vw, 300px\" srcset=\"https:\/\/purchasingpowerplus.com\/wp-content\/uploads\/2021\/05\/Buzzy-Logo-300x239.jpg 300w, https:\/\/purchasingpowerplus.com\/wp-content\/uploads\/2021\/05\/Buzzy-Logo-768x612.jpg 768w, https:\/\/purchasingpowerplus.com\/wp-content\/uploads\/2021\/05\/Buzzy-Logo-1024x816.jpg 1024w, https:\/\/purchasingpowerplus.com\/wp-content\/uploads\/2021\/05\/Buzzy-Logo.jpg 1500w\" alt=\"\" width=\"300\" height=\"239\" \/><\/p>\n<p>Term\u00e9kle\u00edr\u00e1s<\/p>\n<p>Botanikai n\u00e9v:<span class=\"value\">Vicia sativa<\/span><\/p>\n<p>n\u00f6v\u00e9ny a leveg\u0151b\u0151l k\u00f6ti meg a nitrog\u00e9nt, \u00edgy alkalmas z\u00f6ldtr\u00e1gyak\u00e9nt \u00e9s z\u00f6lds\u00e9gkomposzt el\u0151\u00e1ll\u00edt\u00e1s\u00e1ra. A magokat gyakran haszn\u00e1lj\u00e1k mad\u00e1reles\u00e9gk\u00e9nt. Agyagos \u00e9s v\u00e1lyogos talajokra alkalmas. Vet\u00e9si id\u0151: j\u00faliust\u00f3l augusztus v\u00e9g\u00e9ig. Vet\u00e9si m\u00e9lys\u00e9g: 2-5 cm; sort\u00e1vols\u00e1g: 10-25 cm. A n\u00f6v\u00e9nyek fagy\u00e9rz\u00e9kenyek.<\/p>\n<p>Tartalom: 150 g 15 m2-re alkalmas.<\/p>\n<p>&nbsp;<\/p>\n","protected":false},"featured_media":37903,"comment_status":"closed","ping_status":"closed","template":"","meta":[],"product_brand":[],"product_cat":[471,439],"product_tag":[],"class_list":{"0":"post-37902","1":"product","2":"type-product","3":"status-publish","4":"has-post-thumbnail","6":"product_cat-fu-es-mezogazdasagi-vetomagok","7":"product_cat-buzzy","9":"first","10":"instock","11":"taxable","12":"shipping-taxable","13":"purchasable","14":"product-type-simple"},"_links":{"self":[{"href":"https:\/\/chilimag.hu\/webshop\/wp-json\/wp\/v2\/product\/37902","targetHints":{"allow":["GET"]}}],"collection":[{"href":"https:\/\/chilimag.hu\/webshop\/wp-json\/wp\/v2\/product"}],"about":[{"href":"https:\/\/chilimag.hu\/webshop\/wp-json\/wp\/v2\/types\/product"}],"replies":[{"embeddable":true,"href":"https:\/\/chilimag.hu\/webshop\/wp-json\/wp\/v2\/comments?post=37902"}],"wp:featuredmedia":[{"embeddable":true,"href":"https:\/\/chilimag.hu\/webshop\/wp-json\/wp\/v2\/media\/37903"}],"wp:attachment":[{"href":"https:\/\/chilimag.hu\/webshop\/wp-json\/wp\/v2\/media?parent=37902"}],"wp:term":[{"taxonomy":"product_brand","embeddable":true,"href":"https:\/\/chilimag.hu\/webshop\/wp-json\/wp\/v2\/product_brand?post=37902"},{"taxonomy":"product_cat","embeddable":true,"href":"https:\/\/chilimag.hu\/webshop\/wp-json\/wp\/v2\/product_cat?post=37902"},{"taxonomy":"product_tag","embeddable":true,"href":"https:\/\/chilimag.hu\/webshop\/wp-json\/wp\/v2\/product_tag?post=37902"}],"curies":[{"name":"wp","href":"https:\/\/api.w.org\/{rel}","templated":true}]}}