{"id":379,"date":"2014-11-10T09:35:40","date_gmt":"2014-11-10T09:35:40","guid":{"rendered":"https:\/\/chilimag.hu\/webshop\/?post_type=product&#038;p=379"},"modified":"2026-01-23T09:03:58","modified_gmt":"2026-01-23T09:03:58","slug":"aji-amarillo","status":"publish","type":"product","link":"https:\/\/chilimag.hu\/webshop\/termek\/aji-amarillo\/","title":{"rendered":"Aji Amarillo"},"content":{"rendered":"","protected":false},"excerpt":{"rendered":"<p><img decoding=\"async\" src=\"https:\/\/chilimag.hu\/webshop\/wp-content\/uploads\/2014\/11\/chilimag-logo-2-150x150.jpg\" \/><\/p>\n<p>Le\u00edr\u00e1s<\/p>\n<p>Az Aji Amarillo Chili az egyik legr\u00e9gebbi fajta a perui Andokban, Kr.e. 2500 \u00f3ta termesztik ott. A mai napig ez az egyik legn\u00e9pszer\u0171bb fajta az Anden r\u00e9gi\u00f3ban. A n\u00f6v\u00e9nyek a Capsicum baccatum csal\u00e1dba tartoznak, \u00e9vel\u0151ek, j\u00f3 gondoz\u00e1s mellett ak\u00e1r 2 m\u00e9teresre is megn\u0151hetnek. Termeszt\u00e9s\u00fck viszonylag egyszer\u0171, \u00e9s kezd\u0151knek is megfelel\u0151ek.<\/p>\n<p>A gy\u00fcm\u00f6lcs\u00f6k a z\u00f6ldt\u0151l s\u00f6t\u00e9ts\u00e1rga narancss\u00e1rg\u00e1ig \u00e9rnek, k\u00f6r\u00fclbel\u00fcl 10 cm hossz\u00faak \u00e9s 4 cm vastagok. K\u00f6zepes er\u0151ss\u00e9ggel \u00e9s arom\u00e1s-gy\u00fcm\u00f6lcs\u00f6s \u00edzzel rendelkeznek. Frissen gy\u00fcm\u00f6lcs\u00f6s sals\u00e1khoz \u00e9s sz\u00f3szokhoz alkalmasak, \u00e9s hagyom\u00e1nyosan a d\u00e9l-amerikai halk\u00fcl\u00f6nlegess\u00e9ghez, a ceviche-hez haszn\u00e1lj\u00e1k.<\/p>\n<p>Gondoz\u00e1s: A cs\u00edr\u00e1z\u00e1si h\u0151m\u00e9rs\u00e9klet 22 \u00e9s 28\u00b0C k\u00f6z\u00f6tt van (8-22 napos cs\u00edr\u00e1z\u00e1si id\u0151szak), ez\u00e9rt \u00fcvegh\u00e1z \u00e9s f\u0171t\u0151sz\u0151nyeg haszn\u00e1lata javasolt. A n\u00f6v\u00e9nyeknek friss, j\u00f3l tr\u00e1gy\u00e1zott, v\u00edz\u00e1tereszt\u0151 talajra van sz\u00fcks\u00e9g\u00fck, nem t\u0171rik a bevizesed\u00e9st. Napos, v\u00e9dett helyre \u00fcltess\u00fck, ahol legal\u00e1bb 6 \u00f3ra \u2013 lehet\u0151leg t\u00f6bb \u2013 napf\u00e9ny \u00e9ri. Tedd ki a n\u00f6v\u00e9nyeket kb. 2-3 h\u00e9ttel az utols\u00f3 fagy ut\u00e1n.<\/p>\n<p>T\u00edpus Capsicum baccatum<br \/>\nF\u0171szeress\u00e9gi szint 6<br \/>\nScoville 5.000 &#8211; 15.000 SHU<br \/>\noptim\u00e1lis cs\u00edr\u00e1z\u00e1si h\u0151m\u00e9rs\u00e9klet 20 &#8211; 28 \u00b0C<br \/>\nVet\u00e9s febru\u00e1r &#8211; \u00e1pr.<br \/>\nVir\u00e1gok feh\u00e9rek (m\u00e1jus-j\u00falius)<br \/>\nN\u00f6v\u00e9nyn\u00f6veked\u00e9si szok\u00e1s kb. 120-200 cm magas, er\u0151sen el\u00e1gaz\u00f3<br \/>\nZ\u00f6ldt\u0151l s\u00e1rg\u00e1s-narancss\u00e1rg\u00e1ig \u00e9rik<br \/>\nGy\u00fcm\u00f6lcs megjelen\u00e9se hossz\u00fa paprika, kb. 4 x 10 cm<br \/>\n\u00c9r\u00e9si id\u0151 70-90 nap<br \/>\nSz\u00e1rmaz\u00e1si hely Peru<\/p>\n<p>A csomag 10 szem magot tartalmaz<\/p>\n","protected":false},"featured_media":380,"comment_status":"open","ping_status":"closed","template":"","meta":[],"product_brand":[],"product_cat":[8],"product_tag":[],"class_list":{"0":"post-379","1":"product","2":"type-product","3":"status-publish","4":"has-post-thumbnail","6":"product_cat-paprika","8":"first","9":"instock","10":"taxable","11":"shipping-taxable","12":"purchasable","13":"product-type-simple"},"_links":{"self":[{"href":"https:\/\/chilimag.hu\/webshop\/wp-json\/wp\/v2\/product\/379","targetHints":{"allow":["GET"]}}],"collection":[{"href":"https:\/\/chilimag.hu\/webshop\/wp-json\/wp\/v2\/product"}],"about":[{"href":"https:\/\/chilimag.hu\/webshop\/wp-json\/wp\/v2\/types\/product"}],"replies":[{"embeddable":true,"href":"https:\/\/chilimag.hu\/webshop\/wp-json\/wp\/v2\/comments?post=379"}],"wp:featuredmedia":[{"embeddable":true,"href":"https:\/\/chilimag.hu\/webshop\/wp-json\/wp\/v2\/media\/380"}],"wp:attachment":[{"href":"https:\/\/chilimag.hu\/webshop\/wp-json\/wp\/v2\/media?parent=379"}],"wp:term":[{"taxonomy":"product_brand","embeddable":true,"href":"https:\/\/chilimag.hu\/webshop\/wp-json\/wp\/v2\/product_brand?post=379"},{"taxonomy":"product_cat","embeddable":true,"href":"https:\/\/chilimag.hu\/webshop\/wp-json\/wp\/v2\/product_cat?post=379"},{"taxonomy":"product_tag","embeddable":true,"href":"https:\/\/chilimag.hu\/webshop\/wp-json\/wp\/v2\/product_tag?post=379"}],"curies":[{"name":"wp","href":"https:\/\/api.w.org\/{rel}","templated":true}]}}