{"id":37898,"date":"2025-09-01T18:17:44","date_gmt":"2025-09-01T18:17:44","guid":{"rendered":"https:\/\/chilimag.hu\/webshop\/?post_type=product&#038;p=37898"},"modified":"2026-02-06T09:05:17","modified_gmt":"2026-02-06T09:05:17","slug":"perzsa-lohere-200-gr-bz-h","status":"publish","type":"product","link":"https:\/\/chilimag.hu\/webshop\/termek\/perzsa-lohere-200-gr-bz-h\/","title":{"rendered":"Perzsa L\u00f3here  200 gr Bz H"},"content":{"rendered":"","protected":false},"excerpt":{"rendered":"<p><img fetchpriority=\"high\" decoding=\"async\" class=\"attachment-medium size-medium\" src=\"https:\/\/purchasingpowerplus.com\/wp-content\/uploads\/2021\/05\/Buzzy-Logo-300x239.jpg\" sizes=\"(max-width: 300px) 100vw, 300px\" srcset=\"https:\/\/purchasingpowerplus.com\/wp-content\/uploads\/2021\/05\/Buzzy-Logo-300x239.jpg 300w, https:\/\/purchasingpowerplus.com\/wp-content\/uploads\/2021\/05\/Buzzy-Logo-768x612.jpg 768w, https:\/\/purchasingpowerplus.com\/wp-content\/uploads\/2021\/05\/Buzzy-Logo-1024x816.jpg 1024w, https:\/\/purchasingpowerplus.com\/wp-content\/uploads\/2021\/05\/Buzzy-Logo.jpg 1500w\" alt=\"\" width=\"300\" height=\"239\" \/><\/p>\n<p>Term\u00e9kle\u00edr\u00e1s<\/p>\n<p>Botanikai n\u00e9v: <span id=\"column_2_uc_product_details_ctl04_lbl_ff_desc2\" class=\"value\">Trifolium resupinatum<\/span><\/p>\n<p><span id=\"column_2_uc_product_details_ctl04_lbl_ff_desc2\" class=\"value\">A perzsa l\u00f3here minden talajt\u00edpushoz alkalmas, \u00e9s kiv\u00e1l\u00f3 nitrog\u00e9nmegk\u00f6t\u0151. A n\u00f6v\u00e9nyek fel\u00e1s\u00e1sa a talaj szerves anyag\u00e1nak mennyis\u00e9g\u00e9t is n\u00f6veli. A perzsa l\u00f3here gy\u00f6ny\u00f6r\u0171 r\u00f3zsasz\u00edn vir\u00e1gokkal vir\u00e1gzik, amelyek sok rovart vonzanak. Tartalom: 200 g elegend\u0151 80 m\u00b2-re.<\/span><\/p>\n<p>&nbsp;<\/p>\n<p>&nbsp;<\/p>\n","protected":false},"featured_media":37900,"comment_status":"closed","ping_status":"closed","template":"","meta":[],"product_brand":[],"product_cat":[347,439,471],"product_tag":[],"class_list":{"0":"post-37898","1":"product","2":"type-product","3":"status-publish","4":"has-post-thumbnail","6":"product_cat-347","7":"product_cat-buzzy","8":"product_cat-fu-es-mezogazdasagi-vetomagok","10":"first","11":"instock","12":"taxable","13":"shipping-taxable","14":"purchasable","15":"product-type-simple"},"_links":{"self":[{"href":"https:\/\/chilimag.hu\/webshop\/wp-json\/wp\/v2\/product\/37898","targetHints":{"allow":["GET"]}}],"collection":[{"href":"https:\/\/chilimag.hu\/webshop\/wp-json\/wp\/v2\/product"}],"about":[{"href":"https:\/\/chilimag.hu\/webshop\/wp-json\/wp\/v2\/types\/product"}],"replies":[{"embeddable":true,"href":"https:\/\/chilimag.hu\/webshop\/wp-json\/wp\/v2\/comments?post=37898"}],"wp:featuredmedia":[{"embeddable":true,"href":"https:\/\/chilimag.hu\/webshop\/wp-json\/wp\/v2\/media\/37900"}],"wp:attachment":[{"href":"https:\/\/chilimag.hu\/webshop\/wp-json\/wp\/v2\/media?parent=37898"}],"wp:term":[{"taxonomy":"product_brand","embeddable":true,"href":"https:\/\/chilimag.hu\/webshop\/wp-json\/wp\/v2\/product_brand?post=37898"},{"taxonomy":"product_cat","embeddable":true,"href":"https:\/\/chilimag.hu\/webshop\/wp-json\/wp\/v2\/product_cat?post=37898"},{"taxonomy":"product_tag","embeddable":true,"href":"https:\/\/chilimag.hu\/webshop\/wp-json\/wp\/v2\/product_tag?post=37898"}],"curies":[{"name":"wp","href":"https:\/\/api.w.org\/{rel}","templated":true}]}}