{"id":37894,"date":"2025-09-01T18:06:50","date_gmt":"2025-09-01T18:06:50","guid":{"rendered":"https:\/\/chilimag.hu\/webshop\/?post_type=product&#038;p=37894"},"modified":"2026-02-08T10:14:02","modified_gmt":"2026-02-08T10:14:02","slug":"cukkini-rugosa-friulana-franchi-h","status":"publish","type":"product","link":"https:\/\/chilimag.hu\/webshop\/termek\/cukkini-rugosa-friulana-franchi-h\/","title":{"rendered":"Cukkini  Rugosa Friulana Franchi H"},"content":{"rendered":"","protected":false},"excerpt":{"rendered":"<p><img decoding=\"async\" class=\"image\" title=\"FRANCHI SEMENTI\" src=\"https:\/\/shop.viridea.it\/media\/amasty\/shopby\/option_images\/franchi-sementi-logo_1.jpg\" alt=\"Franchi Sementi\" \/><\/p>\n<p>Term\u00e9kle\u00edr\u00e1s<\/p>\n<p>Botanikai n\u00e9v: Cucurbita Moschata<\/p>\n<p>Rendk\u00edv\u00fcl \u00edzletes, k\u00f6zepes teny\u00e9szidej\u0171, extr\u00e9m b\u0151term\u0151 \u00e9szak-it\u00e1liai cukk\u00edni<\/p>\n<p>A csomag 5 gr magot tartalmaz<\/p>\n<p>&nbsp;<\/p>\n","protected":false},"featured_media":37895,"comment_status":"closed","ping_status":"closed","template":"","meta":[],"product_brand":[],"product_cat":[437],"product_tag":[],"class_list":{"0":"post-37894","1":"product","2":"type-product","3":"status-publish","4":"has-post-thumbnail","6":"product_cat-franchi","8":"first","9":"outofstock","10":"taxable","11":"shipping-taxable","12":"purchasable","13":"product-type-simple"},"_links":{"self":[{"href":"https:\/\/chilimag.hu\/webshop\/wp-json\/wp\/v2\/product\/37894","targetHints":{"allow":["GET"]}}],"collection":[{"href":"https:\/\/chilimag.hu\/webshop\/wp-json\/wp\/v2\/product"}],"about":[{"href":"https:\/\/chilimag.hu\/webshop\/wp-json\/wp\/v2\/types\/product"}],"replies":[{"embeddable":true,"href":"https:\/\/chilimag.hu\/webshop\/wp-json\/wp\/v2\/comments?post=37894"}],"wp:featuredmedia":[{"embeddable":true,"href":"https:\/\/chilimag.hu\/webshop\/wp-json\/wp\/v2\/media\/37895"}],"wp:attachment":[{"href":"https:\/\/chilimag.hu\/webshop\/wp-json\/wp\/v2\/media?parent=37894"}],"wp:term":[{"taxonomy":"product_brand","embeddable":true,"href":"https:\/\/chilimag.hu\/webshop\/wp-json\/wp\/v2\/product_brand?post=37894"},{"taxonomy":"product_cat","embeddable":true,"href":"https:\/\/chilimag.hu\/webshop\/wp-json\/wp\/v2\/product_cat?post=37894"},{"taxonomy":"product_tag","embeddable":true,"href":"https:\/\/chilimag.hu\/webshop\/wp-json\/wp\/v2\/product_tag?post=37894"}],"curies":[{"name":"wp","href":"https:\/\/api.w.org\/{rel}","templated":true}]}}