{"id":37865,"date":"2025-08-31T04:39:37","date_gmt":"2025-08-31T04:39:37","guid":{"rendered":"https:\/\/chilimag.hu\/webshop\/?post_type=product&#038;p=37865"},"modified":"2025-09-04T10:07:57","modified_gmt":"2025-09-04T10:07:57","slug":"mexikoi-csodahajnalka-ht-h","status":"publish","type":"product","link":"https:\/\/chilimag.hu\/webshop\/termek\/mexikoi-csodahajnalka-ht-h\/","title":{"rendered":"Mexik\u00f3i csodahajnalka Ht H"},"content":{"rendered":"","protected":false},"excerpt":{"rendered":"<p><img decoding=\"async\" class=\"img-responsive\" title=\"Horti Tops\" src=\"https:\/\/tuinplus.nl\/Documents\/Images\/Banners\/Horti_Tops_Roll_Over.jpg\" alt=\"Horti Tops\" \/><\/p>\n<p>&nbsp;<\/p>\n<p>Term\u00e9kle\u00edr\u00e1s<\/p>\n<p>Botanikai n\u00e9v:<span id=\"column_2_uc_product_details_ctl04_lbl_ff_desc2\" class=\"value\">Mina lobata, Bicolored Scarlet\/YelloM\u00e1rcius k\u00f6zep\u00e9t\u0151l \u00e1prilis k\u00f6zep\u00e9ig \u00fcltethet\u0151 keretez\u00e9s alatt, vagy \u00e1prilis k\u00f6zep\u00e9t\u0151l m\u00e1jus v\u00e9g\u00e9ig szabadf\u00f6ldi \u00e1gy\u00e1sokban. 5\/6 h\u00e9t ut\u00e1n \u00e1t\u00fcltethet\u0151. Er\u0151s k\u00fasz\u00f3n\u00f6v\u00e9ny, nagyon gyorsan n\u00f6vekszik. R\u00e9gi falak \u00e9s deszk\u00e1zatok takar\u00e1s\u00e1ra haszn\u00e1lhat\u00f3.<\/span><\/p>\n<p>A csomag 1,5 gr magot tartalmaz<\/p>\n<p>&nbsp;<\/p>\n","protected":false},"featured_media":37866,"comment_status":"closed","ping_status":"closed","template":"","meta":[],"product_brand":[],"product_cat":[438],"product_tag":[],"class_list":{"0":"post-37865","1":"product","2":"type-product","3":"status-publish","4":"has-post-thumbnail","6":"product_cat-horti-tops","8":"first","9":"instock","10":"taxable","11":"shipping-taxable","12":"purchasable","13":"product-type-simple"},"_links":{"self":[{"href":"https:\/\/chilimag.hu\/webshop\/wp-json\/wp\/v2\/product\/37865","targetHints":{"allow":["GET"]}}],"collection":[{"href":"https:\/\/chilimag.hu\/webshop\/wp-json\/wp\/v2\/product"}],"about":[{"href":"https:\/\/chilimag.hu\/webshop\/wp-json\/wp\/v2\/types\/product"}],"replies":[{"embeddable":true,"href":"https:\/\/chilimag.hu\/webshop\/wp-json\/wp\/v2\/comments?post=37865"}],"wp:featuredmedia":[{"embeddable":true,"href":"https:\/\/chilimag.hu\/webshop\/wp-json\/wp\/v2\/media\/37866"}],"wp:attachment":[{"href":"https:\/\/chilimag.hu\/webshop\/wp-json\/wp\/v2\/media?parent=37865"}],"wp:term":[{"taxonomy":"product_brand","embeddable":true,"href":"https:\/\/chilimag.hu\/webshop\/wp-json\/wp\/v2\/product_brand?post=37865"},{"taxonomy":"product_cat","embeddable":true,"href":"https:\/\/chilimag.hu\/webshop\/wp-json\/wp\/v2\/product_cat?post=37865"},{"taxonomy":"product_tag","embeddable":true,"href":"https:\/\/chilimag.hu\/webshop\/wp-json\/wp\/v2\/product_tag?post=37865"}],"curies":[{"name":"wp","href":"https:\/\/api.w.org\/{rel}","templated":true}]}}