{"id":37859,"date":"2025-08-30T16:55:19","date_gmt":"2025-08-30T16:55:19","guid":{"rendered":"https:\/\/chilimag.hu\/webshop\/?post_type=product&#038;p=37859"},"modified":"2026-01-18T16:31:27","modified_gmt":"2026-01-18T16:31:27","slug":"reti-margitvirag-native-flowers-bz-h","status":"publish","type":"product","link":"https:\/\/chilimag.hu\/webshop\/termek\/reti-margitvirag-native-flowers-bz-h\/","title":{"rendered":"R\u00e9ti margitvir\u00e1g Native Flowers Bz H"},"content":{"rendered":"","protected":false},"excerpt":{"rendered":"<p><img decoding=\"async\" src=\"https:\/\/chilimag.hu\/webshop\/wp-content\/uploads\/2024\/11\/Buzzy_Roll_Over-150x150.jpeg\" \/><\/p>\n<p>Term\u00e9kle\u00edr\u00e1s<\/p>\n<p>Botanikai n\u00e9v: <span id=\"column_2_uc_product_details_ctl04_lbl_ff_desc2\" class=\"value\">Leucanthemum vulgare<\/span><\/p>\n<p><span id=\"column_2_uc_product_details_ctl04_lbl_ff_desc2\" class=\"value\">Margar\u00e9ta<br \/>\nA margar\u00e9ta egy felismerhet\u0151 \u00e9vel\u0151 n\u00f6v\u00e9ny, amely szereti a naps\u00fct\u00e9st, b\u00e1r az enyh\u00e9n \u00e1rny\u00e9kos hely sem jelent probl\u00e9m\u00e1t. A feh\u00e9r margar\u00e9ta gyakran megtal\u00e1lhat\u00f3 tiszt\u00e1sokon, \u00e9s kor\u00e1n vir\u00e1gzik nagy, tisztafeh\u00e9r vir\u00e1gokkal, \u00e9l\u00e9nk s\u00e1rga k\u00f6zep\u00fckkel, a m\u00e1sodik \u00e9v\u00e9ben m\u00e1just\u00f3l. Vess\u00fck mag\u00e1gyba m\u00e1just\u00f3l j\u00faliusig, \u00e9s \u00fcltess\u00fck \u00e1t a k\u00edv\u00e1nt helyre okt\u00f3bert\u0151l novemberig.<br \/>\nN\u00e9lk\u00fcl\u00f6zhetetlen vir\u00e1gok k\u00f6rnyezet\u00fcnk n\u00f6v\u00e9ny- \u00e9s \u00e1llatvil\u00e1ga sz\u00e1m\u00e1ra.<\/span><\/p>\n<p>A csomag 0,1 gr magot tartalmaz<\/p>\n","protected":false},"featured_media":37860,"comment_status":"closed","ping_status":"closed","template":"","meta":[],"product_brand":[],"product_cat":[445],"product_tag":[],"class_list":{"0":"post-37859","1":"product","2":"type-product","3":"status-publish","4":"has-post-thumbnail","6":"product_cat-native-flowers-house-plants","8":"first","9":"instock","10":"taxable","11":"shipping-taxable","12":"purchasable","13":"product-type-simple"},"_links":{"self":[{"href":"https:\/\/chilimag.hu\/webshop\/wp-json\/wp\/v2\/product\/37859","targetHints":{"allow":["GET"]}}],"collection":[{"href":"https:\/\/chilimag.hu\/webshop\/wp-json\/wp\/v2\/product"}],"about":[{"href":"https:\/\/chilimag.hu\/webshop\/wp-json\/wp\/v2\/types\/product"}],"replies":[{"embeddable":true,"href":"https:\/\/chilimag.hu\/webshop\/wp-json\/wp\/v2\/comments?post=37859"}],"wp:featuredmedia":[{"embeddable":true,"href":"https:\/\/chilimag.hu\/webshop\/wp-json\/wp\/v2\/media\/37860"}],"wp:attachment":[{"href":"https:\/\/chilimag.hu\/webshop\/wp-json\/wp\/v2\/media?parent=37859"}],"wp:term":[{"taxonomy":"product_brand","embeddable":true,"href":"https:\/\/chilimag.hu\/webshop\/wp-json\/wp\/v2\/product_brand?post=37859"},{"taxonomy":"product_cat","embeddable":true,"href":"https:\/\/chilimag.hu\/webshop\/wp-json\/wp\/v2\/product_cat?post=37859"},{"taxonomy":"product_tag","embeddable":true,"href":"https:\/\/chilimag.hu\/webshop\/wp-json\/wp\/v2\/product_tag?post=37859"}],"curies":[{"name":"wp","href":"https:\/\/api.w.org\/{rel}","templated":true}]}}