{"id":37856,"date":"2025-08-30T16:35:50","date_gmt":"2025-08-30T16:35:50","guid":{"rendered":"https:\/\/chilimag.hu\/webshop\/?post_type=product&#038;p=37856"},"modified":"2026-02-24T13:34:16","modified_gmt":"2026-02-24T13:34:16","slug":"mexikoi-bambuszpalma-house-plants-bz-h","status":"publish","type":"product","link":"https:\/\/chilimag.hu\/webshop\/termek\/mexikoi-bambuszpalma-house-plants-bz-h\/","title":{"rendered":"Mexik\u00f3i bambuszp\u00e1lma House Plants Bz H"},"content":{"rendered":"","protected":false},"excerpt":{"rendered":"<p><img decoding=\"async\" src=\"https:\/\/chilimag.hu\/webshop\/wp-content\/uploads\/2024\/11\/Buzzy_Roll_Over-150x150.jpeg\" \/><\/p>\n<p>Term\u00e9kle\u00edr\u00e1s<\/p>\n<p>\u00c1ztassa a magokat 48 \u00f3r\u00e1n \u00e1t v\u00edzben. Vesse belt\u00e9ren janu\u00e1r k\u00f6zep\u00e9t\u0151l okt\u00f3ber k\u00f6zep\u00e9ig, 25\u00b0C-on, magt\u00e1lc\u00e1ban. Tartsa nedvesen a talajt n\u00f6v\u00e9nyi permetez\u0151vel, \u00e9s fedje le a t\u00e1lc\u00e1t f\u00f3li\u00e1val, hogy megakad\u00e1lyozza a talaj kisz\u00e1rad\u00e1s\u00e1t. T\u00e1vol\u00edtsa el a f\u00f3li\u00e1t, amikor az els\u0151 hajt\u00e1sok megjelennek. Amint a n\u00f6v\u00e9nyek el\u00e9rik az 5-6 cm-es magass\u00e1got, \u00e1t kell \u00fcltetni \u0151ket vir\u00e1gcserepekbe.<\/p>\n<p>A csomag 15 szem magot tartalmaz<\/p>\n<p>&nbsp;<\/p>\n","protected":false},"featured_media":37857,"comment_status":"closed","ping_status":"closed","template":"","meta":[],"product_brand":[],"product_cat":[445],"product_tag":[],"class_list":{"0":"post-37856","1":"product","2":"type-product","3":"status-publish","4":"has-post-thumbnail","6":"product_cat-native-flowers-house-plants","8":"first","9":"instock","10":"taxable","11":"shipping-taxable","12":"purchasable","13":"product-type-simple"},"_links":{"self":[{"href":"https:\/\/chilimag.hu\/webshop\/wp-json\/wp\/v2\/product\/37856","targetHints":{"allow":["GET"]}}],"collection":[{"href":"https:\/\/chilimag.hu\/webshop\/wp-json\/wp\/v2\/product"}],"about":[{"href":"https:\/\/chilimag.hu\/webshop\/wp-json\/wp\/v2\/types\/product"}],"replies":[{"embeddable":true,"href":"https:\/\/chilimag.hu\/webshop\/wp-json\/wp\/v2\/comments?post=37856"}],"wp:featuredmedia":[{"embeddable":true,"href":"https:\/\/chilimag.hu\/webshop\/wp-json\/wp\/v2\/media\/37857"}],"wp:attachment":[{"href":"https:\/\/chilimag.hu\/webshop\/wp-json\/wp\/v2\/media?parent=37856"}],"wp:term":[{"taxonomy":"product_brand","embeddable":true,"href":"https:\/\/chilimag.hu\/webshop\/wp-json\/wp\/v2\/product_brand?post=37856"},{"taxonomy":"product_cat","embeddable":true,"href":"https:\/\/chilimag.hu\/webshop\/wp-json\/wp\/v2\/product_cat?post=37856"},{"taxonomy":"product_tag","embeddable":true,"href":"https:\/\/chilimag.hu\/webshop\/wp-json\/wp\/v2\/product_tag?post=37856"}],"curies":[{"name":"wp","href":"https:\/\/api.w.org\/{rel}","templated":true}]}}