{"id":37850,"date":"2025-08-30T15:34:52","date_gmt":"2025-08-30T15:34:52","guid":{"rendered":"https:\/\/chilimag.hu\/webshop\/?post_type=product&#038;p=37850"},"modified":"2026-02-18T22:46:03","modified_gmt":"2026-02-18T22:46:03","slug":"sisakbab-climbing-flowers-bz-h","status":"publish","type":"product","link":"https:\/\/chilimag.hu\/webshop\/termek\/sisakbab-climbing-flowers-bz-h\/","title":{"rendered":"Sisakbab Climbing Flowers Bz H"},"content":{"rendered":"","protected":false},"excerpt":{"rendered":"<p>Term\u00e9kle\u00edr\u00e1s<\/p>\n<p>Botanikai n\u00e9v:<span id=\"column_2_uc_product_details_ctl04_lbl_ff_desc2\" class=\"value\">Dolichos lablab <\/span><\/p>\n<p><span id=\"column_2_uc_product_details_ctl04_lbl_ff_desc2\" class=\"value\">J\u00e1cintbab &#8211; Ibolya<br \/>\nM\u00e1rcius k\u00f6zep\u00e9n vesse \u00fcvegh\u00e1zba, \u00e9s \u00fcltesse ki szabadba m\u00e1jus k\u00f6zep\u00e9n.<br \/>\nJ\u00e1cintbabk\u00e9nt is ismert, gy\u00f6ny\u00f6r\u0171, orgonar\u00f3zsasz\u00edn vir\u00e1gzattal, hossz\u00fa vir\u00e1gcsokrokban, lil\u00e1sz\u00f6ldt\u0151l v\u00f6r\u00f6seslila levelekkel.<\/span><\/p>\n<p>&nbsp;<\/p>\n","protected":false},"featured_media":37851,"comment_status":"closed","ping_status":"closed","template":"","meta":[],"product_brand":[],"product_cat":[446],"product_tag":[],"class_list":{"0":"post-37850","1":"product","2":"type-product","3":"status-publish","4":"has-post-thumbnail","6":"product_cat-poppy-climbing-sunny-flowers","8":"first","9":"instock","10":"taxable","11":"shipping-taxable","12":"purchasable","13":"product-type-simple"},"_links":{"self":[{"href":"https:\/\/chilimag.hu\/webshop\/wp-json\/wp\/v2\/product\/37850","targetHints":{"allow":["GET"]}}],"collection":[{"href":"https:\/\/chilimag.hu\/webshop\/wp-json\/wp\/v2\/product"}],"about":[{"href":"https:\/\/chilimag.hu\/webshop\/wp-json\/wp\/v2\/types\/product"}],"replies":[{"embeddable":true,"href":"https:\/\/chilimag.hu\/webshop\/wp-json\/wp\/v2\/comments?post=37850"}],"wp:featuredmedia":[{"embeddable":true,"href":"https:\/\/chilimag.hu\/webshop\/wp-json\/wp\/v2\/media\/37851"}],"wp:attachment":[{"href":"https:\/\/chilimag.hu\/webshop\/wp-json\/wp\/v2\/media?parent=37850"}],"wp:term":[{"taxonomy":"product_brand","embeddable":true,"href":"https:\/\/chilimag.hu\/webshop\/wp-json\/wp\/v2\/product_brand?post=37850"},{"taxonomy":"product_cat","embeddable":true,"href":"https:\/\/chilimag.hu\/webshop\/wp-json\/wp\/v2\/product_cat?post=37850"},{"taxonomy":"product_tag","embeddable":true,"href":"https:\/\/chilimag.hu\/webshop\/wp-json\/wp\/v2\/product_tag?post=37850"}],"curies":[{"name":"wp","href":"https:\/\/api.w.org\/{rel}","templated":true}]}}