{"id":37847,"date":"2025-08-30T15:28:39","date_gmt":"2025-08-30T15:28:39","guid":{"rendered":"https:\/\/chilimag.hu\/webshop\/?post_type=product&#038;p=37847"},"modified":"2025-08-30T15:29:12","modified_gmt":"2025-08-30T15:29:12","slug":"futo-oroszlanszaj","status":"publish","type":"product","link":"https:\/\/chilimag.hu\/webshop\/termek\/futo-oroszlanszaj\/","title":{"rendered":"Fut\u00f3 oroszl\u00e1nsz\u00e1j Climbing Flowers Bz H"},"content":{"rendered":"","protected":false},"excerpt":{"rendered":"<p><img fetchpriority=\"high\" decoding=\"async\" class=\"attachment-medium size-medium\" src=\"https:\/\/purchasingpowerplus.com\/wp-content\/uploads\/2021\/05\/Buzzy-Logo-300x239.jpg\" sizes=\"(max-width: 300px) 100vw, 300px\" srcset=\"https:\/\/purchasingpowerplus.com\/wp-content\/uploads\/2021\/05\/Buzzy-Logo-300x239.jpg 300w, https:\/\/purchasingpowerplus.com\/wp-content\/uploads\/2021\/05\/Buzzy-Logo-768x612.jpg 768w, https:\/\/purchasingpowerplus.com\/wp-content\/uploads\/2021\/05\/Buzzy-Logo-1024x816.jpg 1024w, https:\/\/purchasingpowerplus.com\/wp-content\/uploads\/2021\/05\/Buzzy-Logo.jpg 1500w\" alt=\"\" width=\"300\" height=\"239\" \/><\/p>\n<p>Term\u00e9kle\u00edr\u00e1s<\/p>\n<p>Botanikai n\u00e9v: <span id=\"column_2_uc_product_details_ctl04_lbl_ff_desc2\" class=\"value\">Asarina scandens<\/span><\/p>\n<p><span id=\"column_2_uc_product_details_ctl04_lbl_ff_desc2\" class=\"value\"><br \/>\nVets\u00fck \u00fcvegh\u00e1zba vagy keretbe 20\u00b0C-on m\u00e1rcius k\u00f6zep\u00e9t\u0151l, \u00fcltess\u00fck ki szabadf\u00f6ldbe m\u00e1jus k\u00f6zep\u00e9t\u0151l. J\u00faniust\u00f3l vir\u00e1gzik.<br \/>\nAz Asarina egy k\u00fasz\u00f3n\u00f6v\u00e9ny, sz\u00e9p, antirrhinum-szer\u0171 k\u00e9k \u200b\u200bvir\u00e1gokkal. Gazdag vir\u00e1gz\u00e1sa az els\u0151 fagyig tarthat. Legink\u00e1bb k\u00fasz\u00f3n\u00f6v\u00e9nyk\u00e9nt ismert, de ugyanolyan l\u00e1tv\u00e1nyos, ha f\u00fcgg\u0151kosarakb\u00f3l hullik al\u00e1.<\/span><\/p>\n<p>&nbsp;<\/p>\n","protected":false},"featured_media":37848,"comment_status":"closed","ping_status":"closed","template":"","meta":[],"product_brand":[],"product_cat":[446],"product_tag":[],"class_list":{"0":"post-37847","1":"product","2":"type-product","3":"status-publish","4":"has-post-thumbnail","6":"product_cat-poppy-climbing-sunny-flowers","8":"first","9":"instock","10":"taxable","11":"shipping-taxable","12":"purchasable","13":"product-type-simple"},"_links":{"self":[{"href":"https:\/\/chilimag.hu\/webshop\/wp-json\/wp\/v2\/product\/37847","targetHints":{"allow":["GET"]}}],"collection":[{"href":"https:\/\/chilimag.hu\/webshop\/wp-json\/wp\/v2\/product"}],"about":[{"href":"https:\/\/chilimag.hu\/webshop\/wp-json\/wp\/v2\/types\/product"}],"replies":[{"embeddable":true,"href":"https:\/\/chilimag.hu\/webshop\/wp-json\/wp\/v2\/comments?post=37847"}],"wp:featuredmedia":[{"embeddable":true,"href":"https:\/\/chilimag.hu\/webshop\/wp-json\/wp\/v2\/media\/37848"}],"wp:attachment":[{"href":"https:\/\/chilimag.hu\/webshop\/wp-json\/wp\/v2\/media?parent=37847"}],"wp:term":[{"taxonomy":"product_brand","embeddable":true,"href":"https:\/\/chilimag.hu\/webshop\/wp-json\/wp\/v2\/product_brand?post=37847"},{"taxonomy":"product_cat","embeddable":true,"href":"https:\/\/chilimag.hu\/webshop\/wp-json\/wp\/v2\/product_cat?post=37847"},{"taxonomy":"product_tag","embeddable":true,"href":"https:\/\/chilimag.hu\/webshop\/wp-json\/wp\/v2\/product_tag?post=37847"}],"curies":[{"name":"wp","href":"https:\/\/api.w.org\/{rel}","templated":true}]}}