{"id":37838,"date":"2025-08-30T13:01:09","date_gmt":"2025-08-30T13:01:09","guid":{"rendered":"https:\/\/chilimag.hu\/webshop\/?post_type=product&#038;p=37838"},"modified":"2025-08-30T13:03:23","modified_gmt":"2025-08-30T13:03:23","slug":"disznapraforgo-white-moon-f1-sunny-flower-f1-bz-h","status":"publish","type":"product","link":"https:\/\/chilimag.hu\/webshop\/termek\/disznapraforgo-white-moon-f1-sunny-flower-f1-bz-h\/","title":{"rendered":"D\u00edsznapraforg\u00f3 White Moon F1 Sunny Flower F1 Bz H"},"content":{"rendered":"","protected":false},"excerpt":{"rendered":"<p><img fetchpriority=\"high\" decoding=\"async\" class=\"attachment-medium size-medium\" src=\"https:\/\/purchasingpowerplus.com\/wp-content\/uploads\/2021\/05\/Buzzy-Logo-300x239.jpg\" sizes=\"(max-width: 300px) 100vw, 300px\" srcset=\"https:\/\/purchasingpowerplus.com\/wp-content\/uploads\/2021\/05\/Buzzy-Logo-300x239.jpg 300w, https:\/\/purchasingpowerplus.com\/wp-content\/uploads\/2021\/05\/Buzzy-Logo-768x612.jpg 768w, https:\/\/purchasingpowerplus.com\/wp-content\/uploads\/2021\/05\/Buzzy-Logo-1024x816.jpg 1024w, https:\/\/purchasingpowerplus.com\/wp-content\/uploads\/2021\/05\/Buzzy-Logo.jpg 1500w\" alt=\"\" width=\"300\" height=\"239\" \/><\/p>\n<p>Term\u00e9kle\u00edr\u00e1s<\/p>\n<p>Botanikai n\u00e9v:<span id=\"column_2_uc_product_details_ctl04_lbl_ff_desc2\" class=\"value\">Helianthus annuum<\/span><\/p>\n<p><span id=\"column_2_uc_product_details_ctl04_lbl_ff_desc2\" class=\"value\">Napraforg\u00f3 &#8211; White Moon F1<br \/>\nEz az egyed\u00fcl\u00e1ll\u00f3 feh\u00e9r napraforg\u00f3 leny\u0171g\u00f6z\u0151 l\u00e1tv\u00e1ny a csokrokban. A vir\u00e1g van\u00edlia sz\u00edn\u0171 szirmai feh\u00e9rre sz\u00ednez\u0151dnek a napon. A feh\u00e9r szirmok kiemelik a s\u00f6t\u00e9t sz\u00edn\u0171 k\u00f6zep\u00e9t.<br \/>\nVesse szabadf\u00f6ldbe, napos helyre m\u00e1jus k\u00f6zep\u00e9t\u0151l. A legjobb, ha k\u00f6zvetlen\u00fcl a v\u00e9gleges helyre veti. A hosszabb vir\u00e1gz\u00e1si id\u0151szak \u00e9rdek\u00e9ben k\u00e9t-h\u00e1rom h\u00e9t m\u00falva szakaszosan ism\u00e9telje meg a vet\u00e9st. A vir\u00e1gok ny\u00e1ron k\u00e9s\u0151 \u0151szig vir\u00e1goznak.<\/span><\/p>\n<p>A csomag 6 szem magot tartalmaz<\/p>\n<p>&nbsp;<\/p>\n","protected":false},"featured_media":37840,"comment_status":"closed","ping_status":"closed","template":"","meta":[],"product_brand":[],"product_cat":[446],"product_tag":[],"class_list":{"0":"post-37838","1":"product","2":"type-product","3":"status-publish","4":"has-post-thumbnail","6":"product_cat-poppy-climbing-sunny-flowers","8":"first","9":"instock","10":"taxable","11":"shipping-taxable","12":"purchasable","13":"product-type-simple"},"_links":{"self":[{"href":"https:\/\/chilimag.hu\/webshop\/wp-json\/wp\/v2\/product\/37838","targetHints":{"allow":["GET"]}}],"collection":[{"href":"https:\/\/chilimag.hu\/webshop\/wp-json\/wp\/v2\/product"}],"about":[{"href":"https:\/\/chilimag.hu\/webshop\/wp-json\/wp\/v2\/types\/product"}],"replies":[{"embeddable":true,"href":"https:\/\/chilimag.hu\/webshop\/wp-json\/wp\/v2\/comments?post=37838"}],"wp:featuredmedia":[{"embeddable":true,"href":"https:\/\/chilimag.hu\/webshop\/wp-json\/wp\/v2\/media\/37840"}],"wp:attachment":[{"href":"https:\/\/chilimag.hu\/webshop\/wp-json\/wp\/v2\/media?parent=37838"}],"wp:term":[{"taxonomy":"product_brand","embeddable":true,"href":"https:\/\/chilimag.hu\/webshop\/wp-json\/wp\/v2\/product_brand?post=37838"},{"taxonomy":"product_cat","embeddable":true,"href":"https:\/\/chilimag.hu\/webshop\/wp-json\/wp\/v2\/product_cat?post=37838"},{"taxonomy":"product_tag","embeddable":true,"href":"https:\/\/chilimag.hu\/webshop\/wp-json\/wp\/v2\/product_tag?post=37838"}],"curies":[{"name":"wp","href":"https:\/\/api.w.org\/{rel}","templated":true}]}}