{"id":37829,"date":"2025-08-30T04:51:29","date_gmt":"2025-08-30T04:51:29","guid":{"rendered":"https:\/\/chilimag.hu\/webshop\/?post_type=product&#038;p=37829"},"modified":"2026-02-26T07:00:29","modified_gmt":"2026-02-26T07:00:29","slug":"balzsamkorte-keseruuborka-xotica-bz-h","status":"publish","type":"product","link":"https:\/\/chilimag.hu\/webshop\/termek\/balzsamkorte-keseruuborka-xotica-bz-h\/","title":{"rendered":"Balzsamk\u00f6rte Keser\u0171uborka Xotica Bz H"},"content":{"rendered":"","protected":false},"excerpt":{"rendered":"<p><img fetchpriority=\"high\" decoding=\"async\" class=\"attachment-medium size-medium\" src=\"https:\/\/purchasingpowerplus.com\/wp-content\/uploads\/2021\/05\/Buzzy-Logo-300x239.jpg\" sizes=\"(max-width: 300px) 100vw, 300px\" srcset=\"https:\/\/purchasingpowerplus.com\/wp-content\/uploads\/2021\/05\/Buzzy-Logo-300x239.jpg 300w, https:\/\/purchasingpowerplus.com\/wp-content\/uploads\/2021\/05\/Buzzy-Logo-768x612.jpg 768w, https:\/\/purchasingpowerplus.com\/wp-content\/uploads\/2021\/05\/Buzzy-Logo-1024x816.jpg 1024w, https:\/\/purchasingpowerplus.com\/wp-content\/uploads\/2021\/05\/Buzzy-Logo.jpg 1500w\" alt=\"\" width=\"300\" height=\"239\" \/><\/p>\n<p><strong>Term\u00e9kle\u00edr\u00e1s<\/strong><\/p>\n<p>&nbsp;<\/p>\n<p>Botanikai n\u00e9v:<span id=\"column_2_uc_product_details_ctl04_lbl_ff_desc2\" class=\"value\">Momordica charantia<\/span><\/p>\n<p><span id=\"column_2_uc_product_details_ctl04_lbl_ff_desc2\" class=\"value\">Keser\u0171uborka<br \/>\n\u00c1prilist\u00f3l j\u00faniusig cserepekbe, meleg helyre (22-25\u00b0C) vess\u00fck. K\u00f6r\u00fclbel\u00fcl 4 h\u00e9t m\u00falva \u00fcltess\u00fck ki egy hobbi \u00fcvegh\u00e1zba. A n\u00f6v\u00e9nyeket f\u0171zni kell. A n\u0151ivar\u00fa vir\u00e1gokat c\u00e9lszer\u0171bb k\u00e9zzel beporozni.<br \/>\nA gy\u00fcm\u00f6lcs\u00f6t \u00fcreges\u00edts\u00fck ki, \u00e9s alaposan mossuk meg. T\u00f6lts\u00fck meg h\u00fassal vagy hallal, \u00e9s s\u00fcss\u00fck meg s\u00fct\u0151ben egy sz\u00f3szban. Alternat\u00edv megold\u00e1sk\u00e9nt v\u00e1gjuk apr\u00f3 darabokra, \u00e9s pir\u00edtsuk meg. Palacsint\u00e1val vagy t\u00f6r\u00f6k \u200b\u200bt\u00e9szta\u00e9telekkel is nagyon finom.<\/span><\/p>\n<p>A csomag 2,5 gr magot tartalmaz<\/p>\n","protected":false},"featured_media":37830,"comment_status":"closed","ping_status":"closed","template":"","meta":[],"product_brand":[],"product_cat":[440],"product_tag":[],"class_list":{"0":"post-37829","1":"product","2":"type-product","3":"status-publish","4":"has-post-thumbnail","6":"product_cat-xotica-collection","8":"first","9":"outofstock","10":"taxable","11":"shipping-taxable","12":"purchasable","13":"product-type-simple"},"_links":{"self":[{"href":"https:\/\/chilimag.hu\/webshop\/wp-json\/wp\/v2\/product\/37829","targetHints":{"allow":["GET"]}}],"collection":[{"href":"https:\/\/chilimag.hu\/webshop\/wp-json\/wp\/v2\/product"}],"about":[{"href":"https:\/\/chilimag.hu\/webshop\/wp-json\/wp\/v2\/types\/product"}],"replies":[{"embeddable":true,"href":"https:\/\/chilimag.hu\/webshop\/wp-json\/wp\/v2\/comments?post=37829"}],"wp:featuredmedia":[{"embeddable":true,"href":"https:\/\/chilimag.hu\/webshop\/wp-json\/wp\/v2\/media\/37830"}],"wp:attachment":[{"href":"https:\/\/chilimag.hu\/webshop\/wp-json\/wp\/v2\/media?parent=37829"}],"wp:term":[{"taxonomy":"product_brand","embeddable":true,"href":"https:\/\/chilimag.hu\/webshop\/wp-json\/wp\/v2\/product_brand?post=37829"},{"taxonomy":"product_cat","embeddable":true,"href":"https:\/\/chilimag.hu\/webshop\/wp-json\/wp\/v2\/product_cat?post=37829"},{"taxonomy":"product_tag","embeddable":true,"href":"https:\/\/chilimag.hu\/webshop\/wp-json\/wp\/v2\/product_tag?post=37829"}],"curies":[{"name":"wp","href":"https:\/\/api.w.org\/{rel}","templated":true}]}}