{"id":37814,"date":"2025-08-28T18:55:56","date_gmt":"2025-08-28T18:55:56","guid":{"rendered":"https:\/\/chilimag.hu\/webshop\/?post_type=product&#038;p=37814"},"modified":"2025-08-28T18:56:37","modified_gmt":"2025-08-28T18:56:37","slug":"kelbimbo-red-ball-b-s","status":"publish","type":"product","link":"https:\/\/chilimag.hu\/webshop\/termek\/kelbimbo-red-ball-b-s\/","title":{"rendered":"Kelbimb\u00f3 Red Ball B-S"},"content":{"rendered":"","protected":false},"excerpt":{"rendered":"<p><img decoding=\"async\" src=\"https:\/\/chilimag.hu\/webshop\/wp-content\/uploads\/2022\/10\/bobby-seeds-test-logo-150x150.png\" \/><\/p>\n<p>Term\u00e9kle\u00edr\u00e1s<\/p>\n<p>&#8222;Brussels Sprouts Red Ball&#8221;<\/p>\n<p>Dekorat\u00edv \u00e9s enyhe piros kelbimb\u00f3<\/p>\n<p>A Red Ball apr\u00f3, lil\u00e1sv\u00f6r\u00f6s vir\u00e1gzatokat hoz, enyhe, enyh\u00e9n \u00e9des \u00edzzel. A termeszt\u00e9se nem k\u00fcl\u00f6nb\u00f6zik a t\u00f6bbi kelbimb\u00f3fajt\u00e1t\u00f3l; a vir\u00e1gok \u0151sszel sz\u00ednt v\u00e1ltanak, amit a h\u0171v\u00f6s h\u0151m\u00e9rs\u00e9klet kedvez.<\/p>\n<p>A betakar\u00edt\u00e1st komoly fagyok el\u0151tt kell v\u00e9gezni.<\/p>\n<p>Brassica oleracea<br \/>\nSz\u00fcret okt\u00f3bert\u0151l december v\u00e9g\u00e9ig<br \/>\nEgy adag 80 magot tartalmaz<br \/>\nA vet\u00e9s m\u00e1rcius elej\u00e9t\u0151l m\u00e1jus v\u00e9g\u00e9ig t\u00f6rt\u00e9nik el\u0151m\u0171vel\u00e9ssel, majd 50 x 50 cm t\u00e1vols\u00e1gra \u00fcltet\u00e9s.<\/p>\n<p>A kelbimb\u00f3 nagy t\u00e1panyagig\u00e9ny\u0171, \u00e9s elegend\u0151 t\u00e1panyagot ig\u00e9nyel.<\/p>\n<p>&nbsp;<\/p>\n<p>&nbsp;<\/p>\n","protected":false},"featured_media":37815,"comment_status":"closed","ping_status":"closed","template":"","meta":[],"product_brand":[],"product_cat":[329],"product_tag":[],"class_list":{"0":"post-37814","1":"product","2":"type-product","3":"status-publish","4":"has-post-thumbnail","6":"product_cat-zoldseg-vetomagok-egyeb-es-kulonleges-vetomagok","8":"first","9":"instock","10":"taxable","11":"shipping-taxable","12":"purchasable","13":"product-type-simple"},"_links":{"self":[{"href":"https:\/\/chilimag.hu\/webshop\/wp-json\/wp\/v2\/product\/37814","targetHints":{"allow":["GET"]}}],"collection":[{"href":"https:\/\/chilimag.hu\/webshop\/wp-json\/wp\/v2\/product"}],"about":[{"href":"https:\/\/chilimag.hu\/webshop\/wp-json\/wp\/v2\/types\/product"}],"replies":[{"embeddable":true,"href":"https:\/\/chilimag.hu\/webshop\/wp-json\/wp\/v2\/comments?post=37814"}],"wp:featuredmedia":[{"embeddable":true,"href":"https:\/\/chilimag.hu\/webshop\/wp-json\/wp\/v2\/media\/37815"}],"wp:attachment":[{"href":"https:\/\/chilimag.hu\/webshop\/wp-json\/wp\/v2\/media?parent=37814"}],"wp:term":[{"taxonomy":"product_brand","embeddable":true,"href":"https:\/\/chilimag.hu\/webshop\/wp-json\/wp\/v2\/product_brand?post=37814"},{"taxonomy":"product_cat","embeddable":true,"href":"https:\/\/chilimag.hu\/webshop\/wp-json\/wp\/v2\/product_cat?post=37814"},{"taxonomy":"product_tag","embeddable":true,"href":"https:\/\/chilimag.hu\/webshop\/wp-json\/wp\/v2\/product_tag?post=37814"}],"curies":[{"name":"wp","href":"https:\/\/api.w.org\/{rel}","templated":true}]}}