{"id":37812,"date":"2025-08-28T18:37:57","date_gmt":"2025-08-28T18:37:57","guid":{"rendered":"https:\/\/chilimag.hu\/webshop\/?post_type=product&#038;p=37812"},"modified":"2026-02-17T16:34:35","modified_gmt":"2026-02-17T16:34:35","slug":"kikinda-c-s-b-s-dekortok","status":"publish","type":"product","link":"https:\/\/chilimag.hu\/webshop\/termek\/kikinda-c-s-b-s-dekortok\/","title":{"rendered":"Kikinda C.S B-S Dekort\u00f6k"},"content":{"rendered":"","protected":false},"excerpt":{"rendered":"<p><img decoding=\"async\" src=\"https:\/\/chilimag.hu\/webshop\/wp-content\/uploads\/2022\/10\/bobby-seeds-test-logo-150x150.png\" \/><\/p>\n<p>Term\u00e9kle\u00edr\u00e1s<\/p>\n<p>&#8222;Kikinda Competition Strain&#8221;<\/p>\n<p>Rekordot d\u00f6nt\u0151 fajta, t\u00f6bb mint 2 m\u00e9ter hossz\u00fa gy\u00fcm\u00f6lcs\u00f6kkel<\/p>\n<p>A Kikinda Competition egy exkluz\u00edv fajta a bobby-seeds.com sz\u00e1m\u00e1ra. A neves Lagenaria szak\u00e9rt\u0151 \u00e9s nemes\u00edt\u0151, Dr. Berenji professzor \u00e9vek \u00f3ta szelekt\u00e1lja ezt a gy\u00f6ny\u00f6r\u0171, karcs\u00fa fajt\u00e1t a term\u00e9shozama \u00e9s ny\u00fal\u00e1sa miatt. Ez a fajta vil\u00e1gosz\u00f6ld, nagyon karcs\u00fa gy\u00fcm\u00f6lcs\u00f6ket terem, amelyek j\u00f3 termeszt\u00e9ssel \u00e9s ennek megfelel\u0151en meleg ny\u00e1rral el\u00e9rik a 2 m\u00e9tern\u00e9l hosszabbakat. Az egyenes, form\u00e1s gy\u00fcm\u00f6lcs\u00f6k el\u00e9r\u00e9s\u00e9hez elengedhetetlen a pergola vagy magas ker\u00edt\u00e9s melletti termeszt\u00e9s. Kikinda egy falu Kelet-Szerbi\u00e1ban, ahol Berenji professzor nagyszab\u00e1s\u00fa \u00e9ves t\u00f6kfesztiv\u00e1lt rendez. A rendezv\u00e9ny f\u00e9nypontja az \u00f3ri\u00e1si t\u00f6k\u00f6k m\u00e9rlegel\u00e9se is. A Kikinda Competition Strain nevet neki, valamint a t\u00f6k\u00f6k ir\u00e1nti elk\u00f6telezetts\u00e9g\u00e9nek \u00e9s a t\u00f6kkel kapcsolatos PR-munk\u00e1j\u00e1nak szentelt\u00fck.<\/p>\n<p>Lagen\u00e1ria<br \/>\n\u00c9rkez\u00e9si id\u0151: 130 nap<br \/>\nA lop\u00f3t\u00f6k d\u00fasan n\u0151<\/p>\n<p>A lop\u00f3t\u00f6k j\u00f3l fejl\u0151dik meleg, j\u00f3 v\u00edzelvezet\u00e9s\u0171 talajban. J\u00f3 eredm\u00e9nyeket hoz az el\u0151m\u0171vel\u00e9s \u00e9s az \u00e1prilis v\u00e9g\u00e9t\u0151l kezd\u0151d\u0151 vet\u00e9ssel t\u00f6rt\u00e9n\u0151 \u00fcltet\u00e9s. A nevelt n\u00f6v\u00e9nyek egyenes gy\u00fcm\u00f6lcs\u00f6ket teremnek, m\u00edg a talajban nevelt n\u00f6v\u00e9nyek \u00e9rdekes form\u00e1kat.<\/p>\n<p>A lagen\u00e1ria nagyon er\u0151teljesen n\u0151, \u00e9s a legszebb gy\u00fcm\u00f6lcs\u00f6ket akkor kapjuk, ha a sz\u0151l\u0151t\u0151k\u00e9ket ker\u00edt\u00e9sre vagy pergol\u00e1ra nevelj\u00fck.<\/p>\n<p>A csomag 10 szem magot tartalmaz<\/p>\n<p>&nbsp;<\/p>\n","protected":false},"featured_media":37813,"comment_status":"closed","ping_status":"closed","template":"","meta":[],"product_brand":[],"product_cat":[345],"product_tag":[],"class_list":{"0":"post-37812","1":"product","2":"type-product","3":"status-publish","4":"has-post-thumbnail","6":"product_cat-suto-fozo-es-disztokok","8":"first","9":"instock","10":"taxable","11":"shipping-taxable","12":"purchasable","13":"product-type-simple"},"_links":{"self":[{"href":"https:\/\/chilimag.hu\/webshop\/wp-json\/wp\/v2\/product\/37812","targetHints":{"allow":["GET"]}}],"collection":[{"href":"https:\/\/chilimag.hu\/webshop\/wp-json\/wp\/v2\/product"}],"about":[{"href":"https:\/\/chilimag.hu\/webshop\/wp-json\/wp\/v2\/types\/product"}],"replies":[{"embeddable":true,"href":"https:\/\/chilimag.hu\/webshop\/wp-json\/wp\/v2\/comments?post=37812"}],"wp:featuredmedia":[{"embeddable":true,"href":"https:\/\/chilimag.hu\/webshop\/wp-json\/wp\/v2\/media\/37813"}],"wp:attachment":[{"href":"https:\/\/chilimag.hu\/webshop\/wp-json\/wp\/v2\/media?parent=37812"}],"wp:term":[{"taxonomy":"product_brand","embeddable":true,"href":"https:\/\/chilimag.hu\/webshop\/wp-json\/wp\/v2\/product_brand?post=37812"},{"taxonomy":"product_cat","embeddable":true,"href":"https:\/\/chilimag.hu\/webshop\/wp-json\/wp\/v2\/product_cat?post=37812"},{"taxonomy":"product_tag","embeddable":true,"href":"https:\/\/chilimag.hu\/webshop\/wp-json\/wp\/v2\/product_tag?post=37812"}],"curies":[{"name":"wp","href":"https:\/\/api.w.org\/{rel}","templated":true}]}}