{"id":37808,"date":"2025-08-28T18:26:12","date_gmt":"2025-08-28T18:26:12","guid":{"rendered":"https:\/\/chilimag.hu\/webshop\/?post_type=product&#038;p=37808"},"modified":"2026-02-08T20:57:35","modified_gmt":"2026-02-08T20:57:35","slug":"hoargarth-b-s-dekortok","status":"publish","type":"product","link":"https:\/\/chilimag.hu\/webshop\/termek\/hoargarth-b-s-dekortok\/","title":{"rendered":"Hoargarth B-S Dekort\u00f6k"},"content":{"rendered":"","protected":false},"excerpt":{"rendered":"<p><img decoding=\"async\" src=\"https:\/\/chilimag.hu\/webshop\/wp-content\/uploads\/2022\/10\/bobby-seeds-test-logo-150x150.png\" \/><\/p>\n<p>Term\u00e9kle\u00edr\u00e1s<\/p>\n<p>&#8222;Hoargarth&#8221;<\/p>\n<p>Gy\u00f6ny\u00f6r\u0171 mint\u00e1zat\u00fa, szem\u00f6lcs\u00f6s d\u00edszt\u00f6k<\/p>\n<p>Vonz\u00f3, k\u00e9tsz\u00edn\u0171 d\u00edszt\u00f6k enyhe szem\u00f6lcs\u00f6kkel. A majdnem kerek term\u00e9sek fel\u00fcl \u00e9s alul s\u00f6t\u00e9tz\u00f6ldek, k\u00f6z\u00f6tt\u00fck egy narancss\u00e1rga blokk tal\u00e1lhat\u00f3, amelyen kereszt\u00fcl a z\u00f6ld sz\u00edn \u00e1tfut. A term\u00e9sek \u00e1tm\u00e9r\u0151je k\u00f6r\u00fclbel\u00fcl 12-15 cm. A sz\u00ednar\u00e1nyok, eloszl\u00e1s \u00e9s a term\u00e9s m\u00e9rete a n\u00f6v\u00e9nyt\u0151l \u00e9s a h\u0151m\u00e9rs\u00e9klett\u0151l f\u00fcgg.<\/p>\n<p>Cucurbita pepo<br \/>\n\u00c9rkez\u00e9si id\u0151: 90 nap<br \/>\nM\u00e9rs\u00e9kelt k\u00fasz\u00f3 habitus<br \/>\nIgazi d\u00edszt\u00f6k, fogyaszt\u00e1sra nem alkalmas<\/p>\n<p>A d\u00edszt\u00f6k\u00f6k meleg, j\u00f3 v\u00edzelvezet\u00e9s\u0171 talajban fejl\u0151dnek. El\u0151m\u0171vel\u00e9ssel \u00e9s \u00fcltet\u00e9ssel, vet\u00e9ssel \u00e1prilis v\u00e9g\u00e9t\u0151l, vagy k\u00f6zvetlen vet\u00e9ssel m\u00e1jus elej\u00e9t\u0151l.<\/p>\n<p>A t\u00f6k\u00f6k \u00fcltet\u00e9si t\u00e1vols\u00e1ga a k\u00fasz\u00f3 habitust\u00f3l f\u00fcgg.<\/p>\n<p>Potenci\u00e1lis k\u00e1rtev\u0151k: Csig\u00e1k, madarak, egerek, lev\u00e9ltetvek, lisztharmat, v\u00edrusok<\/p>\n<p>A csomag 10 szem magot tartalmaz<\/p>\n<p>&nbsp;<\/p>\n","protected":false},"featured_media":37809,"comment_status":"closed","ping_status":"closed","template":"","meta":[],"product_brand":[],"product_cat":[345],"product_tag":[],"class_list":{"0":"post-37808","1":"product","2":"type-product","3":"status-publish","4":"has-post-thumbnail","6":"product_cat-suto-fozo-es-disztokok","8":"first","9":"outofstock","10":"taxable","11":"shipping-taxable","12":"purchasable","13":"product-type-simple"},"_links":{"self":[{"href":"https:\/\/chilimag.hu\/webshop\/wp-json\/wp\/v2\/product\/37808","targetHints":{"allow":["GET"]}}],"collection":[{"href":"https:\/\/chilimag.hu\/webshop\/wp-json\/wp\/v2\/product"}],"about":[{"href":"https:\/\/chilimag.hu\/webshop\/wp-json\/wp\/v2\/types\/product"}],"replies":[{"embeddable":true,"href":"https:\/\/chilimag.hu\/webshop\/wp-json\/wp\/v2\/comments?post=37808"}],"wp:featuredmedia":[{"embeddable":true,"href":"https:\/\/chilimag.hu\/webshop\/wp-json\/wp\/v2\/media\/37809"}],"wp:attachment":[{"href":"https:\/\/chilimag.hu\/webshop\/wp-json\/wp\/v2\/media?parent=37808"}],"wp:term":[{"taxonomy":"product_brand","embeddable":true,"href":"https:\/\/chilimag.hu\/webshop\/wp-json\/wp\/v2\/product_brand?post=37808"},{"taxonomy":"product_cat","embeddable":true,"href":"https:\/\/chilimag.hu\/webshop\/wp-json\/wp\/v2\/product_cat?post=37808"},{"taxonomy":"product_tag","embeddable":true,"href":"https:\/\/chilimag.hu\/webshop\/wp-json\/wp\/v2\/product_tag?post=37808"}],"curies":[{"name":"wp","href":"https:\/\/api.w.org\/{rel}","templated":true}]}}