{"id":37805,"date":"2025-08-28T18:08:05","date_gmt":"2025-08-28T18:08:05","guid":{"rendered":"https:\/\/chilimag.hu\/webshop\/?post_type=product&#038;p=37805"},"modified":"2026-02-16T20:40:21","modified_gmt":"2026-02-16T20:40:21","slug":"patisszon-fall-blossom-f1-b-s","status":"publish","type":"product","link":"https:\/\/chilimag.hu\/webshop\/termek\/patisszon-fall-blossom-f1-b-s\/","title":{"rendered":"Patisszon Fall Blossom F1 B-S"},"content":{"rendered":"","protected":false},"excerpt":{"rendered":"<p><img decoding=\"async\" src=\"https:\/\/chilimag.hu\/webshop\/wp-content\/uploads\/2022\/10\/bobby-seeds-test-logo-150x150.png\" \/><\/p>\n<p>Term\u00e9kle\u00edr\u00e1s<\/p>\n<p>&#8222;Fall Blossom F1&#8221;<\/p>\n<p>A Fall Blossom F1 egy vonz\u00f3, dekorat\u00edv patisson.<\/p>\n<p>Gy\u00f6ny\u00f6r\u0171 form\u00e1j\u00fa \u00e9s sz\u00edn\u0171, ez a k\u00f6zepes m\u00e9ret\u0171 patisson feh\u00e9r, s\u00e1rga cs\u00edkokkal. Kiss\u00e9 egy gy\u00f6ny\u00f6r\u0171 sz\u00edn\u0171 vir\u00e1gra eml\u00e9keztet, ami a fajta nev\u00e9t is ihlette. Patisonhoz k\u00e9pest a Fall Blossom F1 meglehet\u0151sen er\u0151s \u00e9s tart\u00f3s. A patissonok fiatalon, n\u00e9h\u00e1ny nappal a vir\u00e1gz\u00e1s ut\u00e1n is betakar\u00edthat\u00f3k, \u00e9s a cukkinhoz hasonl\u00f3an elk\u00e9sz\u00edthet\u0151k.<\/p>\n<p>Cucurbita pepo<br \/>\n\u00c9rkez\u00e9si id\u0151: 80-85 nap a teljes be\u00e9r\u00e9sig<br \/>\nEz a fajta k\u00fcl\u00f6n\u00f6sen dekorat\u00edv.<\/p>\n<p>A patissonok meleg, j\u00f3 v\u00edzelvezet\u00e9s\u0171 talajban fejl\u0151dnek. Az el\u0151m\u0171vel\u00e9s \u00e9s az \u00fcltet\u00e9s \u00e1prilis v\u00e9gi vet\u00e9ssel vagy m\u00e1jus elej\u00e9t\u0151l t\u00f6rt\u00e9n\u0151 k\u00f6zvetlen vet\u00e9ssel t\u00f6rt\u00e9nhet. A patissonok ide\u00e1lisak hidegebb r\u00e9gi\u00f3kban val\u00f3 termeszt\u00e9sre.<\/p>\n<p>A patissonok helyig\u00e9ny\u00fck tekintet\u00e9ben ig\u00e9nytelenek; \u00e1ltal\u00e1ban 1 n\u00e9gyzetm\u00e9ter elegend\u0151 n\u00f6v\u00e9nyenk\u00e9nt. Lehets\u00e9ges k\u00e1rtev\u0151k: csig\u00e1k, madarak, egerek, lev\u00e9ltetvek, lisztharmat, v\u00edrusok<\/p>\n<p>A csomag 10 szem magot tartalmaz<\/p>\n","protected":false},"featured_media":37803,"comment_status":"closed","ping_status":"closed","template":"","meta":[],"product_brand":[],"product_cat":[346],"product_tag":[],"class_list":{"0":"post-37805","1":"product","2":"type-product","3":"status-publish","4":"has-post-thumbnail","6":"product_cat-cukkini-patiszon-uborka","8":"first","9":"instock","10":"taxable","11":"shipping-taxable","12":"purchasable","13":"product-type-simple"},"_links":{"self":[{"href":"https:\/\/chilimag.hu\/webshop\/wp-json\/wp\/v2\/product\/37805","targetHints":{"allow":["GET"]}}],"collection":[{"href":"https:\/\/chilimag.hu\/webshop\/wp-json\/wp\/v2\/product"}],"about":[{"href":"https:\/\/chilimag.hu\/webshop\/wp-json\/wp\/v2\/types\/product"}],"replies":[{"embeddable":true,"href":"https:\/\/chilimag.hu\/webshop\/wp-json\/wp\/v2\/comments?post=37805"}],"wp:featuredmedia":[{"embeddable":true,"href":"https:\/\/chilimag.hu\/webshop\/wp-json\/wp\/v2\/media\/37803"}],"wp:attachment":[{"href":"https:\/\/chilimag.hu\/webshop\/wp-json\/wp\/v2\/media?parent=37805"}],"wp:term":[{"taxonomy":"product_brand","embeddable":true,"href":"https:\/\/chilimag.hu\/webshop\/wp-json\/wp\/v2\/product_brand?post=37805"},{"taxonomy":"product_cat","embeddable":true,"href":"https:\/\/chilimag.hu\/webshop\/wp-json\/wp\/v2\/product_cat?post=37805"},{"taxonomy":"product_tag","embeddable":true,"href":"https:\/\/chilimag.hu\/webshop\/wp-json\/wp\/v2\/product_tag?post=37805"}],"curies":[{"name":"wp","href":"https:\/\/api.w.org\/{rel}","templated":true}]}}