{"id":37796,"date":"2025-08-28T17:49:39","date_gmt":"2025-08-28T17:49:39","guid":{"rendered":"https:\/\/chilimag.hu\/webshop\/?post_type=product&#038;p=37796"},"modified":"2026-04-28T10:27:53","modified_gmt":"2026-04-28T10:27:53","slug":"avalanche-f1-pmt-b-s-tok","status":"publish","type":"product","link":"https:\/\/chilimag.hu\/webshop\/termek\/avalanche-f1-pmt-b-s-tok\/","title":{"rendered":"Avalanche F1 PMT B-S T\u00f6k"},"content":{"rendered":"","protected":false},"excerpt":{"rendered":"<p><img decoding=\"async\" src=\"https:\/\/chilimag.hu\/webshop\/wp-content\/uploads\/2022\/10\/bobby-seeds-test-logo-150x150.png\" \/><\/p>\n<p>Term\u00e9kle\u00edr\u00e1s<\/p>\n<p>&#8222;Avalanche F1 PMT&#8221;<\/p>\n<p>Nagyon sz\u00e9p, kis feh\u00e9r t\u00f6k dekor\u00e1ci\u00f3nak<\/p>\n<p>Nagyon sz\u00e9p form\u00e1j\u00fa, k\u00f6zepes m\u00e9ret\u0171 feh\u00e9r t\u00f6k, kerek alak\u00fa, vonz\u00f3an bord\u00e1zott. Nagyfok\u00fa egy\u00f6ntet\u0171s\u00e9g \u00e9s \u00e1tlagon fel\u00fcli term\u00e9shozam jellemzi ezt a nagyszer\u0171 fajt\u00e1t. T\u00f6bb mint 5 gy\u00fcm\u00f6lcs v\u00e1rhat\u00f3 egy bokros, kompakt n\u00f6v\u00e9nyen. Ezeknek a gy\u00f6ny\u00f6r\u0171 gy\u00fcm\u00f6lcs\u00f6knek a feh\u00e9r sz\u00edne nagyon j\u00f3l el\u00e1ll, de a gy\u00fcm\u00f6lcs\u00f6ket nem szabad t\u00fal sok\u00e1ig a sz\u00e1nt\u00f3f\u00f6ld\u00f6n hagyni, \u00e9s betakar\u00edt\u00e1s ut\u00e1n s\u00f6t\u00e9t helyen kell t\u00e1rolni az elsz\u00ednez\u0151d\u00e9s elker\u00fcl\u00e9se \u00e9rdek\u00e9ben. Gy\u00fcm\u00f6lcst\u00f6meg kb. 2-2,5 kg. A n\u00f6v\u00e9nyek ellen\u00e1llnak a lisztharmatnak.<\/p>\n<p>Cucurbita pepo<br \/>\n\u00c9rkez\u00e9si id\u0151: 95 nap<br \/>\nSz\u0151l\u0151\u00fcltetv\u00e9ny habitusa: Bokros-t\u00f6m\u00f6r<\/p>\n<p>A Cucurbita pepo j\u00f3l fejl\u0151dik meleg, j\u00f3 v\u00edzelvezet\u00e9s\u0171 talajban. El\u0151m\u0171vel\u00e9s \u00e9s \u00fcltet\u00e9s vet\u00e9ssel \u00e1prilis v\u00e9g\u00e9t\u0151l, vagy k\u00f6zvetlen vet\u00e9s m\u00e1jus elej\u00e9t\u0151l. Ez a fajta ide\u00e1lis hidegebb r\u00e9gi\u00f3kban val\u00f3 termeszt\u00e9sre.<\/p>\n<p>A t\u00f6k\u00f6k \u00fcltet\u00e9si t\u00e1vols\u00e1ga a k\u00fasz\u00f3k\u00e9pess\u00e9g\u00fckt\u0151l f\u00fcgg; A White Lightning F1 eset\u00e9ben n\u00f6v\u00e9nyenk\u00e9nt 1-2 n\u00e9gyzetm\u00e9tert javaslunk.<\/p>\n<p>Potenci\u00e1lis k\u00e1rtev\u0151k: csig\u00e1k, madarak, egerek, lev\u00e9ltetvek, lisztharmat, v\u00edrusok<\/p>\n<p>A csomag 10 szem magot tartalmaz<\/p>\n<p>&nbsp;<\/p>\n<p>&nbsp;<\/p>\n","protected":false},"featured_media":37797,"comment_status":"closed","ping_status":"closed","template":"","meta":[],"product_brand":[],"product_cat":[345],"product_tag":[],"class_list":{"0":"post-37796","1":"product","2":"type-product","3":"status-publish","4":"has-post-thumbnail","6":"product_cat-suto-fozo-es-disztokok","8":"first","9":"outofstock","10":"taxable","11":"shipping-taxable","12":"purchasable","13":"product-type-simple"},"_links":{"self":[{"href":"https:\/\/chilimag.hu\/webshop\/wp-json\/wp\/v2\/product\/37796","targetHints":{"allow":["GET"]}}],"collection":[{"href":"https:\/\/chilimag.hu\/webshop\/wp-json\/wp\/v2\/product"}],"about":[{"href":"https:\/\/chilimag.hu\/webshop\/wp-json\/wp\/v2\/types\/product"}],"replies":[{"embeddable":true,"href":"https:\/\/chilimag.hu\/webshop\/wp-json\/wp\/v2\/comments?post=37796"}],"wp:featuredmedia":[{"embeddable":true,"href":"https:\/\/chilimag.hu\/webshop\/wp-json\/wp\/v2\/media\/37797"}],"wp:attachment":[{"href":"https:\/\/chilimag.hu\/webshop\/wp-json\/wp\/v2\/media?parent=37796"}],"wp:term":[{"taxonomy":"product_brand","embeddable":true,"href":"https:\/\/chilimag.hu\/webshop\/wp-json\/wp\/v2\/product_brand?post=37796"},{"taxonomy":"product_cat","embeddable":true,"href":"https:\/\/chilimag.hu\/webshop\/wp-json\/wp\/v2\/product_cat?post=37796"},{"taxonomy":"product_tag","embeddable":true,"href":"https:\/\/chilimag.hu\/webshop\/wp-json\/wp\/v2\/product_tag?post=37796"}],"curies":[{"name":"wp","href":"https:\/\/api.w.org\/{rel}","templated":true}]}}