{"id":37794,"date":"2025-08-28T17:43:16","date_gmt":"2025-08-28T17:43:16","guid":{"rendered":"https:\/\/chilimag.hu\/webshop\/?post_type=product&#038;p=37794"},"modified":"2026-04-16T19:08:46","modified_gmt":"2026-04-16T19:08:46","slug":"sutotok-australian-butter-b-s","status":"publish","type":"product","link":"https:\/\/chilimag.hu\/webshop\/termek\/sutotok-australian-butter-b-s\/","title":{"rendered":"Australian Butter S\u00fct\u0151t\u00f6k  B-S"},"content":{"rendered":"","protected":false},"excerpt":{"rendered":"<p><img decoding=\"async\" src=\"https:\/\/chilimag.hu\/webshop\/wp-content\/uploads\/2022\/10\/bobby-seeds-test-logo-150x150.png\" \/><\/p>\n<p>Term\u00e9kle\u00edr\u00e1s<\/p>\n<p>&#8222;Ausztr\u00e1l vaj&#8221;<\/p>\n<p>Egyedi \u00e9s p\u00e1ratlanul j\u00f3 term\u00e9k<\/p>\n<p>3 hossz\u00fa \u00e9vbe telt, de most m\u00e1r az eredeti ausztr\u00e1l vajat k\u00edn\u00e1ljuk \u00d6nnek. Val\u00f3sz\u00edn\u0171leg jelenleg mi vagyunk az egyetlen forr\u00e1sa ennek a kiemelked\u0151 fajt\u00e1nak. A gy\u00fcm\u00f6lcs\u00f6k enyh\u00e9n bord\u00e1zottak, laposak \u00e9s lazacsz\u00edn\u0171ek. Rokons\u00e1guk, vagy ink\u00e1bb csoporthovatartoz\u00e1suk a turb\u00e1nt\u00f6k\u00f6kkel egy\u00e9rtelm\u0171en megmutatkozik. A k\u00f6r\u00fclbel\u00fcl 5 kg-os t\u00f6k\u00f6k h\u00fasa t\u00f6m\u00f6r, s\u00f6t\u00e9t narancss\u00e1rga \u00e9s kiv\u00e1l\u00f3 min\u0151s\u00e9g\u0171.<\/p>\n<p>Cucurbita maxima<br \/>\n\u00c9rkez\u00e9si id\u0151: 100 nap<br \/>\nK\u00e9zm\u0171ves habitus: er\u0151s<\/p>\n<p>A t\u00f6k meleg, j\u00f3 v\u00edzelvezet\u00e9s\u0171 talajban fejl\u0151dik. El\u0151m\u0171vel\u00e9s \u00e9s \u00fcltet\u00e9s, vet\u00e9ssel \u00e1prilis v\u00e9g\u00e9t\u0151l, vagy k\u00f6zvetlen vet\u00e9s m\u00e1jus elej\u00e9t\u0151l.<\/p>\n<p>Er\u0151s ind\u00e1s habitusa miatt ez a n\u00f6v\u00e9ny k\u00f6r\u00fclbel\u00fcl 2-4 n\u00e9gyzetm\u00e9ternyi helyet ig\u00e9nyel.<\/p>\n<p>Lehets\u00e9ges k\u00e1rtev\u0151k: csig\u00e1k, madarak, egerek, tetvek, lisztharmat, v\u00edrus<\/p>\n<p>A csomag 10 szem magot tartalmaz<\/p>\n<p>&nbsp;<\/p>\n","protected":false},"featured_media":37795,"comment_status":"closed","ping_status":"closed","template":"","meta":[],"product_brand":[],"product_cat":[345],"product_tag":[],"class_list":{"0":"post-37794","1":"product","2":"type-product","3":"status-publish","4":"has-post-thumbnail","6":"product_cat-suto-fozo-es-disztokok","8":"first","9":"outofstock","10":"taxable","11":"shipping-taxable","12":"purchasable","13":"product-type-simple"},"_links":{"self":[{"href":"https:\/\/chilimag.hu\/webshop\/wp-json\/wp\/v2\/product\/37794","targetHints":{"allow":["GET"]}}],"collection":[{"href":"https:\/\/chilimag.hu\/webshop\/wp-json\/wp\/v2\/product"}],"about":[{"href":"https:\/\/chilimag.hu\/webshop\/wp-json\/wp\/v2\/types\/product"}],"replies":[{"embeddable":true,"href":"https:\/\/chilimag.hu\/webshop\/wp-json\/wp\/v2\/comments?post=37794"}],"wp:featuredmedia":[{"embeddable":true,"href":"https:\/\/chilimag.hu\/webshop\/wp-json\/wp\/v2\/media\/37795"}],"wp:attachment":[{"href":"https:\/\/chilimag.hu\/webshop\/wp-json\/wp\/v2\/media?parent=37794"}],"wp:term":[{"taxonomy":"product_brand","embeddable":true,"href":"https:\/\/chilimag.hu\/webshop\/wp-json\/wp\/v2\/product_brand?post=37794"},{"taxonomy":"product_cat","embeddable":true,"href":"https:\/\/chilimag.hu\/webshop\/wp-json\/wp\/v2\/product_cat?post=37794"},{"taxonomy":"product_tag","embeddable":true,"href":"https:\/\/chilimag.hu\/webshop\/wp-json\/wp\/v2\/product_tag?post=37794"}],"curies":[{"name":"wp","href":"https:\/\/api.w.org\/{rel}","templated":true}]}}