{"id":37788,"date":"2025-08-28T17:22:41","date_gmt":"2025-08-28T17:22:41","guid":{"rendered":"https:\/\/chilimag.hu\/webshop\/?post_type=product&#038;p=37788"},"modified":"2026-04-05T11:59:55","modified_gmt":"2026-04-05T11:59:55","slug":"sargarepa-rouge-sang-bio-b-s","status":"publish","type":"product","link":"https:\/\/chilimag.hu\/webshop\/termek\/sargarepa-rouge-sang-bio-b-s\/","title":{"rendered":"S\u00e1rgar\u00e9pa Rouge Sang Bio B-S"},"content":{"rendered":"","protected":false},"excerpt":{"rendered":"<p><img decoding=\"async\" src=\"https:\/\/chilimag.hu\/webshop\/wp-content\/uploads\/2022\/10\/bobby-seeds-test-logo-150x150.png\" \/><\/p>\n<p>Term\u00e9kle\u00edr\u00e1s<\/p>\n<p>&#8222;Rouge Sang, Bio s\u00e1rgar\u00e9pa&#8221;<\/p>\n<p>Arom\u00e1s-\u00e9des k\u00fcl\u00f6nlegess\u00e9g Franciaorsz\u00e1gb\u00f3l<\/p>\n<p>Egy nagyon \u00e9des \u00e9s arom\u00e1s francia fajta, amelyet el\u0151sz\u00f6r 1897-ben eml\u00edtenek. N\u00e9met\u00fcl a fajta jelent\u00e9se &#8222;v\u00e9rv\u00f6r\u00f6s&#8221;. A s\u00e1rgar\u00e9pa a v\u00e1ll\u00e1n k\u00e1rminv\u00f6r\u00f6s, \u00e9s a gy\u00f6k\u00e9rcs\u00facs fel\u00e9 narancss\u00e1rg\u00e1ra sz\u00ednez\u0151dik. A s\u00e1rgar\u00e9pa bel\u00fcl narancss\u00e1rga. A vet\u00e9st\u0151l a betakar\u00edt\u00e1sig eltelt 120 nappal ez egy k\u00f6z\u00e9pkorai fajta.<\/p>\n<p>Daucus carota<br \/>\nSz\u00fcreti id\u0151szak: 120-130 nap a vet\u00e9s ut\u00e1n<br \/>\nVet\u00e9s id\u0151pontja: m\u00e1rciust\u00f3l j\u00fanius elej\u00e9ig<br \/>\nAdag: 400 magot tartalmaz<br \/>\nVet\u00e9s k\u00f6zvetlen\u00fcl a szabadban, 0,5 cm vet\u00e9sm\u00e9lys\u00e9g<\/p>\n<p>Sort\u00e1vols\u00e1g: 30-40 cm, soron bel\u00fcl 5-8 cm<\/p>\n<p>A s\u00e1rgar\u00e9pal\u00e9gy elleni v\u00e9dekez\u00e9s \u00e9rdek\u00e9ben v\u00e1lasszon ny\u00edlt, szeles helyeket, vagy takarja le h\u00e1l\u00f3val. Ne haszn\u00e1ljon friss m\u0171tr\u00e1gy\u00e1t. Csak 6 \u00e9vente \u00fcltessen s\u00e1rgar\u00e9p\u00e1t ugyanarra a helyre. J\u00f3l fejl\u0151dik kukoric\u00e1val, paradicsommal, hagym\u00e1val, sal\u00e1t\u00e1val \u00e9s burgony\u00e1val.<\/p>\n<p>&nbsp;<\/p>\n","protected":false},"featured_media":37789,"comment_status":"closed","ping_status":"closed","template":"","meta":[],"product_brand":[],"product_cat":[329],"product_tag":[],"class_list":{"0":"post-37788","1":"product","2":"type-product","3":"status-publish","4":"has-post-thumbnail","6":"product_cat-zoldseg-vetomagok-egyeb-es-kulonleges-vetomagok","8":"first","9":"instock","10":"taxable","11":"shipping-taxable","12":"purchasable","13":"product-type-simple"},"_links":{"self":[{"href":"https:\/\/chilimag.hu\/webshop\/wp-json\/wp\/v2\/product\/37788","targetHints":{"allow":["GET"]}}],"collection":[{"href":"https:\/\/chilimag.hu\/webshop\/wp-json\/wp\/v2\/product"}],"about":[{"href":"https:\/\/chilimag.hu\/webshop\/wp-json\/wp\/v2\/types\/product"}],"replies":[{"embeddable":true,"href":"https:\/\/chilimag.hu\/webshop\/wp-json\/wp\/v2\/comments?post=37788"}],"wp:featuredmedia":[{"embeddable":true,"href":"https:\/\/chilimag.hu\/webshop\/wp-json\/wp\/v2\/media\/37789"}],"wp:attachment":[{"href":"https:\/\/chilimag.hu\/webshop\/wp-json\/wp\/v2\/media?parent=37788"}],"wp:term":[{"taxonomy":"product_brand","embeddable":true,"href":"https:\/\/chilimag.hu\/webshop\/wp-json\/wp\/v2\/product_brand?post=37788"},{"taxonomy":"product_cat","embeddable":true,"href":"https:\/\/chilimag.hu\/webshop\/wp-json\/wp\/v2\/product_cat?post=37788"},{"taxonomy":"product_tag","embeddable":true,"href":"https:\/\/chilimag.hu\/webshop\/wp-json\/wp\/v2\/product_tag?post=37788"}],"curies":[{"name":"wp","href":"https:\/\/api.w.org\/{rel}","templated":true}]}}