{"id":37784,"date":"2025-08-28T17:14:34","date_gmt":"2025-08-28T17:14:34","guid":{"rendered":"https:\/\/chilimag.hu\/webshop\/?post_type=product&#038;p=37784"},"modified":"2026-03-29T18:44:52","modified_gmt":"2026-03-29T18:44:52","slug":"german-gold-bio-b-s-paradicsom","status":"publish","type":"product","link":"https:\/\/chilimag.hu\/webshop\/termek\/german-gold-bio-b-s-paradicsom\/","title":{"rendered":"German Gold Bio B-S Paradicsom"},"content":{"rendered":"","protected":false},"excerpt":{"rendered":"<p>Term\u00e9kle\u00edr\u00e1s<\/p>\n<p><img decoding=\"async\" src=\"https:\/\/chilimag.hu\/webshop\/wp-content\/uploads\/2022\/10\/bobby-seeds-test-logo-150x150.png\" \/><\/p>\n<p>&#8222;N\u00e9met Arany Paradicsom, Ritkas\u00e1g. Bio&#8221;<\/p>\n<p>A German Gold nagyon nagy, s\u00e1rga, lapos, kerek, v\u00f6r\u00f6s l\u00e1ng\u00fa gy\u00fcm\u00f6lcs\u00f6ket terem. A gy\u00fcm\u00f6lcs\u00f6k nagyon h\u00fasosak \u00e9s l\u00e9d\u00fasak, kiv\u00e1l\u00f3 \u00edzzel.<\/p>\n<p>Solanum lycopersicum<br \/>\n\u00dcltet\u00e9si t\u00e1vols\u00e1g: kb. 60 x 60 cm<br \/>\nEgy adag kb. 15 n\u00f6v\u00e9nyhez elegend\u0151<br \/>\nEnn\u00e9l a fajt\u00e1n\u00e1l f\u00f3lia alatt vagy \u00fcvegh\u00e1zban t\u00f6rt\u00e9n\u0151 termeszt\u00e9st javasolunk. N\u00f6v\u00e9nymagass\u00e1g kb. 2 m, nagyon er\u0151teljes, kar\u00f3kra t\u00e1maszkod\u00e1s sz\u00fcks\u00e9ges.<\/p>\n<p>Paradicsom tipp:<br \/>\nSoha ne \u00f6nt\u00f6zze a n\u00f6v\u00e9nyeket hideg csapv\u00edzzel; a v\u00edznek legal\u00e1bb szobah\u0151m\u00e9rs\u00e9klet\u0171nek kell lennie. Mindig \u00fcgyeljen arra, hogy a levelek sz\u00e1razak maradjanak, hogy cs\u00f6kkentse a paradicsom rothad\u00e1s\u00e1nak kock\u00e1zat\u00e1t.<\/p>\n<p>A csomag 10 szem magot tartalmaz<\/p>\n<p>&nbsp;<\/p>\n<p>&nbsp;<\/p>\n","protected":false},"featured_media":37785,"comment_status":"closed","ping_status":"closed","template":"","meta":[],"product_brand":[],"product_cat":[10],"product_tag":[],"class_list":{"0":"post-37784","1":"product","2":"type-product","3":"status-publish","4":"has-post-thumbnail","6":"product_cat-paradicsom","8":"first","9":"instock","10":"taxable","11":"shipping-taxable","12":"purchasable","13":"product-type-simple"},"_links":{"self":[{"href":"https:\/\/chilimag.hu\/webshop\/wp-json\/wp\/v2\/product\/37784","targetHints":{"allow":["GET"]}}],"collection":[{"href":"https:\/\/chilimag.hu\/webshop\/wp-json\/wp\/v2\/product"}],"about":[{"href":"https:\/\/chilimag.hu\/webshop\/wp-json\/wp\/v2\/types\/product"}],"replies":[{"embeddable":true,"href":"https:\/\/chilimag.hu\/webshop\/wp-json\/wp\/v2\/comments?post=37784"}],"wp:featuredmedia":[{"embeddable":true,"href":"https:\/\/chilimag.hu\/webshop\/wp-json\/wp\/v2\/media\/37785"}],"wp:attachment":[{"href":"https:\/\/chilimag.hu\/webshop\/wp-json\/wp\/v2\/media?parent=37784"}],"wp:term":[{"taxonomy":"product_brand","embeddable":true,"href":"https:\/\/chilimag.hu\/webshop\/wp-json\/wp\/v2\/product_brand?post=37784"},{"taxonomy":"product_cat","embeddable":true,"href":"https:\/\/chilimag.hu\/webshop\/wp-json\/wp\/v2\/product_cat?post=37784"},{"taxonomy":"product_tag","embeddable":true,"href":"https:\/\/chilimag.hu\/webshop\/wp-json\/wp\/v2\/product_tag?post=37784"}],"curies":[{"name":"wp","href":"https:\/\/api.w.org\/{rel}","templated":true}]}}