{"id":37766,"date":"2025-08-28T05:37:55","date_gmt":"2025-08-28T05:37:55","guid":{"rendered":"https:\/\/chilimag.hu\/webshop\/?post_type=product&#038;p=37766"},"modified":"2026-04-12T07:34:03","modified_gmt":"2026-04-12T07:34:03","slug":"zsomborlevelu-csucsor","status":"publish","type":"product","link":"https:\/\/chilimag.hu\/webshop\/termek\/zsomborlevelu-csucsor\/","title":{"rendered":"Zsomborlevel\u0171 csucsor"},"content":{"rendered":"","protected":false},"excerpt":{"rendered":"<p>Term\u00e9kle\u00edr\u00e1s<\/p>\n<p>Latin n\u00e9v:Solanum sisymbrifolium<\/p>\n<p>Az \u00e9retten 2\u20133\u00a0cm nagys\u00e1g\u00fara megn\u00f6v\u0151, piros gy\u00fcm\u00f6lcse ehet\u0151.<\/p>\n<p>Nagyon \u00e9des term\u00e9st hoz. Vigy\u00e1zat, a n\u00f6v\u00e9ny tele van t\u00f6visekkel! Betakar\u00edt\u00e1skor viseljen keszty\u0171t.<\/p>\n<p>A csomag 5 szem magot tartalmaz<\/p>\n<p>&nbsp;<\/p>\n","protected":false},"featured_media":37767,"comment_status":"closed","ping_status":"closed","template":"","meta":[],"product_brand":[],"product_cat":[331,328],"product_tag":[],"class_list":{"0":"post-37766","1":"product","2":"type-product","3":"status-publish","4":"has-post-thumbnail","6":"product_cat-gyumolcs-vetomagok-egyeb-es-kulonleges-vetomagok","7":"product_cat-virag-es-disznoveny-vetomagok","9":"first","10":"outofstock","11":"taxable","12":"shipping-taxable","13":"purchasable","14":"product-type-simple"},"_links":{"self":[{"href":"https:\/\/chilimag.hu\/webshop\/wp-json\/wp\/v2\/product\/37766","targetHints":{"allow":["GET"]}}],"collection":[{"href":"https:\/\/chilimag.hu\/webshop\/wp-json\/wp\/v2\/product"}],"about":[{"href":"https:\/\/chilimag.hu\/webshop\/wp-json\/wp\/v2\/types\/product"}],"replies":[{"embeddable":true,"href":"https:\/\/chilimag.hu\/webshop\/wp-json\/wp\/v2\/comments?post=37766"}],"wp:featuredmedia":[{"embeddable":true,"href":"https:\/\/chilimag.hu\/webshop\/wp-json\/wp\/v2\/media\/37767"}],"wp:attachment":[{"href":"https:\/\/chilimag.hu\/webshop\/wp-json\/wp\/v2\/media?parent=37766"}],"wp:term":[{"taxonomy":"product_brand","embeddable":true,"href":"https:\/\/chilimag.hu\/webshop\/wp-json\/wp\/v2\/product_brand?post=37766"},{"taxonomy":"product_cat","embeddable":true,"href":"https:\/\/chilimag.hu\/webshop\/wp-json\/wp\/v2\/product_cat?post=37766"},{"taxonomy":"product_tag","embeddable":true,"href":"https:\/\/chilimag.hu\/webshop\/wp-json\/wp\/v2\/product_tag?post=37766"}],"curies":[{"name":"wp","href":"https:\/\/api.w.org\/{rel}","templated":true}]}}