{"id":37759,"date":"2025-08-28T05:11:32","date_gmt":"2025-08-28T05:11:32","guid":{"rendered":"https:\/\/chilimag.hu\/webshop\/?post_type=product&#038;p=37759"},"modified":"2026-02-02T13:25:29","modified_gmt":"2026-02-02T13:25:29","slug":"chirimojo","status":"publish","type":"product","link":"https:\/\/chilimag.hu\/webshop\/termek\/chirimojo\/","title":{"rendered":"Chirimoj\u00f3"},"content":{"rendered":"","protected":false},"excerpt":{"rendered":"<p>Term\u00e9kle\u00edr\u00e1s<\/p>\n<p>&nbsp;<\/p>\n<p>Latin n\u00e9v:Annona cherimola<\/p>\n<div class=\"WaaZC\">\n<div class=\"RJPOee EIJn2\">\n<div class=\"rPeykc\" data-hveid=\"CAQQAQ\" data-ved=\"2ahUKEwiF05Cy3qyPAxXPnf0HHd8xBWEQo_EKegQIBBAB\"><span data-huuid=\"13524097565914911751\">Annona cherimola, <mark class=\"QVRyCf\">m\u00e1s n\u00e9ven csirimoj\u00f3, egy gyorsan n\u00f6v\u0151, \u00f6r\u00f6kz\u00f6ld fa, amelynek \u00edzletes, kr\u00e9mes gy\u00fcm\u00f6lcse van, ez\u00e9rt kr\u00e9malm\u00e1nak vagy fah\u00e9jalm\u00e1nak is nevezik<\/mark>. <\/span><span data-huuid=\"13524097565914912010\">A fa s\u0171r\u0171 lomb\u00fa, 5-9 m\u00e9ter magasra n\u0151, \u00e9s szubtr\u00f3pusi, magas fekv\u00e9s\u0171, hossz\u00fa nappal\u00fa \u00e9ghajlatot kedvel. <\/span><span data-huuid=\"13524097565914912269\">A gy\u00fcm\u00f6lcs g\u00f6mb\u00f6lyded, kiss\u00e9 sz\u00edv alak\u00fa, \u00e9s kiv\u00e1l\u00f3an alkalmas friss fogyaszt\u00e1sra, gy\u00fcm\u00f6lcssal\u00e1t\u00e1kba, fagylaltokba \u00e9s desszertekbe.<span class=\"pjBG2e\" data-cid=\"9b482c16-9db8-4535-8304-d3a361fba2e5\"><span class=\"UV3uM\">\u00a0<\/span><\/span><\/span><\/p>\n<div class=\"NPrrbc\" data-cid=\"9b482c16-9db8-4535-8304-d3a361fba2e5\" data-uuids=\"13524097565914911751,13524097565914912010,13524097565914912269\">\n<div class=\"BMebGe btku5b fCrZyc LwdV0e FR7ZSc qVhvac OJeuxf\" tabindex=\"0\" role=\"button\" aria-label=\"Kapcsol\u00f3d\u00f3 linkek megjelen\u00edt\u00e9se\" data-hveid=\"CAUQAQ\" data-ved=\"2ahUKEwiF05Cy3qyPAxXPnf0HHd8xBWEQ3fYKegQIBRAB\">\n<div class=\"niO4u\">\n<div class=\"kHtcsd\"><\/div>\n<\/div>\n<\/div>\n<\/div>\n<\/div>\n<div data-hveid=\"CAQQAQ\" data-ved=\"2ahUKEwiF05Cy3qyPAxXPnf0HHd8xBWEQo_EKegQIBBAB\">A csomag 3 szem magot tartalmaz<\/div>\n<\/div>\n<\/div>\n<div class=\"WaaZC\">\n<div class=\"RJPOee EIJn2\"><\/div>\n<\/div>\n<p>&nbsp;<\/p>\n","protected":false},"featured_media":37760,"comment_status":"closed","ping_status":"closed","template":"","meta":[],"product_brand":[],"product_cat":[331],"product_tag":[],"class_list":{"0":"post-37759","1":"product","2":"type-product","3":"status-publish","4":"has-post-thumbnail","6":"product_cat-gyumolcs-vetomagok-egyeb-es-kulonleges-vetomagok","8":"first","9":"outofstock","10":"taxable","11":"shipping-taxable","12":"purchasable","13":"product-type-simple"},"_links":{"self":[{"href":"https:\/\/chilimag.hu\/webshop\/wp-json\/wp\/v2\/product\/37759","targetHints":{"allow":["GET"]}}],"collection":[{"href":"https:\/\/chilimag.hu\/webshop\/wp-json\/wp\/v2\/product"}],"about":[{"href":"https:\/\/chilimag.hu\/webshop\/wp-json\/wp\/v2\/types\/product"}],"replies":[{"embeddable":true,"href":"https:\/\/chilimag.hu\/webshop\/wp-json\/wp\/v2\/comments?post=37759"}],"wp:featuredmedia":[{"embeddable":true,"href":"https:\/\/chilimag.hu\/webshop\/wp-json\/wp\/v2\/media\/37760"}],"wp:attachment":[{"href":"https:\/\/chilimag.hu\/webshop\/wp-json\/wp\/v2\/media?parent=37759"}],"wp:term":[{"taxonomy":"product_brand","embeddable":true,"href":"https:\/\/chilimag.hu\/webshop\/wp-json\/wp\/v2\/product_brand?post=37759"},{"taxonomy":"product_cat","embeddable":true,"href":"https:\/\/chilimag.hu\/webshop\/wp-json\/wp\/v2\/product_cat?post=37759"},{"taxonomy":"product_tag","embeddable":true,"href":"https:\/\/chilimag.hu\/webshop\/wp-json\/wp\/v2\/product_tag?post=37759"}],"curies":[{"name":"wp","href":"https:\/\/api.w.org\/{rel}","templated":true}]}}