{"id":37751,"date":"2025-08-27T13:55:00","date_gmt":"2025-08-27T13:55:00","guid":{"rendered":"https:\/\/chilimag.hu\/webshop\/?post_type=product&#038;p=37751"},"modified":"2026-04-06T18:26:14","modified_gmt":"2026-04-06T18:26:14","slug":"molyhos-golgotavirag","status":"publish","type":"product","link":"https:\/\/chilimag.hu\/webshop\/termek\/molyhos-golgotavirag\/","title":{"rendered":"Molyhos golgotavir\u00e1g"},"content":{"rendered":"","protected":false},"excerpt":{"rendered":"<p>Term\u00e9kle\u00edr\u00e1s<\/p>\n<p>A curuba viszonylag ismeretlen gy\u00fcm\u00f6lcs ebben az orsz\u00e1gban. A s\u00e1rga gy\u00fcm\u00f6lcs\u00f6t ban\u00e1nos maracuj\u00e1nak is nevezik, mivel alakja \u00e9s sz\u00edne halv\u00e1nyan hasonl\u00edt egy \u00e9retlen ban\u00e1nra. A narancss\u00e1rga h\u00fas zsel\u00e9szer\u0171 \u00e1llag\u00fa, \u00e9s sz\u00e1mos ehet\u0151 mag tark\u00edtja.<\/p>\n<p><span data-huuid=\"16468141169627164419\">A Passiflora mollissima, <mark class=\"QVRyCf\">avagy molyhos golgotavir\u00e1g<\/mark>, egy \u00f6r\u00f6kz\u00f6ld vagy f\u00e9l\u00f6r\u00f6kz\u00f6ld k\u00fasz\u00f3n\u00f6v\u00e9ny, amely Braz\u00edlia \u00e9s a magas fekv\u00e9s\u0171 Andok-vid\u00e9k (Venezuela, Kolumbia, Peru, Bol\u00edvia) sz\u00fcl\u00f6tte. <\/span><span data-huuid=\"16468141169627164408\">Jellegzetes, \u00e9l\u00e9nk r\u00f3zsasz\u00edn vir\u00e1gai \u00e9s ehet\u0151, s\u00e1rga, ban\u00e1nra eml\u00e9keztet\u0151 term\u00e9sei vannak, amelyeket a n\u00f6v\u00e9nyt a termeszt\u00e9sben gyakran a vir\u00e1gai\u00e9rt \u00e9s a gy\u00fcm\u00f6lcsei\u00e9rt \u00fcltetik<\/span><\/p>\n<p>A csomag 5 szem magot tartalmaz<\/p>\n<p>&nbsp;<\/p>\n","protected":false},"featured_media":37752,"comment_status":"closed","ping_status":"closed","template":"","meta":[],"product_brand":[],"product_cat":[331],"product_tag":[],"class_list":{"0":"post-37751","1":"product","2":"type-product","3":"status-publish","4":"has-post-thumbnail","6":"product_cat-gyumolcs-vetomagok-egyeb-es-kulonleges-vetomagok","8":"first","9":"instock","10":"taxable","11":"shipping-taxable","12":"purchasable","13":"product-type-simple"},"_links":{"self":[{"href":"https:\/\/chilimag.hu\/webshop\/wp-json\/wp\/v2\/product\/37751","targetHints":{"allow":["GET"]}}],"collection":[{"href":"https:\/\/chilimag.hu\/webshop\/wp-json\/wp\/v2\/product"}],"about":[{"href":"https:\/\/chilimag.hu\/webshop\/wp-json\/wp\/v2\/types\/product"}],"replies":[{"embeddable":true,"href":"https:\/\/chilimag.hu\/webshop\/wp-json\/wp\/v2\/comments?post=37751"}],"wp:featuredmedia":[{"embeddable":true,"href":"https:\/\/chilimag.hu\/webshop\/wp-json\/wp\/v2\/media\/37752"}],"wp:attachment":[{"href":"https:\/\/chilimag.hu\/webshop\/wp-json\/wp\/v2\/media?parent=37751"}],"wp:term":[{"taxonomy":"product_brand","embeddable":true,"href":"https:\/\/chilimag.hu\/webshop\/wp-json\/wp\/v2\/product_brand?post=37751"},{"taxonomy":"product_cat","embeddable":true,"href":"https:\/\/chilimag.hu\/webshop\/wp-json\/wp\/v2\/product_cat?post=37751"},{"taxonomy":"product_tag","embeddable":true,"href":"https:\/\/chilimag.hu\/webshop\/wp-json\/wp\/v2\/product_tag?post=37751"}],"curies":[{"name":"wp","href":"https:\/\/api.w.org\/{rel}","templated":true}]}}