{"id":37749,"date":"2025-08-27T13:50:04","date_gmt":"2025-08-27T13:50:04","guid":{"rendered":"https:\/\/chilimag.hu\/webshop\/?post_type=product&#038;p=37749"},"modified":"2025-08-27T15:29:33","modified_gmt":"2025-08-27T15:29:33","slug":"gac-gyumolcs","status":"publish","type":"product","link":"https:\/\/chilimag.hu\/webshop\/termek\/gac-gyumolcs\/","title":{"rendered":"Gac gy\u00fcm\u00f6lcs"},"content":{"rendered":"","protected":false},"excerpt":{"rendered":"<p>Term\u00e9kle\u00edr\u00e1s<\/p>\n<p>Gac fruit &#8211; <b>Momordica cochinchinensis<\/b><\/p>\n<p><b><span data-huuid=\"4698059019936436201\"><mark class=\"QVRyCf\">D\u00e9lkelet-\u00c1zsi\u00e1ban \u00e9s Ausztr\u00e1li\u00e1ban honos n\u00f6v\u00e9ny, amelynek s\u00e1rga vagy narancsv\u00f6r\u00f6s, t\u00fcsk\u00e9s h\u00e9j\u00fa term\u00e9se van<\/mark>. <\/span><span data-huuid=\"4698059019936432980\">A gy\u00fcm\u00f6lcs belsej\u00e9ben piros, \u00e9desk\u00e9s gy\u00fcm\u00f6lcsh\u00fas tal\u00e1lhat\u00f3, gazdag <a class=\"DTlJ6d\" href=\"https:\/\/www.google.com\/search?sca_esv=71a2141a21d8c97d&amp;cs=0&amp;sxsrf=AE3TifMl-fhz16D5FVtBXusTw2zu2XieUA%3A1756302435532&amp;q=b%C3%A9ta-karotinban&amp;sa=X&amp;ved=2ahUKEwj334S2kKuPAxX0-gIHHX3JAAsQxccNegQIBBAB&amp;mstk=AUtExfDOgsgZkNwGEYTwHeQT8yhpW0gTRhELUZGxjEbDICUnXFNagNsSmcvjmehjnqhb1Xo6SyEA4YDGp6T07KNBFd5XSA-EMWkvzVyXRULmyTIFCsBXwCoN_KlBPgeFFH9D2Bb4k9-oNOkzIhZ44BfudelUYuJOCT5RkDhZENsT6LPRLgoAnvlU3lvNdMjmFSNgCXCCMWnoZ7kMrKT4Jkkr2Mm_PdS7eFf0Icw6DXSL66V-9JEg533MlcsE3zxJKs0Wz0uSJlZrj5Y-Ieo6W2hIFc57&amp;csui=3\" target=\"_blank\" rel=\"noopener\" data-hveid=\"CAQQAQ\">b\u00e9ta-karotinban<\/a> \u00e9s <span class=\"M5tQyf\"><a class=\"DTlJ6d\" href=\"https:\/\/www.google.com\/search?sca_esv=71a2141a21d8c97d&amp;cs=0&amp;sxsrf=AE3TifMl-fhz16D5FVtBXusTw2zu2XieUA%3A1756302435532&amp;q=likopinban&amp;sa=X&amp;ved=2ahUKEwj334S2kKuPAxX0-gIHHX3JAAsQxccNegQIBBAC&amp;mstk=AUtExfDOgsgZkNwGEYTwHeQT8yhpW0gTRhELUZGxjEbDICUnXFNagNsSmcvjmehjnqhb1Xo6SyEA4YDGp6T07KNBFd5XSA-EMWkvzVyXRULmyTIFCsBXwCoN_KlBPgeFFH9D2Bb4k9-oNOkzIhZ44BfudelUYuJOCT5RkDhZENsT6LPRLgoAnvlU3lvNdMjmFSNgCXCCMWnoZ7kMrKT4Jkkr2Mm_PdS7eFf0Icw6DXSL66V-9JEg533MlcsE3zxJKs0Wz0uSJlZrj5Y-Ieo6W2hIFc57&amp;csui=3\" target=\"_blank\" rel=\"noopener\" data-hveid=\"CAQQAg\">likopinban<\/a>,<\/span>emellett pedig antioxid\u00e1ns hat\u00e1s\u00fa. <\/span><span data-huuid=\"4698059019936433855\">A magok k\u00f6r\u00fcl l\u00e9v\u0151 gy\u00fcm\u00f6lcsh\u00fast haszn\u00e1lj\u00e1k fel, ami port vagy lisztet k\u00e9pezhet, kozmetikumokban antioxid\u00e1nsk\u00e9nt.<span class=\"pjBG2e\" data-cid=\"b3b01e57-ecdb-49c9-be67-bce2cb64cdd7\"><span class=\"UV3uM\">\u00a0<\/span><\/span><\/span><\/b><\/p>\n<p>&nbsp;<\/p>\n<p>A csomag 2 szem magot tartalmaz<\/p>\n","protected":false},"featured_media":37750,"comment_status":"closed","ping_status":"closed","template":"","meta":[],"product_brand":[],"product_cat":[331],"product_tag":[],"class_list":{"0":"post-37749","1":"product","2":"type-product","3":"status-publish","4":"has-post-thumbnail","6":"product_cat-gyumolcs-vetomagok-egyeb-es-kulonleges-vetomagok","8":"first","9":"instock","10":"taxable","11":"shipping-taxable","12":"purchasable","13":"product-type-simple"},"_links":{"self":[{"href":"https:\/\/chilimag.hu\/webshop\/wp-json\/wp\/v2\/product\/37749","targetHints":{"allow":["GET"]}}],"collection":[{"href":"https:\/\/chilimag.hu\/webshop\/wp-json\/wp\/v2\/product"}],"about":[{"href":"https:\/\/chilimag.hu\/webshop\/wp-json\/wp\/v2\/types\/product"}],"replies":[{"embeddable":true,"href":"https:\/\/chilimag.hu\/webshop\/wp-json\/wp\/v2\/comments?post=37749"}],"wp:featuredmedia":[{"embeddable":true,"href":"https:\/\/chilimag.hu\/webshop\/wp-json\/wp\/v2\/media\/37750"}],"wp:attachment":[{"href":"https:\/\/chilimag.hu\/webshop\/wp-json\/wp\/v2\/media?parent=37749"}],"wp:term":[{"taxonomy":"product_brand","embeddable":true,"href":"https:\/\/chilimag.hu\/webshop\/wp-json\/wp\/v2\/product_brand?post=37749"},{"taxonomy":"product_cat","embeddable":true,"href":"https:\/\/chilimag.hu\/webshop\/wp-json\/wp\/v2\/product_cat?post=37749"},{"taxonomy":"product_tag","embeddable":true,"href":"https:\/\/chilimag.hu\/webshop\/wp-json\/wp\/v2\/product_tag?post=37749"}],"curies":[{"name":"wp","href":"https:\/\/api.w.org\/{rel}","templated":true}]}}