{"id":37743,"date":"2025-08-27T13:36:57","date_gmt":"2025-08-27T13:36:57","guid":{"rendered":"https:\/\/chilimag.hu\/webshop\/?post_type=product&#038;p=37743"},"modified":"2025-08-27T13:41:15","modified_gmt":"2025-08-27T13:41:15","slug":"mini-kokuszdio","status":"publish","type":"product","link":"https:\/\/chilimag.hu\/webshop\/termek\/mini-kokuszdio\/","title":{"rendered":"Mini k\u00f3kuszdi\u00f3"},"content":{"rendered":"","protected":false},"excerpt":{"rendered":"<p>Term\u00e9kle\u00edr\u00e1s<\/p>\n<p>A mini k\u00f3kuszdi\u00f3 (Jubaea chilensis) egy ehet\u0151 mini k\u00f3kuszdi\u00f3, m\u00e1s n\u00e9ven koquito.<br \/>\n-15 Celsius-fokig ellen\u00e1ll\u00f3 \u00e9s nagyon strapab\u00edr\u00f3.<\/p>\n<p>A csomag 2 szem magot tartalmaz<\/p>\n","protected":false},"featured_media":37744,"comment_status":"closed","ping_status":"closed","template":"","meta":[],"product_brand":[],"product_cat":[331],"product_tag":[],"class_list":{"0":"post-37743","1":"product","2":"type-product","3":"status-publish","4":"has-post-thumbnail","6":"product_cat-gyumolcs-vetomagok-egyeb-es-kulonleges-vetomagok","8":"first","9":"instock","10":"taxable","11":"shipping-taxable","12":"purchasable","13":"product-type-simple"},"_links":{"self":[{"href":"https:\/\/chilimag.hu\/webshop\/wp-json\/wp\/v2\/product\/37743","targetHints":{"allow":["GET"]}}],"collection":[{"href":"https:\/\/chilimag.hu\/webshop\/wp-json\/wp\/v2\/product"}],"about":[{"href":"https:\/\/chilimag.hu\/webshop\/wp-json\/wp\/v2\/types\/product"}],"replies":[{"embeddable":true,"href":"https:\/\/chilimag.hu\/webshop\/wp-json\/wp\/v2\/comments?post=37743"}],"wp:featuredmedia":[{"embeddable":true,"href":"https:\/\/chilimag.hu\/webshop\/wp-json\/wp\/v2\/media\/37744"}],"wp:attachment":[{"href":"https:\/\/chilimag.hu\/webshop\/wp-json\/wp\/v2\/media?parent=37743"}],"wp:term":[{"taxonomy":"product_brand","embeddable":true,"href":"https:\/\/chilimag.hu\/webshop\/wp-json\/wp\/v2\/product_brand?post=37743"},{"taxonomy":"product_cat","embeddable":true,"href":"https:\/\/chilimag.hu\/webshop\/wp-json\/wp\/v2\/product_cat?post=37743"},{"taxonomy":"product_tag","embeddable":true,"href":"https:\/\/chilimag.hu\/webshop\/wp-json\/wp\/v2\/product_tag?post=37743"}],"curies":[{"name":"wp","href":"https:\/\/api.w.org\/{rel}","templated":true}]}}