{"id":37282,"date":"2025-06-17T15:50:50","date_gmt":"2025-06-17T15:50:50","guid":{"rendered":"https:\/\/chilimag.hu\/webshop\/?post_type=product&#038;p=37282"},"modified":"2026-02-27T16:39:23","modified_gmt":"2026-02-27T16:39:23","slug":"csalan-h-franchi-2025-ev-lejaratu","status":"publish","type":"product","link":"https:\/\/chilimag.hu\/webshop\/termek\/csalan-h-franchi-2025-ev-lejaratu\/","title":{"rendered":".Csal\u00e1n H Franchi 2025-\u00e9v lej\u00e1rat\u00fa \/2 db"},"content":{"rendered":"","protected":false},"excerpt":{"rendered":"","protected":false},"featured_media":37283,"comment_status":"closed","ping_status":"closed","template":"","meta":[],"product_brand":[],"product_cat":[437,469],"product_tag":[],"class_list":{"0":"post-37282","1":"product","2":"type-product","3":"status-publish","4":"has-post-thumbnail","6":"product_cat-franchi","7":"product_cat-11-akcio-egyet-fizet-kettot-kap","9":"first","10":"instock","11":"taxable","12":"shipping-taxable","13":"purchasable","14":"product-type-simple"},"_links":{"self":[{"href":"https:\/\/chilimag.hu\/webshop\/wp-json\/wp\/v2\/product\/37282","targetHints":{"allow":["GET"]}}],"collection":[{"href":"https:\/\/chilimag.hu\/webshop\/wp-json\/wp\/v2\/product"}],"about":[{"href":"https:\/\/chilimag.hu\/webshop\/wp-json\/wp\/v2\/types\/product"}],"replies":[{"embeddable":true,"href":"https:\/\/chilimag.hu\/webshop\/wp-json\/wp\/v2\/comments?post=37282"}],"wp:featuredmedia":[{"embeddable":true,"href":"https:\/\/chilimag.hu\/webshop\/wp-json\/wp\/v2\/media\/37283"}],"wp:attachment":[{"href":"https:\/\/chilimag.hu\/webshop\/wp-json\/wp\/v2\/media?parent=37282"}],"wp:term":[{"taxonomy":"product_brand","embeddable":true,"href":"https:\/\/chilimag.hu\/webshop\/wp-json\/wp\/v2\/product_brand?post=37282"},{"taxonomy":"product_cat","embeddable":true,"href":"https:\/\/chilimag.hu\/webshop\/wp-json\/wp\/v2\/product_cat?post=37282"},{"taxonomy":"product_tag","embeddable":true,"href":"https:\/\/chilimag.hu\/webshop\/wp-json\/wp\/v2\/product_tag?post=37282"}],"curies":[{"name":"wp","href":"https:\/\/api.w.org\/{rel}","templated":true}]}}