{"id":37169,"date":"2025-06-04T17:53:34","date_gmt":"2025-06-04T17:53:34","guid":{"rendered":"https:\/\/chilimag.hu\/webshop\/?post_type=product&#038;p=37169"},"modified":"2025-06-04T17:53:34","modified_gmt":"2025-06-04T17:53:34","slug":"ontozocso-75-m-z","status":"publish","type":"product","link":"https:\/\/chilimag.hu\/webshop\/termek\/ontozocso-75-m-z\/","title":{"rendered":"\u00d6nt\u00f6z\u0151cs\u0151 7,5 m Z"},"content":{"rendered":"","protected":false},"excerpt":{"rendered":"<p>Kerti \u00f6nt\u00f6z\u0151cs\u0151<\/p>\n","protected":false},"featured_media":37170,"comment_status":"closed","ping_status":"closed","template":"","meta":[],"product_brand":[],"product_cat":[467],"product_tag":[],"class_list":{"0":"post-37169","1":"product","2":"type-product","3":"status-publish","4":"has-post-thumbnail","6":"product_cat-locsolas-viz-es-talaj-vizsgalo-eszkozok","8":"first","9":"instock","10":"taxable","11":"shipping-taxable","12":"purchasable","13":"product-type-simple"},"_links":{"self":[{"href":"https:\/\/chilimag.hu\/webshop\/wp-json\/wp\/v2\/product\/37169","targetHints":{"allow":["GET"]}}],"collection":[{"href":"https:\/\/chilimag.hu\/webshop\/wp-json\/wp\/v2\/product"}],"about":[{"href":"https:\/\/chilimag.hu\/webshop\/wp-json\/wp\/v2\/types\/product"}],"replies":[{"embeddable":true,"href":"https:\/\/chilimag.hu\/webshop\/wp-json\/wp\/v2\/comments?post=37169"}],"wp:featuredmedia":[{"embeddable":true,"href":"https:\/\/chilimag.hu\/webshop\/wp-json\/wp\/v2\/media\/37170"}],"wp:attachment":[{"href":"https:\/\/chilimag.hu\/webshop\/wp-json\/wp\/v2\/media?parent=37169"}],"wp:term":[{"taxonomy":"product_brand","embeddable":true,"href":"https:\/\/chilimag.hu\/webshop\/wp-json\/wp\/v2\/product_brand?post=37169"},{"taxonomy":"product_cat","embeddable":true,"href":"https:\/\/chilimag.hu\/webshop\/wp-json\/wp\/v2\/product_cat?post=37169"},{"taxonomy":"product_tag","embeddable":true,"href":"https:\/\/chilimag.hu\/webshop\/wp-json\/wp\/v2\/product_tag?post=37169"}],"curies":[{"name":"wp","href":"https:\/\/api.w.org\/{rel}","templated":true}]}}