{"id":36859,"date":"2025-05-08T06:11:31","date_gmt":"2025-05-08T06:11:31","guid":{"rendered":"https:\/\/chilimag.hu\/webshop\/?post_type=product&#038;p=36859"},"modified":"2026-02-02T15:20:02","modified_gmt":"2026-02-02T15:20:02","slug":"salata-simona-ag-3-2025-ev-lejaratu","status":"publish","type":"product","link":"https:\/\/chilimag.hu\/webshop\/termek\/salata-simona-ag-3-2025-ev-lejaratu\/","title":{"rendered":".Sal\u00e1ta Simona Ag 3 2025-\u00e9v lej\u00e1rat\u00fa"},"content":{"rendered":"","protected":false},"excerpt":{"rendered":"","protected":false},"featured_media":11435,"comment_status":"closed","ping_status":"closed","template":"","meta":[],"product_brand":[],"product_cat":[232,343],"product_tag":[],"class_list":{"0":"post-36859","1":"product","2":"type-product","3":"status-publish","4":"has-post-thumbnail","6":"product_cat-salata-es-retek","7":"product_cat-akciok","9":"first","10":"instock","11":"sale","12":"taxable","13":"shipping-taxable","14":"purchasable","15":"product-type-simple"},"_links":{"self":[{"href":"https:\/\/chilimag.hu\/webshop\/wp-json\/wp\/v2\/product\/36859","targetHints":{"allow":["GET"]}}],"collection":[{"href":"https:\/\/chilimag.hu\/webshop\/wp-json\/wp\/v2\/product"}],"about":[{"href":"https:\/\/chilimag.hu\/webshop\/wp-json\/wp\/v2\/types\/product"}],"replies":[{"embeddable":true,"href":"https:\/\/chilimag.hu\/webshop\/wp-json\/wp\/v2\/comments?post=36859"}],"wp:featuredmedia":[{"embeddable":true,"href":"https:\/\/chilimag.hu\/webshop\/wp-json\/wp\/v2\/media\/11435"}],"wp:attachment":[{"href":"https:\/\/chilimag.hu\/webshop\/wp-json\/wp\/v2\/media?parent=36859"}],"wp:term":[{"taxonomy":"product_brand","embeddable":true,"href":"https:\/\/chilimag.hu\/webshop\/wp-json\/wp\/v2\/product_brand?post=36859"},{"taxonomy":"product_cat","embeddable":true,"href":"https:\/\/chilimag.hu\/webshop\/wp-json\/wp\/v2\/product_cat?post=36859"},{"taxonomy":"product_tag","embeddable":true,"href":"https:\/\/chilimag.hu\/webshop\/wp-json\/wp\/v2\/product_tag?post=36859"}],"curies":[{"name":"wp","href":"https:\/\/api.w.org\/{rel}","templated":true}]}}