{"id":36429,"date":"2025-03-20T18:45:57","date_gmt":"2025-03-20T18:45:57","guid":{"rendered":"https:\/\/chilimag.hu\/webshop\/?post_type=product&#038;p=36429"},"modified":"2026-04-08T03:14:10","modified_gmt":"2026-04-08T03:14:10","slug":"sarkanygyumolcs-piros-s-c","status":"publish","type":"product","link":"https:\/\/chilimag.hu\/webshop\/termek\/sarkanygyumolcs-piros-s-c\/","title":{"rendered":"S\u00e1rk\u00e1nygy\u00fcm\u00f6lcs piros Pitaja S-C"},"content":{"rendered":"","protected":false},"excerpt":{"rendered":"<p>Le\u00edr\u00e1s<\/p>\n<p>Latin n\u00e9v:Hylocereus triangularis<\/p>\n<p>A s\u00e1rk\u00e1nygy\u00fcm\u00f6lcs (pitahaya vagy pitaya) a kaktuszok csal\u00e1dj\u00e1ba tartoz\u00f3 Selenicereus fajok gy\u00fcm\u00f6lcs\u00e9nek elnevez\u00e9se.<br \/>\nA s\u00e1rk\u00e1nygy\u00fcm\u00f6lcs h\u00fasa sok apr\u00f3, fekete magot tartalmaz. Arom\u00e1juk hev\u00edt\u00e9skor elveszik.<br \/>\nA piros h\u00fas\u00fa gy\u00fcm\u00f6lcs \u00edze intenz\u00edvebb, mint a feh\u00e9r h\u00fas\u00fa\u00e9.<br \/>\nAz elk\u00e9sz\u00edt\u00e9shez a s\u00e1rk\u00e1nygy\u00fcm\u00f6lcs\u00f6ket fel lehet v\u00e1gni \u00e9s kikanalazni.<\/p>\n<p>A csomag 5 szem magot tartalmaz<\/p>\n","protected":false},"featured_media":36426,"comment_status":"closed","ping_status":"closed","template":"","meta":[],"product_brand":[],"product_cat":[331],"product_tag":[],"class_list":{"0":"post-36429","1":"product","2":"type-product","3":"status-publish","4":"has-post-thumbnail","6":"product_cat-gyumolcs-vetomagok-egyeb-es-kulonleges-vetomagok","8":"first","9":"instock","10":"taxable","11":"shipping-taxable","12":"purchasable","13":"product-type-simple"},"_links":{"self":[{"href":"https:\/\/chilimag.hu\/webshop\/wp-json\/wp\/v2\/product\/36429","targetHints":{"allow":["GET"]}}],"collection":[{"href":"https:\/\/chilimag.hu\/webshop\/wp-json\/wp\/v2\/product"}],"about":[{"href":"https:\/\/chilimag.hu\/webshop\/wp-json\/wp\/v2\/types\/product"}],"replies":[{"embeddable":true,"href":"https:\/\/chilimag.hu\/webshop\/wp-json\/wp\/v2\/comments?post=36429"}],"wp:featuredmedia":[{"embeddable":true,"href":"https:\/\/chilimag.hu\/webshop\/wp-json\/wp\/v2\/media\/36426"}],"wp:attachment":[{"href":"https:\/\/chilimag.hu\/webshop\/wp-json\/wp\/v2\/media?parent=36429"}],"wp:term":[{"taxonomy":"product_brand","embeddable":true,"href":"https:\/\/chilimag.hu\/webshop\/wp-json\/wp\/v2\/product_brand?post=36429"},{"taxonomy":"product_cat","embeddable":true,"href":"https:\/\/chilimag.hu\/webshop\/wp-json\/wp\/v2\/product_cat?post=36429"},{"taxonomy":"product_tag","embeddable":true,"href":"https:\/\/chilimag.hu\/webshop\/wp-json\/wp\/v2\/product_tag?post=36429"}],"curies":[{"name":"wp","href":"https:\/\/api.w.org\/{rel}","templated":true}]}}