{"id":36191,"date":"2025-03-04T18:22:00","date_gmt":"2025-03-04T18:22:00","guid":{"rendered":"https:\/\/chilimag.hu\/webshop\/?post_type=product&#038;p=36191"},"modified":"2026-04-26T09:23:31","modified_gmt":"2026-04-26T09:23:31","slug":"vetotalca-24-os-s-p","status":"publish","type":"product","link":"https:\/\/chilimag.hu\/webshop\/termek\/vetotalca-24-os-s-p\/","title":{"rendered":"Vet\u0151t\u00e1lca 24-es S-P"},"content":{"rendered":"","protected":false},"excerpt":{"rendered":"<p>Vet\u0151t\u00e1lc\u00e1k, 24 cell\u00e1s<\/p>\n<p>Vet\u00e9sre vagy \u00e1t\u00fcltet\u00e9sre sz\u00e1nt sejtek, t\u00e1lc\u00e1nk\u00e9nt 24 sejttel, amelyek az al\u00e1bbi t\u00e1bl\u00e1zatban kiemelt jellemz\u0151kkel rendelkezne<\/p>\n<table id=\"pesticide\">\n<tbody>\n<tr>\n<td>EPE 24<\/td>\n<td>\u00a0 7.5 cm<\/td>\n<td>\u00a0 35 cm<\/td>\n<td>\u00a0 51 cm<\/td>\n<td>\u00a0 \u00a0 \u00a07.8 cm<\/td>\n<td>\u00a0150 ml<\/td>\n<\/tr>\n<\/tbody>\n<\/table>\n<p>&nbsp;<\/p>\n","protected":false},"featured_media":36192,"comment_status":"closed","ping_status":"closed","template":"","meta":[],"product_brand":[],"product_cat":[336],"product_tag":[],"class_list":{"0":"post-36191","1":"product","2":"type-product","3":"status-publish","4":"has-post-thumbnail","6":"product_cat-vetotalcak-ulteto-cserepek-es-palanta-nevelok","8":"first","9":"instock","10":"taxable","11":"shipping-taxable","12":"purchasable","13":"product-type-simple"},"_links":{"self":[{"href":"https:\/\/chilimag.hu\/webshop\/wp-json\/wp\/v2\/product\/36191","targetHints":{"allow":["GET"]}}],"collection":[{"href":"https:\/\/chilimag.hu\/webshop\/wp-json\/wp\/v2\/product"}],"about":[{"href":"https:\/\/chilimag.hu\/webshop\/wp-json\/wp\/v2\/types\/product"}],"replies":[{"embeddable":true,"href":"https:\/\/chilimag.hu\/webshop\/wp-json\/wp\/v2\/comments?post=36191"}],"wp:featuredmedia":[{"embeddable":true,"href":"https:\/\/chilimag.hu\/webshop\/wp-json\/wp\/v2\/media\/36192"}],"wp:attachment":[{"href":"https:\/\/chilimag.hu\/webshop\/wp-json\/wp\/v2\/media?parent=36191"}],"wp:term":[{"taxonomy":"product_brand","embeddable":true,"href":"https:\/\/chilimag.hu\/webshop\/wp-json\/wp\/v2\/product_brand?post=36191"},{"taxonomy":"product_cat","embeddable":true,"href":"https:\/\/chilimag.hu\/webshop\/wp-json\/wp\/v2\/product_cat?post=36191"},{"taxonomy":"product_tag","embeddable":true,"href":"https:\/\/chilimag.hu\/webshop\/wp-json\/wp\/v2\/product_tag?post=36191"}],"curies":[{"name":"wp","href":"https:\/\/api.w.org\/{rel}","templated":true}]}}