{"id":36145,"date":"2025-03-02T06:15:39","date_gmt":"2025-03-02T06:15:39","guid":{"rendered":"https:\/\/chilimag.hu\/webshop\/?post_type=product&#038;p=36145"},"modified":"2026-03-10T13:39:07","modified_gmt":"2026-03-10T13:39:07","slug":"pekonet-f1-paradicsom","status":"publish","type":"product","link":"https:\/\/chilimag.hu\/webshop\/termek\/pekonet-f1-paradicsom\/","title":{"rendered":"Pekonet F1 Paradicsom"},"content":{"rendered":"","protected":false},"excerpt":{"rendered":"<p><img decoding=\"async\" class=\"general_border\" src=\"https:\/\/seminteplante.ro\/img\/m\/14-brand_default.jpg\" alt=\"Syngenta - legume\" width=\"154\" height=\"70\" \/><\/p>\n<p>Le\u00edr\u00e1s<\/p>\n<p>A Pekonet F1 egy paradicsomhibrid a Syngenta term\u00e9kcsal\u00e1db\u00f3l, amelyet kifejezetten v\u00e9dett ter\u00fcleteken t\u00f6rt\u00e9n\u0151 extra korai termeszt\u00e9sre terveztek.<\/p>\n<p>A Pekonet F1 paradicsom n\u00f6v\u00e9ny generat\u00edv fajta, nyitott habitus\u00fa \u00e9s \u00e1tlagos intern\u00f3diumt\u00e1vols\u00e1ggal rendelkezik.<\/p>\n<p>Az \u00e9leter\u0151 \u00e1tlagos, \u00e9s a k\u00f6t\u0151d\u00e9s a gy\u00e1rt\u00e1si ciklus sor\u00e1n v\u00e9gig folytat\u00f3dik.<\/p>\n<p>Gy\u00fcm\u00f6lcsei egy\u00f6ntet\u0171ek, kerekek, tetej\u00fck\u00f6n mucront k\u00e9peznek.<\/p>\n<p>A Pekonet F1 hibrid term\u00e9s\u00e9nek sz\u00edne j\u00f3, egys\u00e9ges.<\/p>\n<p>A Pekonet F1 paradicsom gy\u00fcm\u00f6lcseinek s\u00falya \u00e1tlagosan 150 \u00e9s 180 gramm k\u00f6z\u00f6tt van.<\/p>\n<p>A Pekonet F1 toler\u00e1ns a hormonokkal \u00e9s a h\u0151terhel\u00e9ssel szemben.<\/p>\n<p>T\u0171r\u00e9sek:<\/p>\n<p>HR: Fol: 0-1 (US1-2) \/ Vd \/ TMV: 0 \/ ToMV: 0-2 \/ TSWV;<br \/>\nIR: K, Sze, Cs;<\/p>\n","protected":false},"featured_media":36146,"comment_status":"closed","ping_status":"closed","template":"","meta":[],"product_brand":[],"product_cat":[10],"product_tag":[],"class_list":{"0":"post-36145","1":"product","2":"type-product","3":"status-publish","4":"has-post-thumbnail","6":"product_cat-paradicsom","8":"first","9":"instock","10":"taxable","11":"shipping-taxable","12":"purchasable","13":"product-type-simple"},"_links":{"self":[{"href":"https:\/\/chilimag.hu\/webshop\/wp-json\/wp\/v2\/product\/36145","targetHints":{"allow":["GET"]}}],"collection":[{"href":"https:\/\/chilimag.hu\/webshop\/wp-json\/wp\/v2\/product"}],"about":[{"href":"https:\/\/chilimag.hu\/webshop\/wp-json\/wp\/v2\/types\/product"}],"replies":[{"embeddable":true,"href":"https:\/\/chilimag.hu\/webshop\/wp-json\/wp\/v2\/comments?post=36145"}],"wp:featuredmedia":[{"embeddable":true,"href":"https:\/\/chilimag.hu\/webshop\/wp-json\/wp\/v2\/media\/36146"}],"wp:attachment":[{"href":"https:\/\/chilimag.hu\/webshop\/wp-json\/wp\/v2\/media?parent=36145"}],"wp:term":[{"taxonomy":"product_brand","embeddable":true,"href":"https:\/\/chilimag.hu\/webshop\/wp-json\/wp\/v2\/product_brand?post=36145"},{"taxonomy":"product_cat","embeddable":true,"href":"https:\/\/chilimag.hu\/webshop\/wp-json\/wp\/v2\/product_cat?post=36145"},{"taxonomy":"product_tag","embeddable":true,"href":"https:\/\/chilimag.hu\/webshop\/wp-json\/wp\/v2\/product_tag?post=36145"}],"curies":[{"name":"wp","href":"https:\/\/api.w.org\/{rel}","templated":true}]}}