{"id":36135,"date":"2025-03-01T19:15:07","date_gmt":"2025-03-01T19:15:07","guid":{"rendered":"https:\/\/chilimag.hu\/webshop\/?post_type=product&#038;p=36135"},"modified":"2026-03-31T10:14:06","modified_gmt":"2026-03-31T10:14:06","slug":"serrano-del-sol","status":"publish","type":"product","link":"https:\/\/chilimag.hu\/webshop\/termek\/serrano-del-sol\/","title":{"rendered":"Serrano del Sol"},"content":{"rendered":"","protected":false},"excerpt":{"rendered":"<p><img decoding=\"async\" src=\"https:\/\/chilimag.hu\/webshop\/wp-content\/uploads\/2014\/11\/chilimag-logo-2-150x150.jpg\" \/><\/p>\n<p>Le\u00edr\u00e1s<\/p>\n<p>A Serrano del Sol egy nagyon j\u00f3 Serrano fajta, amely k\u00f6r\u00fclbel\u00fcl k\u00e9tszer akkora, mint a k\u00f6z\u00f6ns\u00e9ges Serrano, \u00e9s k\u00e9t-h\u00e1rom h\u00e9ttel kor\u00e1bban \u00e9rik. A serrano chili a jalape\u00f1o paprika mellett a mexik\u00f3i konyha klasszikusa, \u00e9s paradicsommal kombin\u00e1lva a h\u00edres mexik\u00f3i salsa Pico de Gallo alapj\u00e1t k\u00e9pezi. A serrano n\u00e9v azt jelzi, hogy Mexik\u00f3 magas s\u00edks\u00e1gair\u00f3l sz\u00e1rmazik. A n\u00f6v\u00e9nyek viszonylag kicsik maradnak, \u00e9s egy er\u0151s kis t\u00f6rzs\u00f6n bokros koron\u00e1t fejlesztenek.<\/p>\n<p>Mexik\u00f3ban, a n\u00f6v\u00e9ny sz\u00e1rmaz\u00e1si orsz\u00e1g\u00e1ban a paprik\u00e1t z\u00f6lden sz\u00fcretelik, de a betakar\u00edt\u00e1s ut\u00e1n is viszonylag gyorsan \u00e9rik. Teljesen \u00e9rett \u00e1llapotukban kellemes \u00e9dess\u00e9get fejlesztenek ki k\u00f6zepes er\u0151ss\u00e9g\u0171 f\u0171szeres h\u0151vel egy\u00fctt. Emiatt kiv\u00e1l\u00f3an alkalmas nyersen fogyaszthat\u00f3 sal\u00e1t\u00e1k \u00e9s sals\u00e1k f\u0171szerez\u00e9s\u00e9re, de f\u0151zhet\u0151, p\u00e1colhat\u00f3 vagy fagyaszthat\u00f3 is.<\/p>\n<p>Gondoz\u00e1s: A cs\u00edr\u00e1z\u00e1si h\u0151m\u00e9rs\u00e9klet 22\u00b0C \u00e9s 28\u00b0C k\u00f6z\u00f6tt van (cs\u00edr\u00e1z\u00e1si id\u0151: 8-20 nap); ez\u00e9rt \u00fcvegh\u00e1z \u00e9s f\u0171t\u0151sz\u0151nyeg haszn\u00e1lata javasolt. A n\u00f6v\u00e9nyeknek friss, j\u00f3l tr\u00e1gy\u00e1zott v\u00edz\u00e1tereszt\u0151 talajra van sz\u00fcks\u00e9g\u00fck, \u00e9s nem szabad \u00e1ll\u00f3v\u00edzben hagyni. Napos, v\u00e9dett helyre kell helyezni, ahol legal\u00e1bb napi 6 \u00f3ra napf\u00e9ny \u00e9ri, ha nem t\u00f6bb. A n\u00f6v\u00e9nyek kihelyez\u00e9s\u00e9nek legkor\u00e1bbi id\u0151pontja az utols\u00f3 fagy ut\u00e1n 2-3 h\u00e9t. Ha cser\u00e9pben termesztj\u00fck, t\u00e9len \u00e1t is gondozhatjuk \u0151ket. El\u0151fordulhat, hogy kiss\u00e9 vissza kell v\u00e1gni, \u00e9s vil\u00e1gos helyre kell tenni, ahol legal\u00e1bb 15\u00b0C h\u0151m\u00e9rs\u00e9klet van.<\/p>\n<p>Capsicum annuum t\u00edpus<br \/>\nF\u0171szerszint 6-7<br \/>\nScoville 5000 &#8211; 20000 SHU<br \/>\nOptim\u00e1lis cs\u00edr\u00e1z\u00e1si h\u0151m\u00e9rs\u00e9klet 22 &#8211; 28 \u00b0C<br \/>\nVet\u00e9s febru\u00e1r-\u00e1prilis<br \/>\nFeh\u00e9r vir\u00e1gok (m\u00e1jus-augusztus)<br \/>\nN\u00f6veked\u00e9si szok\u00e1s Kicsi korona er\u0151s t\u00f6rzs\u00f6n, 60-80 cm magas<br \/>\n\u00c9r\u00e9s vil\u00e1gosz\u00f6ldt\u0151l v\u00f6r\u00f6sig<br \/>\nGy\u00fcm\u00f6lcs megjelen\u00e9se Hossz\u00fa, ov\u00e1lis, 2 cm x 8 cm<br \/>\n\u00c9rlel\u00e9si id\u0151 65 nap<br \/>\nSz\u00e1rmaz\u00e1si hely Mexik\u00f3<\/p>\n<p>A csomag 10 szem magot tartalmaz<\/p>\n<p>&nbsp;<\/p>\n","protected":false},"featured_media":36136,"comment_status":"closed","ping_status":"closed","template":"","meta":[],"product_brand":[],"product_cat":[8],"product_tag":[],"class_list":{"0":"post-36135","1":"product","2":"type-product","3":"status-publish","4":"has-post-thumbnail","6":"product_cat-paprika","8":"first","9":"instock","10":"taxable","11":"shipping-taxable","12":"purchasable","13":"product-type-simple"},"_links":{"self":[{"href":"https:\/\/chilimag.hu\/webshop\/wp-json\/wp\/v2\/product\/36135","targetHints":{"allow":["GET"]}}],"collection":[{"href":"https:\/\/chilimag.hu\/webshop\/wp-json\/wp\/v2\/product"}],"about":[{"href":"https:\/\/chilimag.hu\/webshop\/wp-json\/wp\/v2\/types\/product"}],"replies":[{"embeddable":true,"href":"https:\/\/chilimag.hu\/webshop\/wp-json\/wp\/v2\/comments?post=36135"}],"wp:featuredmedia":[{"embeddable":true,"href":"https:\/\/chilimag.hu\/webshop\/wp-json\/wp\/v2\/media\/36136"}],"wp:attachment":[{"href":"https:\/\/chilimag.hu\/webshop\/wp-json\/wp\/v2\/media?parent=36135"}],"wp:term":[{"taxonomy":"product_brand","embeddable":true,"href":"https:\/\/chilimag.hu\/webshop\/wp-json\/wp\/v2\/product_brand?post=36135"},{"taxonomy":"product_cat","embeddable":true,"href":"https:\/\/chilimag.hu\/webshop\/wp-json\/wp\/v2\/product_cat?post=36135"},{"taxonomy":"product_tag","embeddable":true,"href":"https:\/\/chilimag.hu\/webshop\/wp-json\/wp\/v2\/product_tag?post=36135"}],"curies":[{"name":"wp","href":"https:\/\/api.w.org\/{rel}","templated":true}]}}