{"id":36133,"date":"2025-03-01T19:09:00","date_gmt":"2025-03-01T19:09:00","guid":{"rendered":"https:\/\/chilimag.hu\/webshop\/?post_type=product&#038;p=36133"},"modified":"2026-02-17T20:05:21","modified_gmt":"2026-02-17T20:05:21","slug":"rainforest","status":"publish","type":"product","link":"https:\/\/chilimag.hu\/webshop\/termek\/rainforest\/","title":{"rendered":"Rainforest"},"content":{"rendered":"","protected":false},"excerpt":{"rendered":"<p><img decoding=\"async\" src=\"https:\/\/chilimag.hu\/webshop\/wp-content\/uploads\/2014\/11\/chilimag-logo-2-150x150.jpg\" \/><\/p>\n<p>Le\u00edr\u00e1s<\/p>\n<p>A Rainforest Chili Braz\u00edli\u00e1b\u00f3l sz\u00e1rmazik, \u00e9s a Capsicum baccatum csal\u00e1d r\u00e9sze, ez\u00e9rt viszonylag nagy, egy\u00e9rtelm\u0171en el\u00e1gaz\u00f3 n\u00f6veked\u00e9si form\u00e1j\u00fa \u00e9s nagyon term\u00e9keny. Faj\u00e1ra jellemz\u0151, hogy a n\u00f6v\u00e9ny feh\u00e9r vir\u00e1gai s\u00e1rga mint\u00e1val; itt kezdenek n\u00f6vekedni a k\u00f6r\u00fclbel\u00fcl 3-5 cm nagys\u00e1g\u00fa, k\u00f6nnycsepp alak\u00fa gy\u00fcm\u00f6lcs\u00f6k, amelyek z\u00f6ldr\u0151l narancss\u00e1rg\u00e1ra, majd ragyog\u00f3 v\u00f6r\u00f6sre \u00e9rnek. Gy\u00fcm\u00f6lcs\u00f6s, arom\u00e1s \u00edze van egy csipetnyi citrusf\u00e9l\u00e9kkel. Meggy\u0151z\u0151d\u00e9s\u00fcnk, hogy az es\u0151erd\u0151 chili form\u00e1j\u00e1t \u00e9s \u00edz\u00e9t tekintve kicsit hasonl\u00edt a habanero borsra, b\u00e1r nem annyira cs\u00edp\u0151s \u2013 minden bizonnyal nagyon \u00e9rdekes fajta otthon termeszteni.<\/p>\n<p>Gondoz\u00e1s: A cs\u00edr\u00e1z\u00e1si h\u0151m\u00e9rs\u00e9klet 22\u00b0C \u00e9s 28\u00b0C k\u00f6z\u00f6tt van (cs\u00edr\u00e1z\u00e1si id\u0151: 8-20 nap); ez\u00e9rt \u00fcvegh\u00e1z \u00e9s f\u0171t\u0151sz\u0151nyeg haszn\u00e1lata javasolt. A n\u00f6v\u00e9nyeknek friss, j\u00f3l tr\u00e1gy\u00e1zott v\u00edz\u00e1tereszt\u0151 talajra van sz\u00fcks\u00e9g\u00fck, \u00e9s nem szabad \u00e1ll\u00f3v\u00edzben hagyni. Napos, v\u00e9dett helyre kell helyezni, ahol legal\u00e1bb napi 6 \u00f3ra napf\u00e9ny \u00e9ri, ha nem t\u00f6bb. K\u00f6r\u00fclbel\u00fcl 2-3 h\u00e9ttel az utols\u00f3 fagy ut\u00e1n helyezze ki a n\u00f6v\u00e9nyeket a szabadba. Amikor a pal\u00e1nt\u00e1kat a szabadba \u00fclteti, \u00fcgyeljen arra, hogy az egyes n\u00f6v\u00e9nyek k\u00f6z\u00f6tt legal\u00e1bb 50 cm t\u00e1vols\u00e1g legyen.<\/p>\n<p>T\u00edpus Capsicum baccatum<br \/>\nF\u0171szerszint 8<br \/>\nScoville 30 000 &#8211; 50 000 SHU<br \/>\nOptim\u00e1lis cs\u00edr\u00e1z\u00e1si h\u0151m\u00e9rs\u00e9klet 22 &#8211; 28 \u00b0C<br \/>\nVet\u00e9s febr.-\u00e1pr<br \/>\nFeh\u00e9r vir\u00e1gok (m\u00e1jus-augusztus)<br \/>\nN\u00f6veked\u00e9si szok\u00e1sa J\u00f3l el\u00e1gaz\u00f3, 90-110 cm magas<br \/>\n\u00c9rlel\u00e9s Z\u00f6ldt\u0151l narancson \u00e1t pirosig<br \/>\nGy\u00fcm\u00f6lcs megjelen\u00e9se k\u00f6nnycsepp alak\u00fa, kb. 3-5 cm hossz\u00fa<br \/>\n\u00c9rlel\u00e9si id\u0151 60-70 nap<br \/>\nSz\u00e1rmaz\u00e1si hely Braz\u00edlia<\/p>\n<p>A csomag 10 szem magot tartalmaz<\/p>\n<p>&nbsp;<\/p>\n","protected":false},"featured_media":36134,"comment_status":"closed","ping_status":"closed","template":"","meta":[],"product_brand":[],"product_cat":[8],"product_tag":[],"class_list":{"0":"post-36133","1":"product","2":"type-product","3":"status-publish","4":"has-post-thumbnail","6":"product_cat-paprika","8":"first","9":"instock","10":"taxable","11":"shipping-taxable","12":"purchasable","13":"product-type-simple"},"_links":{"self":[{"href":"https:\/\/chilimag.hu\/webshop\/wp-json\/wp\/v2\/product\/36133","targetHints":{"allow":["GET"]}}],"collection":[{"href":"https:\/\/chilimag.hu\/webshop\/wp-json\/wp\/v2\/product"}],"about":[{"href":"https:\/\/chilimag.hu\/webshop\/wp-json\/wp\/v2\/types\/product"}],"replies":[{"embeddable":true,"href":"https:\/\/chilimag.hu\/webshop\/wp-json\/wp\/v2\/comments?post=36133"}],"wp:featuredmedia":[{"embeddable":true,"href":"https:\/\/chilimag.hu\/webshop\/wp-json\/wp\/v2\/media\/36134"}],"wp:attachment":[{"href":"https:\/\/chilimag.hu\/webshop\/wp-json\/wp\/v2\/media?parent=36133"}],"wp:term":[{"taxonomy":"product_brand","embeddable":true,"href":"https:\/\/chilimag.hu\/webshop\/wp-json\/wp\/v2\/product_brand?post=36133"},{"taxonomy":"product_cat","embeddable":true,"href":"https:\/\/chilimag.hu\/webshop\/wp-json\/wp\/v2\/product_cat?post=36133"},{"taxonomy":"product_tag","embeddable":true,"href":"https:\/\/chilimag.hu\/webshop\/wp-json\/wp\/v2\/product_tag?post=36133"}],"curies":[{"name":"wp","href":"https:\/\/api.w.org\/{rel}","templated":true}]}}