{"id":36124,"date":"2025-03-01T18:29:15","date_gmt":"2025-03-01T18:29:15","guid":{"rendered":"https:\/\/chilimag.hu\/webshop\/?post_type=product&#038;p=36124"},"modified":"2026-03-11T10:55:28","modified_gmt":"2026-03-11T10:55:28","slug":"habanero-ivory","status":"publish","type":"product","link":"https:\/\/chilimag.hu\/webshop\/termek\/habanero-ivory\/","title":{"rendered":"Habanero Ivory"},"content":{"rendered":"","protected":false},"excerpt":{"rendered":"<p><img decoding=\"async\" src=\"https:\/\/chilimag.hu\/webshop\/wp-content\/uploads\/2014\/11\/chilimag-logo-2-150x150.jpg\" \/><\/p>\n<p>Le\u00edr\u00e1s<\/p>\n<p>M\u00e1s chili rokonaihoz hasonl\u00f3an ez a ritka habanero fajta is Mexik\u00f3b\u00f3l sz\u00e1rmazik, \u00e9s a vil\u00e1g egyik legforr\u00f3bb chilije, 300 000 Scoville h\u0151egys\u00e9ges f\u0171szerbesorol\u00e1s\u00e1val. A n\u00f6v\u00e9ny k\u00f6r\u00fclbel\u00fcl 50 cm magasra n\u0151, nagyon bokros n\u00f6veked\u00e9s\u0171 \u00e9s magas term\u00e9shozam\u00fa. A gy\u00fcm\u00f6lcs\u00f6k el\u00e9rik a 4-5 cm hossz\u00fas\u00e1got, \u00e9s z\u00f6ldt\u0151l elef\u00e1ntcsontfeh\u00e9rig \u00e9rnek. Gy\u00fcm\u00f6lcsei a habanero paprik\u00e1ra jellemz\u0151 gy\u00fcm\u00f6lcs\u00f6s \u00edz\u0171ek, \u00e9s kiv\u00e1l\u00f3an alkalmasak sz\u00e1r\u00edt\u00e1sra.<\/p>\n<p>Gondoz\u00e1s: A cs\u00edr\u00e1z\u00e1si h\u0151m\u00e9rs\u00e9klet 22\u00b0C \u00e9s 28\u00b0C k\u00f6z\u00f6tt van (cs\u00edr\u00e1z\u00e1si id\u0151: 12-21 nap); ez\u00e9rt \u00fcvegh\u00e1z \u00e9s f\u0171t\u0151sz\u0151nyeg haszn\u00e1lata javasolt. A n\u00f6v\u00e9nyeknek friss, j\u00f3l tr\u00e1gy\u00e1zott, v\u00edz\u00e1tereszt\u0151 talajra van sz\u00fcks\u00e9g\u00fck, nem t\u0171rik a bevizesed\u00e9st. Napos, v\u00e9dett helyre kell helyezni, ahol legal\u00e1bb 6 \u00f3ra napf\u00e9ny \u2013 lehet\u0151leg t\u00f6bb. Mivel a n\u00f6v\u00e9nyeknek k\u00fcl\u00f6n\u00f6sen hossz\u00fa az \u00e9r\u00e9si ideje, \u00e9rdemes cser\u00e9pben termeszteni \u0151ket, \u00edgy a napk\u00f6zbeni h\u0151m\u00e9rs\u00e9klet 12\u00b0C al\u00e1 s\u00fcllyed\u00e9sekor k\u00f6nnyen be lehet vinni a n\u00f6v\u00e9nyeket, \u00edgy minden gy\u00fcm\u00f6lcs be\u00e9rik. Ahhoz, hogy a n\u00f6v\u00e9nyt t\u00e9len is meg\u0151rizze, betakar\u00edt\u00e1s ut\u00e1n v\u00e1gja vissza 20 cm-rel, \u00e9s tegye vil\u00e1gos helyre, ahol legal\u00e1bb 15\u00b0C h\u0151m\u00e9rs\u00e9klet\u0171<\/p>\n<p>T\u00edpus Capsicum chinense<br \/>\nF\u0171szerszint 10+<br \/>\nScoville \u00e1tlag 300 000 SHU<br \/>\nOptim\u00e1lis cs\u00edr\u00e1z\u00e1si h\u0151m\u00e9rs\u00e9klet 22 &#8211; 28 \u00b0C<br \/>\nVet\u00e9s dec &#8211; \u00e1pr<br \/>\nFeh\u00e9r vir\u00e1gok (m\u00e1jus-augusztus)<br \/>\nN\u00f6veked\u00e9si szok\u00e1s Bokros, kb. 50 cm magas<br \/>\n\u00c9r\u00e9s: Vil\u00e1gosz\u00f6ldt\u0151l elef\u00e1ntcsontfeh\u00e9rig<br \/>\nGy\u00fcm\u00f6lcs megjelen\u00e9se Kerek, sima fel\u00fclet\u0171, kb. 2 x 5 cm<br \/>\n\u00c9rlel\u00e9si id\u0151 100-120 nap<br \/>\nSz\u00e1rmaz\u00e1si hely Mexik\u00f3<\/p>\n<p>A csomag 10 szem magot tartalmaz<\/p>\n<p>&nbsp;<\/p>\n","protected":false},"featured_media":36125,"comment_status":"closed","ping_status":"closed","template":"","meta":[],"product_brand":[],"product_cat":[8],"product_tag":[],"class_list":{"0":"post-36124","1":"product","2":"type-product","3":"status-publish","4":"has-post-thumbnail","6":"product_cat-paprika","8":"first","9":"instock","10":"taxable","11":"shipping-taxable","12":"purchasable","13":"product-type-simple"},"_links":{"self":[{"href":"https:\/\/chilimag.hu\/webshop\/wp-json\/wp\/v2\/product\/36124","targetHints":{"allow":["GET"]}}],"collection":[{"href":"https:\/\/chilimag.hu\/webshop\/wp-json\/wp\/v2\/product"}],"about":[{"href":"https:\/\/chilimag.hu\/webshop\/wp-json\/wp\/v2\/types\/product"}],"replies":[{"embeddable":true,"href":"https:\/\/chilimag.hu\/webshop\/wp-json\/wp\/v2\/comments?post=36124"}],"wp:featuredmedia":[{"embeddable":true,"href":"https:\/\/chilimag.hu\/webshop\/wp-json\/wp\/v2\/media\/36125"}],"wp:attachment":[{"href":"https:\/\/chilimag.hu\/webshop\/wp-json\/wp\/v2\/media?parent=36124"}],"wp:term":[{"taxonomy":"product_brand","embeddable":true,"href":"https:\/\/chilimag.hu\/webshop\/wp-json\/wp\/v2\/product_brand?post=36124"},{"taxonomy":"product_cat","embeddable":true,"href":"https:\/\/chilimag.hu\/webshop\/wp-json\/wp\/v2\/product_cat?post=36124"},{"taxonomy":"product_tag","embeddable":true,"href":"https:\/\/chilimag.hu\/webshop\/wp-json\/wp\/v2\/product_tag?post=36124"}],"curies":[{"name":"wp","href":"https:\/\/api.w.org\/{rel}","templated":true}]}}