{"id":36109,"date":"2025-02-28T18:58:36","date_gmt":"2025-02-28T18:58:36","guid":{"rendered":"https:\/\/chilimag.hu\/webshop\/?post_type=product&#038;p=36109"},"modified":"2026-03-06T07:26:08","modified_gmt":"2026-03-06T07:26:08","slug":"frigitello-s-ch","status":"publish","type":"product","link":"https:\/\/chilimag.hu\/webshop\/termek\/frigitello-s-ch\/","title":{"rendered":"Frigitello"},"content":{"rendered":"","protected":false},"excerpt":{"rendered":"<p><img decoding=\"async\" src=\"https:\/\/chilimag.hu\/webshop\/wp-content\/uploads\/2014\/11\/chilimag-logo-2-150x150.jpg\" \/><\/p>\n<p>Le\u00edr\u00e1s<\/p>\n<p>A Frigitello enyhe, hegyes olasz chili paprika, amelyet hagyom\u00e1nyosan D\u00e9l-Olaszorsz\u00e1gban termesztenek. A n\u00e9v az olasz \u201efriggere\u201d sz\u00f3b\u00f3l sz\u00e1rmazik, ami \u201es\u00fctni\u201d jelent. \u00c9s bizony rengeteg d\u00e9l-olaszorsz\u00e1gi recept l\u00e9tezik s\u00fclt vagy s\u00fclt friggitelli felhaszn\u00e1l\u00e1s\u00e1val.<\/p>\n<p>A n\u00f6v\u00e9nyek k\u00f6zepes m\u00e9ret\u0171re n\u0151nek, \u00e9s k\u00f6r\u00fclbel\u00fcl 12 cm hossz\u00fa gy\u00fcm\u00f6lcs\u00f6ket hoznak, amelyek kezdetben intenz\u00edv z\u00f6ld sz\u00edn\u0171ek. Olaszorsz\u00e1gban \u00e1ltal\u00e1ban betakar\u00edtj\u00e1k \u00e9s akkor fogyasztj\u00e1k, amikor m\u00e9g z\u00f6ldek. Ha azonban hagyja, hogy a paprika tov\u00e1bb n\u00f6vekedjen, intenz\u00edv pirosra \u00e9rik. A friggitelli meglehet\u0151sen enyhe, nyersen fogyasztva k\u00f6zepes h\u0151t fejleszt, \u00e9s viszonylag v\u00e9kony a k\u00fcls\u0151 fala. Lehet grillezni, f\u0151zni, s\u00fctni vagy p\u00e1colni, de f\u0151z\u00e9s n\u00e9lk\u00fcl is fogyaszthatjuk sal\u00e1t\u00e1k vagy sals\u00e1k friss alapanyagak\u00e9nt.<\/p>\n<p>Gondoz\u00e1sa: A cs\u00edr\u00e1z\u00e1si h\u0151m\u00e9rs\u00e9klet 20\u00b0C \u00e9s 28\u00b0C k\u00f6z\u00f6tt van (cs\u00edr\u00e1z\u00e1si id\u0151: 7-18 nap); ez\u00e9rt \u00fcvegh\u00e1z \u00e9s f\u0171t\u0151sz\u0151nyeg haszn\u00e1lata javasolt. A n\u00f6v\u00e9nyeknek friss, j\u00f3l tr\u00e1gy\u00e1zott v\u00edz\u00e1tereszt\u0151 talajra van sz\u00fcks\u00e9g\u00fck, \u00e9s nem szabad \u00e1ll\u00f3v\u00edzben hagyni. Napos, v\u00e9dett helyre kell helyezni, ahol legal\u00e1bb napi 6 \u00f3ra napf\u00e9ny \u00e9ri, ha nem t\u00f6bb. \u00dcgyeljen arra, hogy a Frigitello chilipaprik\u00e1t napos helyre tegye, amikor a szabadba \u00fclteti. T\u00e9len tart\u00e1suk \u00e9rdek\u00e9ben a betakar\u00edt\u00e1s ut\u00e1n v\u00e1gja vissza 20 cm-rel, \u00e9s tegye cser\u00e9pbe, vil\u00e1gos helyre, ahol legal\u00e1bb 15\u00b0C h\u0151m\u00e9rs\u00e9klet\u0171.<\/p>\n<p>Capsicum annuum t\u00edpus<br \/>\nF\u0171szerszint 0<br \/>\nScoville 0 &#8211; 500 SHU<br \/>\nOptim\u00e1lis cs\u00edr\u00e1z\u00e1si h\u0151m\u00e9rs\u00e9klet 20 &#8211; 28 \u00b0C<br \/>\nVet\u00e9s febru\u00e1r &#8211; \u00e1pr<br \/>\nFeh\u00e9r vir\u00e1gok (m\u00e1jus-augusztus)<br \/>\nN\u00f6veked\u00e9si szok\u00e1sa Cserjeszer\u0171, 80-150 cm magas<br \/>\n\u00c9rlel\u00e9s Z\u00f6ldt\u0151l v\u00f6r\u00f6sig<br \/>\nGy\u00fcm\u00f6lcs megjelen\u00e9se Hegyes, nagy paprika, kb. 3 x 12 cm<br \/>\n\u00c9rlel\u00e9si id\u0151 50-80 nap<br \/>\nSz\u00e1rmaz\u00e1si hely Olaszorsz\u00e1g<\/p>\n<p>A csomag 10 szem magot tartalmaz<\/p>\n<p>&nbsp;<\/p>\n<p>&nbsp;<\/p>\n","protected":false},"featured_media":36110,"comment_status":"closed","ping_status":"closed","template":"","meta":[],"product_brand":[],"product_cat":[8],"product_tag":[],"class_list":{"0":"post-36109","1":"product","2":"type-product","3":"status-publish","4":"has-post-thumbnail","6":"product_cat-paprika","8":"first","9":"instock","10":"taxable","11":"shipping-taxable","12":"purchasable","13":"product-type-simple"},"_links":{"self":[{"href":"https:\/\/chilimag.hu\/webshop\/wp-json\/wp\/v2\/product\/36109","targetHints":{"allow":["GET"]}}],"collection":[{"href":"https:\/\/chilimag.hu\/webshop\/wp-json\/wp\/v2\/product"}],"about":[{"href":"https:\/\/chilimag.hu\/webshop\/wp-json\/wp\/v2\/types\/product"}],"replies":[{"embeddable":true,"href":"https:\/\/chilimag.hu\/webshop\/wp-json\/wp\/v2\/comments?post=36109"}],"wp:featuredmedia":[{"embeddable":true,"href":"https:\/\/chilimag.hu\/webshop\/wp-json\/wp\/v2\/media\/36110"}],"wp:attachment":[{"href":"https:\/\/chilimag.hu\/webshop\/wp-json\/wp\/v2\/media?parent=36109"}],"wp:term":[{"taxonomy":"product_brand","embeddable":true,"href":"https:\/\/chilimag.hu\/webshop\/wp-json\/wp\/v2\/product_brand?post=36109"},{"taxonomy":"product_cat","embeddable":true,"href":"https:\/\/chilimag.hu\/webshop\/wp-json\/wp\/v2\/product_cat?post=36109"},{"taxonomy":"product_tag","embeddable":true,"href":"https:\/\/chilimag.hu\/webshop\/wp-json\/wp\/v2\/product_tag?post=36109"}],"curies":[{"name":"wp","href":"https:\/\/api.w.org\/{rel}","templated":true}]}}