{"id":36094,"date":"2025-02-27T18:38:02","date_gmt":"2025-02-27T18:38:02","guid":{"rendered":"https:\/\/chilimag.hu\/webshop\/?post_type=product&#038;p=36094"},"modified":"2026-02-25T18:41:35","modified_gmt":"2026-02-25T18:41:35","slug":"dundicut-s-ch","status":"publish","type":"product","link":"https:\/\/chilimag.hu\/webshop\/termek\/dundicut-s-ch\/","title":{"rendered":"Dundicut"},"content":{"rendered":"","protected":false},"excerpt":{"rendered":"<p><img decoding=\"async\" src=\"https:\/\/chilimag.hu\/webshop\/wp-content\/uploads\/2014\/11\/chilimag-logo-2-150x150.jpg\" \/><\/p>\n<p>&nbsp;<\/p>\n<p>Le\u00edr\u00e1s<\/p>\n<p>A Dundicut Chili egy ritk\u00e1n k\u00edn\u00e1lt (Eur\u00f3p\u00e1ban) pakiszt\u00e1ni fajta, amelyet gyakran haszn\u00e1lnak a pakiszt\u00e1ni konyh\u00e1ban. A bokros n\u00f6v\u00e9nyeken sz\u00e1mos rendk\u00edv\u00fcl \u00edzes, nagyon f\u0171szeres csepp alak\u00fa (kb. 2 x 3 cm nagys\u00e1g\u00fa) gy\u00fcm\u00f6lcs n\u0151. \u00c9rve m\u00e9ly rubinv\u00f6r\u00f6s sz\u00edn\u0171 \u00e9s gy\u00fcm\u00f6lcs\u00f6s \u00edz\u0171ek. A chili f\u0151z\u00e9sre, p\u00e1col\u00e1sra, t\u00f6ltel\u00e9kre \u00e9s sz\u00e1r\u00edt\u00e1sra alkalmas.<\/p>\n<p>Gondoz\u00e1sa: A cs\u00edr\u00e1z\u00e1si h\u0151m\u00e9rs\u00e9klet 22 \u00e9s 28\u00b0C k\u00f6z\u00f6tt van (8-21 napos cs\u00edr\u00e1z\u00e1si id\u0151szak), ez\u00e9rt \u00fcvegh\u00e1z \u00e9s f\u0171t\u0151sz\u0151nyeg haszn\u00e1lata javasolt. A n\u00f6v\u00e9nyeknek friss, j\u00f3l tr\u00e1gy\u00e1zott, v\u00edz\u00e1tereszt\u0151 talajra van sz\u00fcks\u00e9g\u00fck, nem t\u0171rik a bevizesed\u00e9st. Napos, v\u00e9dett helyre \u00fcltess\u00fck, ahol legal\u00e1bb 6 \u00f3ra \u2013 lehet\u0151leg t\u00f6bb \u2013 napf\u00e9ny \u00e9ri. Tedd ki a n\u00f6v\u00e9nyeket kb. 2-3 h\u00e9ttel az utols\u00f3 fagy ut\u00e1n.<\/p>\n<p>T\u00edpus: Capsicum chinense<br \/>\nF\u0171szeress\u00e9gi fokozat 8<br \/>\nScoville 30 000 &#8211; 50 000 SHU<br \/>\noptim\u00e1lis cs\u00edr\u00e1z\u00e1si h\u0151m\u00e9rs\u00e9klet 22 &#8211; 28 \u00b0C<br \/>\nVet\u00e9s jan. &#8211; \u00e1pr.<br \/>\nVir\u00e1gok feh\u00e9rek (m\u00e1jus-j\u00falius)<br \/>\nN\u00f6v\u00e9nyn\u00f6veked\u00e9si szok\u00e1s bokros, kb. 85 cm magas<br \/>\nZ\u00f6ldr\u0151l pirosra \u00e9rik<br \/>\nGy\u00fcm\u00f6lcs megjelen\u00e9se csepp alak\u00fa, f\u00fcgg\u0151leges, kb. 2 x 3 cm<br \/>\n\u00c9r\u00e9si id\u0151 90 nap<br \/>\nSz\u00e1rmaz\u00e1si hely Pakiszt\u00e1n<\/p>\n<p>A csomag 10 szem magot tartalmaz<\/p>\n<p>&nbsp;<\/p>\n","protected":false},"featured_media":36095,"comment_status":"closed","ping_status":"closed","template":"","meta":[],"product_brand":[],"product_cat":[8],"product_tag":[],"class_list":{"0":"post-36094","1":"product","2":"type-product","3":"status-publish","4":"has-post-thumbnail","6":"product_cat-paprika","8":"first","9":"instock","10":"taxable","11":"shipping-taxable","12":"purchasable","13":"product-type-simple"},"_links":{"self":[{"href":"https:\/\/chilimag.hu\/webshop\/wp-json\/wp\/v2\/product\/36094","targetHints":{"allow":["GET"]}}],"collection":[{"href":"https:\/\/chilimag.hu\/webshop\/wp-json\/wp\/v2\/product"}],"about":[{"href":"https:\/\/chilimag.hu\/webshop\/wp-json\/wp\/v2\/types\/product"}],"replies":[{"embeddable":true,"href":"https:\/\/chilimag.hu\/webshop\/wp-json\/wp\/v2\/comments?post=36094"}],"wp:featuredmedia":[{"embeddable":true,"href":"https:\/\/chilimag.hu\/webshop\/wp-json\/wp\/v2\/media\/36095"}],"wp:attachment":[{"href":"https:\/\/chilimag.hu\/webshop\/wp-json\/wp\/v2\/media?parent=36094"}],"wp:term":[{"taxonomy":"product_brand","embeddable":true,"href":"https:\/\/chilimag.hu\/webshop\/wp-json\/wp\/v2\/product_brand?post=36094"},{"taxonomy":"product_cat","embeddable":true,"href":"https:\/\/chilimag.hu\/webshop\/wp-json\/wp\/v2\/product_cat?post=36094"},{"taxonomy":"product_tag","embeddable":true,"href":"https:\/\/chilimag.hu\/webshop\/wp-json\/wp\/v2\/product_tag?post=36094"}],"curies":[{"name":"wp","href":"https:\/\/api.w.org\/{rel}","templated":true}]}}