{"id":36092,"date":"2025-02-27T18:32:16","date_gmt":"2025-02-27T18:32:16","guid":{"rendered":"https:\/\/chilimag.hu\/webshop\/?post_type=product&#038;p=36092"},"modified":"2026-02-17T09:06:49","modified_gmt":"2026-02-17T09:06:49","slug":"costeno-amarillo-s-ch","status":"publish","type":"product","link":"https:\/\/chilimag.hu\/webshop\/termek\/costeno-amarillo-s-ch\/","title":{"rendered":"Costeno Amarillo"},"content":{"rendered":"","protected":false},"excerpt":{"rendered":"<p><img decoding=\"async\" src=\"https:\/\/chilimag.hu\/webshop\/wp-content\/uploads\/2014\/11\/chilimag-logo-2-150x150.jpg\" \/><\/p>\n<p>Le\u00edr\u00e1s<\/p>\n<p>A Costeno Amarillo Chili a mexik\u00f3i Oaxaca r\u00e9gi\u00f3b\u00f3l sz\u00e1rmazik, \u00e9s ott hagyom\u00e1nyosan a Vakondsz\u00f3sz s\u00e1rga sz\u00ednez\u00e9s\u00e9re haszn\u00e1lj\u00e1k. A n\u00f6v\u00e9nyek bokrosak, ak\u00e1r egy m\u00e9ter magasra is megn\u0151hetnek, \u00e9s j\u00f3 term\u0151k\u00e9pess\u00e9g\u0171ek. Az \u0151 kb. A 2 x 7 cm-es term\u00e9sek telt s\u00e1rg\u00e1s-narancss\u00e1rga sz\u00edn\u0171re \u00e9rnek, enyhe f\u0171szeresek, v\u00e9kony fal\u00faak.<\/p>\n<p>A Costeno Amarillo Chili egy kiv\u00e1l\u00f3 fajta, amely finom citrom \u00edz\u0171, ez\u00e9rt ak\u00e1r friss fogyaszt\u00e1sra, ak\u00e1r sal\u00e1t\u00e1k kieg\u00e9sz\u00edt\u00e9s\u00e9re kiv\u00e1l\u00f3. V\u00e9kony fal\u00e1nak k\u00f6sz\u00f6nhet\u0151en a chili nagyon k\u00f6nnyen sz\u00e1r\u00edthat\u00f3.<\/p>\n<p>\u00c1pol\u00e1s: A cs\u00edr\u00e1z\u00e1si h\u0151m\u00e9rs\u00e9klet 20 \u00e9s 28\u00b0C k\u00f6z\u00f6tt van (10-21 napos cs\u00edr\u00e1z\u00e1si id\u0151szak), ez\u00e9rt \u00fcvegh\u00e1z \u00e9s meleg\u00edt\u0151p\u00e1rna haszn\u00e1lata javasolt. A n\u00f6v\u00e9nyeknek friss, j\u00f3l tr\u00e1gy\u00e1zott, v\u00edz\u00e1tereszt\u0151 talajra van sz\u00fcks\u00e9g\u00fck, nem t\u0171rik a bevizesed\u00e9st. Napos, v\u00e9dett helyre \u00fcltess\u00fck, ahol legal\u00e1bb 6 \u00f3ra \u2013 lehet\u0151leg t\u00f6bb \u2013 napf\u00e9ny \u00e9ri. Tedd ki a n\u00f6v\u00e9nyeket kb. 2-3 h\u00e9ttel az utols\u00f3 fagy ut\u00e1n.<\/p>\n<p>Capsicum annuum<br \/>\nF\u0171szeress\u00e9gi szint 4<br \/>\nScoville 1.500 &#8211; 2.500 SHU<br \/>\noptim\u00e1lis cs\u00edr\u00e1z\u00e1si h\u0151m\u00e9rs\u00e9klet 20 &#8211; 28 \u00b0C<br \/>\nVet\u00e9s febru\u00e1r &#8211; \u00e1pr.<br \/>\nVir\u00e1gok feh\u00e9rek (m\u00e1jus-j\u00falius)<br \/>\nN\u00f6v\u00e9nyn\u00f6veked\u00e9si szok\u00e1s bokros, kb. 90-100 cm magas<br \/>\nZ\u00f6ldt\u0151l s\u00e1rg\u00e1s-narancss\u00e1rg\u00e1ig \u00e9rik<br \/>\nGy\u00fcm\u00f6lcs megjelen\u00e9se hossz\u00fa paprika, kb. 2 x 7 cm<br \/>\n\u00c9r\u00e9si id\u0151 70-80 nap<br \/>\nSz\u00e1rmaz\u00e1si hely Mexik\u00f3<\/p>\n<p>A csomag 10 szem magot tartalmaz<\/p>\n<p>&nbsp;<\/p>\n","protected":false},"featured_media":36093,"comment_status":"closed","ping_status":"closed","template":"","meta":[],"product_brand":[],"product_cat":[8],"product_tag":[],"class_list":{"0":"post-36092","1":"product","2":"type-product","3":"status-publish","4":"has-post-thumbnail","6":"product_cat-paprika","8":"first","9":"instock","10":"taxable","11":"shipping-taxable","12":"purchasable","13":"product-type-simple"},"_links":{"self":[{"href":"https:\/\/chilimag.hu\/webshop\/wp-json\/wp\/v2\/product\/36092","targetHints":{"allow":["GET"]}}],"collection":[{"href":"https:\/\/chilimag.hu\/webshop\/wp-json\/wp\/v2\/product"}],"about":[{"href":"https:\/\/chilimag.hu\/webshop\/wp-json\/wp\/v2\/types\/product"}],"replies":[{"embeddable":true,"href":"https:\/\/chilimag.hu\/webshop\/wp-json\/wp\/v2\/comments?post=36092"}],"wp:featuredmedia":[{"embeddable":true,"href":"https:\/\/chilimag.hu\/webshop\/wp-json\/wp\/v2\/media\/36093"}],"wp:attachment":[{"href":"https:\/\/chilimag.hu\/webshop\/wp-json\/wp\/v2\/media?parent=36092"}],"wp:term":[{"taxonomy":"product_brand","embeddable":true,"href":"https:\/\/chilimag.hu\/webshop\/wp-json\/wp\/v2\/product_brand?post=36092"},{"taxonomy":"product_cat","embeddable":true,"href":"https:\/\/chilimag.hu\/webshop\/wp-json\/wp\/v2\/product_cat?post=36092"},{"taxonomy":"product_tag","embeddable":true,"href":"https:\/\/chilimag.hu\/webshop\/wp-json\/wp\/v2\/product_tag?post=36092"}],"curies":[{"name":"wp","href":"https:\/\/api.w.org\/{rel}","templated":true}]}}