{"id":36046,"date":"2025-02-25T19:53:41","date_gmt":"2025-02-25T19:53:41","guid":{"rendered":"https:\/\/chilimag.hu\/webshop\/?post_type=product&#038;p=36046"},"modified":"2026-03-29T13:02:30","modified_gmt":"2026-03-29T13:02:30","slug":"aji-de-jardin-s-ch","status":"publish","type":"product","link":"https:\/\/chilimag.hu\/webshop\/termek\/aji-de-jardin-s-ch\/","title":{"rendered":"Aji de Jardin"},"content":{"rendered":"","protected":false},"excerpt":{"rendered":"<p><img decoding=\"async\" src=\"https:\/\/chilimag.hu\/webshop\/wp-content\/uploads\/2014\/11\/chilimag-logo-2-150x150.jpg\" \/><\/p>\n<p>Le\u00edr\u00e1s<\/p>\n<p>Az Aji de Jardin Chili egy gy\u00f6ny\u00f6r\u0171 kubai fajta, nagyon magas d\u00edsz\u00edt\u0151\u00e9rt\u00e9kkel \u00e9s rendk\u00edv\u00fcl magas hozam\u00fa. Csepp alak\u00fa term\u00e9sei \u2013 \u00e9retts\u00e9gi fokukt\u00f3l f\u00fcgg\u0151en ibolya, narancs \u00e9s piros sz\u00ednben \u2013 k\u00fcl\u00f6nb\u00f6z\u0151 sz\u00ednekben \u00e9l\u00e9nk\u00edtik a n\u00f6v\u00e9nyt, \u00e9s minden kertben szemet gy\u00f6ny\u00f6rk\u00f6dtet\u0151ek. A chili nem csak r\u00e1n\u00e9z\u00e9sre sz\u00e9p &#8211; k\u00f6zepes f\u0171szeress\u00e9ge miatt sok \u00e9tel f\u0171szerez\u00e9s\u00e9re alkalmas, \u00e9s sz\u00e1r\u00edt\u00e1sra is alkalmas.<\/p>\n<p>Gondoz\u00e1sa: A cs\u00edr\u00e1z\u00e1si h\u0151m\u00e9rs\u00e9klet 22 \u00e9s 28\u00b0C k\u00f6z\u00f6tt van (8-21 napos cs\u00edr\u00e1z\u00e1si peri\u00f3dus), ez\u00e9rt egyeztet\u0151h\u00e1z \u00e9s f\u0171t\u0151sz\u0151nyeg haszn\u00e1lata javasolt. A n\u00f6v\u00e9nyeknek friss, j\u00f3l tr\u00e1gy\u00e1zott, v\u00edz\u00e1tereszt\u0151 talajra van sz\u00fcks\u00e9g\u00fck, nem t\u0171rik a bevizesed\u00e9st. Napos, v\u00e9dett helyre \u00fcltess\u00fck, ahol legal\u00e1bb 6 \u00f3ra \u2013 lehet\u0151leg t\u00f6bb \u2013 napf\u00e9ny \u00e9ri. Tedd ki a n\u00f6v\u00e9nyeket kb. 2-3 h\u00e9ttel az utols\u00f3 fagy ut\u00e1n.<\/p>\n<p>Capsicum annuum t\u00edpus<br \/>\nF\u0171szeress\u00e9gi fokozat 6-7<br \/>\nScoville 10.000 &#8211; 20.000 SHU<br \/>\noptim\u00e1lis cs\u00edr\u00e1z\u00e1si h\u0151m\u00e9rs\u00e9klet 22 &#8211; 28 \u00b0C<br \/>\nVet\u00e9s jan. &#8211; \u00e1pr.<br \/>\nVir\u00e1gok feh\u00e9rek (m\u00e1jus-j\u00falius)<br \/>\nN\u00f6v\u00e9nyn\u00f6veked\u00e9si szok\u00e1s bokros, kb. 75-90 cm magas<br \/>\n\u00c9r\u00e9si ibolya narancss\u00e1rga \/ v\u00f6r\u00f6s<br \/>\nGy\u00fcm\u00f6lcs megjelen\u00e9se hossz\u00fa, csepp alak\u00fa, kb. 2 x 3 cm<br \/>\n\u00c9r\u00e9si id\u0151 80-90 nap<br \/>\nSz\u00e1rmaz\u00e1si hely Kuba<\/p>\n<p>A csomag 10 szem magot tartalmaz<\/p>\n<p>&nbsp;<\/p>\n","protected":false},"featured_media":36048,"comment_status":"closed","ping_status":"closed","template":"","meta":[],"product_brand":[],"product_cat":[8],"product_tag":[],"class_list":{"0":"post-36046","1":"product","2":"type-product","3":"status-publish","4":"has-post-thumbnail","6":"product_cat-paprika","8":"first","9":"instock","10":"taxable","11":"shipping-taxable","12":"purchasable","13":"product-type-simple"},"_links":{"self":[{"href":"https:\/\/chilimag.hu\/webshop\/wp-json\/wp\/v2\/product\/36046","targetHints":{"allow":["GET"]}}],"collection":[{"href":"https:\/\/chilimag.hu\/webshop\/wp-json\/wp\/v2\/product"}],"about":[{"href":"https:\/\/chilimag.hu\/webshop\/wp-json\/wp\/v2\/types\/product"}],"replies":[{"embeddable":true,"href":"https:\/\/chilimag.hu\/webshop\/wp-json\/wp\/v2\/comments?post=36046"}],"wp:featuredmedia":[{"embeddable":true,"href":"https:\/\/chilimag.hu\/webshop\/wp-json\/wp\/v2\/media\/36048"}],"wp:attachment":[{"href":"https:\/\/chilimag.hu\/webshop\/wp-json\/wp\/v2\/media?parent=36046"}],"wp:term":[{"taxonomy":"product_brand","embeddable":true,"href":"https:\/\/chilimag.hu\/webshop\/wp-json\/wp\/v2\/product_brand?post=36046"},{"taxonomy":"product_cat","embeddable":true,"href":"https:\/\/chilimag.hu\/webshop\/wp-json\/wp\/v2\/product_cat?post=36046"},{"taxonomy":"product_tag","embeddable":true,"href":"https:\/\/chilimag.hu\/webshop\/wp-json\/wp\/v2\/product_tag?post=36046"}],"curies":[{"name":"wp","href":"https:\/\/api.w.org\/{rel}","templated":true}]}}