{"id":36044,"date":"2025-02-25T19:35:47","date_gmt":"2025-02-25T19:35:47","guid":{"rendered":"https:\/\/chilimag.hu\/webshop\/?post_type=product&#038;p=36044"},"modified":"2026-03-18T19:24:45","modified_gmt":"2026-03-18T19:24:45","slug":"super-mario-s-ch","status":"publish","type":"product","link":"https:\/\/chilimag.hu\/webshop\/termek\/super-mario-s-ch\/","title":{"rendered":"Super Mario"},"content":{"rendered":"","protected":false},"excerpt":{"rendered":"<p><img decoding=\"async\" src=\"https:\/\/chilimag.hu\/webshop\/wp-content\/uploads\/2014\/11\/chilimag-logo-2-150x150.jpg\" \/><\/p>\n<p>Le\u00edr\u00e1s<\/p>\n<p>A Super Mario Chilli egy fajta, amelyet Mario bar\u00e1tunk teny\u00e9sztett Szard\u00edni\u00e1n. A fajta k\u00f6zepes m\u00e9ret\u0171, nagyon term\u0151 n\u00f6v\u00e9nyeket hoz, hossz\u00fak\u00e1s, kb. 8 cm-es, lil\u00e1t\u00f3l v\u00f6r\u00f6sig \u00e9r\u0151 h\u00fcvely. A chili a Cayenne-hez hasonl\u00edt, de l\u00e9d\u00fasabb \u00e9s enyh\u00e9n gy\u00fcm\u00f6lcs\u00f6s \u00edz\u0171, tisztess\u00e9ges t\u00fczes h\u0151vel. Alkalmasak f\u0171szerez\u00e9sre, f\u0151z\u00e9sre, sz\u00e1r\u00edt\u00e1sra, p\u00e1col\u00e1sra \u00e9s Forr\u00f3 sz\u00f3szok k\u00e9sz\u00edt\u00e9s\u00e9re.<\/p>\n<p>Gondoz\u00e1s: A cs\u00edr\u00e1z\u00e1si h\u0151m\u00e9rs\u00e9klet 22\u00b0C \u00e9s 28\u00b0C k\u00f6z\u00f6tt van (cs\u00edr\u00e1z\u00e1si id\u0151: 8-21 nap); ez\u00e9rt \u00fcvegh\u00e1z \u00e9s f\u0171t\u0151sz\u0151nyeg haszn\u00e1lata javasolt. A n\u00f6v\u00e9nyeknek friss, j\u00f3l tr\u00e1gy\u00e1zott, v\u00edz\u00e1tereszt\u0151 talajra van sz\u00fcks\u00e9g\u00fck, nem t\u0171rik a bevizesed\u00e9st. Napos, v\u00e9dett helyre kell \u00fcltetni, ahol legal\u00e1bb 6 \u00f3ra napf\u00e9ny \u2013 lehet\u0151leg t\u00f6bb. Tedd ki a n\u00f6v\u00e9nyeket kb. 2-3 h\u00e9ttel az utols\u00f3 fagy ut\u00e1n. Ahhoz, hogy a n\u00f6v\u00e9nyt t\u00e9len is meg\u0151rizze, betakar\u00edt\u00e1s ut\u00e1n v\u00e1gja vissza 20 cm-rel, \u00e9s tegye vil\u00e1gos helyre, ahol legal\u00e1bb 15\u00b0C h\u0151m\u00e9rs\u00e9klet\u0171<\/p>\n<p>Capsicum annuum t\u00edpus<\/p>\n<p>F\u0171szerszint 6-7<br \/>\nScoville 15.000 SHU<br \/>\nOptim\u00e1lis cs\u00edr\u00e1z\u00e1si h\u0151m\u00e9rs\u00e9klet 22 &#8211; 28 \u00b0C<br \/>\nVet\u00e9s jan-\u00e1pr<br \/>\nVir\u00e1gok feh\u00e9rek (m\u00e1jus-j\u00falius)<br \/>\nN\u00f6veked\u00e9si szok\u00e1s bokros, kb. 80 cm magas<br \/>\n\u00c9rlel\u00e9s z\u00f6ldt\u0151l lil\u00e1ig a v\u00f6r\u00f6sig<br \/>\nA gy\u00fcm\u00f6lcs megjelen\u00e9se megny\u00falt, kb. 8 cm hossz\u00fa<br \/>\n\u00c9rlel\u00e9si id\u0151 80-90 nap<br \/>\nSz\u00e1rmaz\u00e1si hely Olaszorsz\u00e1g, Szard\u00ednia<\/p>\n<p>A csomag 10 szem magot tartalmaz<\/p>\n<p>&nbsp;<\/p>\n","protected":false},"featured_media":36045,"comment_status":"closed","ping_status":"closed","template":"","meta":[],"product_brand":[],"product_cat":[8],"product_tag":[],"class_list":{"0":"post-36044","1":"product","2":"type-product","3":"status-publish","4":"has-post-thumbnail","6":"product_cat-paprika","8":"first","9":"instock","10":"taxable","11":"shipping-taxable","12":"purchasable","13":"product-type-simple"},"_links":{"self":[{"href":"https:\/\/chilimag.hu\/webshop\/wp-json\/wp\/v2\/product\/36044","targetHints":{"allow":["GET"]}}],"collection":[{"href":"https:\/\/chilimag.hu\/webshop\/wp-json\/wp\/v2\/product"}],"about":[{"href":"https:\/\/chilimag.hu\/webshop\/wp-json\/wp\/v2\/types\/product"}],"replies":[{"embeddable":true,"href":"https:\/\/chilimag.hu\/webshop\/wp-json\/wp\/v2\/comments?post=36044"}],"wp:featuredmedia":[{"embeddable":true,"href":"https:\/\/chilimag.hu\/webshop\/wp-json\/wp\/v2\/media\/36045"}],"wp:attachment":[{"href":"https:\/\/chilimag.hu\/webshop\/wp-json\/wp\/v2\/media?parent=36044"}],"wp:term":[{"taxonomy":"product_brand","embeddable":true,"href":"https:\/\/chilimag.hu\/webshop\/wp-json\/wp\/v2\/product_brand?post=36044"},{"taxonomy":"product_cat","embeddable":true,"href":"https:\/\/chilimag.hu\/webshop\/wp-json\/wp\/v2\/product_cat?post=36044"},{"taxonomy":"product_tag","embeddable":true,"href":"https:\/\/chilimag.hu\/webshop\/wp-json\/wp\/v2\/product_tag?post=36044"}],"curies":[{"name":"wp","href":"https:\/\/api.w.org\/{rel}","templated":true}]}}